{"id":3794,"date":"2025-04-02T10:47:54","date_gmt":"2025-04-02T13:47:54","guid":{"rendered":"http:\/\/ijfc.org.br\/?page_id=3794"},"modified":"2025-07-16T14:26:51","modified_gmt":"2025-07-16T17:26:51","slug":"primeirospassos","status":"publish","type":"page","link":"https:\/\/ijfc.org.br\/index.php\/primeirospassos\/","title":{"rendered":"Os Primeiros"},"content":{"rendered":"<p>[vc_row][vc_column width=&#8221;1\/6&#8243;][\/vc_column][vc_column width=&#8221;2\/3&#8243;][vc_column_text]<\/p>\n<div id=\"comp-is158s6c\" class=\"txtNew\" data-packed=\"true\">\n<p class=\"font_2\" style=\"text-align: justify;\"><strong>Os primeiros trabalhos<\/strong><\/p>\n<\/div>\n<div id=\"comp-is158s6d\" class=\"txtNew\" style=\"text-align: justify;\" data-packed=\"true\">\n<p>Os primeiros trabalhos foram realizados a partir das sugest\u00f5es provenientes dos encontros entre o IJFC e as lideran\u00e7as locais atrav\u00e9s do Comit\u00ea Comunit\u00e1rio da Cidade de Deus e depois com gest\u00e3o do Instituto.<\/p>\n<\/div>\n<p style=\"text-align: justify;\"><strong>Sa\u00fade Ocular<\/strong><\/p>\n<p style=\"text-align: justify;\">Os primeiro projetos oculares foram desenvolvidos entre 2005 e 2007, por meio de parceria com o Instituto Helen Keller e o Instituto Benjamin Constant. Foram realizados exames\u00a0oculares e para\u00a0\u00a0 preven\u00e7\u00e3o \u00e0 cegueira em 6.450 crian\u00e7as das escolas municipais da Cidade de Deus e em 130 adultos dos cursos de alfabetiza\u00e7\u00e3o de adultos, com distribui\u00e7\u00e3o de 330 pares de \u00f3culos e o\u00a0encaminhamento para especialistas de 20 pessoas portadoras de doen\u00e7as que demandavam cirurgia. O projeto teve tanto sucesso, que continuou mesmo depois do fechamento do instituto Helen Keller, renovando a clientela e ampliando o alcance, com a constante parceria do Instituto Benjamin Constant. * Em execu\u00e7\u00e3o<\/p>\n<p style=\"text-align: justify;\"><strong>Cursos T\u00e9cnicos \u2013 Auxiliar de Enfermagem e Auxiliar de Consult\u00f3rio Dent\u00e1rio<\/strong><\/p>\n<p style=\"text-align: justify;\">Por meio de parceria com a Escola de Forma\u00e7\u00e3o T\u00e9cnica de Sa\u00fade Izabel dos Santos (ETIS), em 2005,\u00a0foram implementados dois cursos t\u00e9cnicos na comunidade Cidade de Deus, sendo um de Auxiliar de Enfermagem e outro de Auxiliar de\u00a0Consult\u00f3rio Dent\u00e1rio.<\/p>\n<p style=\"text-align: justify;\">A Escola ETIS forneceu material did\u00e1tico, promoveu a sele\u00e7\u00e3o dos alunos, treinou professores que ministraram as aulas te\u00f3ricas no per\u00edodo noturno em local selecionado pelo Instituto em escolas da comunidade. Os est\u00e1gios supervisionados foram realizados em Hospitais da regi\u00e3o e postos de sa\u00fade.<\/p>\n<p style=\"text-align: justify;\">O IJFC se encarregou do planejamento e coordena\u00e7\u00e3o do projeto, contrata\u00e7\u00e3o de inspetor noturno, alimenta\u00e7\u00e3o, transporte para os est\u00e1gios, formatura, pagamentos de faturas, relat\u00f3rios e avalia\u00e7\u00f5es.<\/p>\n<p style=\"text-align: justify;\">A FENASEG custeou o pagamento dos professores, vale transporte, camiseta e jaleco e kits de instrumentos b\u00e1sicos.<\/p>\n<p style=\"text-align: justify;\">As cerim\u00f4nias de formatura foram momentos especiais para os 154 formandos dos cinco cursos ofertados. A grande maioria conseguiu coloca\u00e7\u00e3o profissional, inclusive em hospitais e consult\u00f3rios particulares.<\/p>\n<p style=\"text-align: justify;\"><img loading=\"lazy\" decoding=\"async\" class=\"alignnone size-medium wp-image-3798\" src=\"http:\/\/ijfc.org.br\/wp-content\/uploads\/2025\/04\/Turma-Auxiliar-de-Enfermagem-300x167.png\" alt=\"\" width=\"300\" height=\"167\" srcset=\"https:\/\/ijfc.org.br\/wp-content\/uploads\/2025\/04\/Turma-Auxiliar-de-Enfermagem-300x167.png 300w, https:\/\/ijfc.org.br\/wp-content\/uploads\/2025\/04\/Turma-Auxiliar-de-Enfermagem.png 618w\" sizes=\"auto, (max-width: 300px) 100vw, 300px\" \/><\/p>\n<p style=\"text-align: justify;\">Turma Auxiliar de Enfermagem<\/p>\n<div id=\"comp-is158s6d\" class=\"txtNew\" style=\"text-align: justify;\" data-packed=\"true\">\n<div id=\"comp-is15p33x\" class=\"txtNew\" data-packed=\"true\">\n<p><strong>Creches<\/strong><\/p>\n<p>O estreito contato com a Cidade de Deus nos permitiu conhecer os CAIs (Centro de Atividades Integradas) Maria Beralda e\u00a0Odilo Costa Neto, institui\u00e7\u00f5es administradas pela FIA \u2013 Funda\u00e7\u00e3o para Inf\u00e2ncia e Adolesc\u00eancia, \u00f3rg\u00e3o vinculado \u00e0\u00a0Secretaria de Estado de Assist\u00eancia Social e Direitos Humanos, e com ela firmar parcerias.<\/p>\n<p><strong>Creche Maria Beralda<\/strong><\/p>\n<p>Em 2006 os moradores definiram como uma das prioridades\u00a0a recupera\u00e7\u00e3o da Creche Maria Beralda que, com mais de 30 anos de funcionamento, amea\u00e7ava fechar as portas e encerrar as atividades. Com capacidade para 200 crian\u00e7as, tinha pouco mais de 20, pois s\u00f3 uma sala estava em condi\u00e7\u00f5es de uso.<\/p>\n<p><img loading=\"lazy\" decoding=\"async\" class=\"alignnone wp-image-3799 size-full\" src=\"http:\/\/ijfc.org.br\/wp-content\/uploads\/2025\/04\/Creche-Maria-Beralda-.png\" alt=\"\" width=\"481\" height=\"167\" srcset=\"https:\/\/ijfc.org.br\/wp-content\/uploads\/2025\/04\/Creche-Maria-Beralda-.png 481w, https:\/\/ijfc.org.br\/wp-content\/uploads\/2025\/04\/Creche-Maria-Beralda--300x104.png 300w\" sizes=\"auto, (max-width: 481px) 100vw, 481px\" \/><\/p>\n<p>A primeira a\u00e7\u00e3o foi a reforma e reconstru\u00e7\u00e3o do pr\u00e9dio que estava em condi\u00e7\u00f5es prec\u00e1rias. A obra compreendeu a revitaliza\u00e7\u00e3o de nove salas de aula, tr\u00eas refeit\u00f3rios, cinco banheiros infantis, quatro banheiros de adultos e lact\u00e1rio. Posteriormente foram implementadas a sala de recrea\u00e7\u00e3o, sala de v\u00eddeo com equipamentos e tel\u00e3o, brinquedoteca e campinho de futebol com grama sint\u00e9tica.<\/p>\n<p>Completando a etapa de recupera\u00e7\u00e3o da creche, foi realizada a troca dos mobili\u00e1rios e reformas dos refeit\u00f3rios, da sala da administra\u00e7\u00e3o, do consult\u00f3rio m\u00e9dico e aquisi\u00e7\u00e3o de novos uniformes, materiais did\u00e1ticos e recreativos.<\/p>\n<p>Completada a fase de obras veio a etapa de contrata\u00e7\u00e3o de funcion\u00e1rios e professores para completar o quadro j\u00e1 existente. \u00a0Foi uma experi\u00eancia desafiadora, a conviv\u00eancia de pessoal atuando sob gest\u00f5es diferentes (p\u00fablica e privada) com metas aprimoradas. Foi privilegiada a contrata\u00e7\u00e3o de m\u00e3o de obra local, para gerar trabalho e renda para a comunidade, de modo que quando a creche foi reaberta 70% dos funcion\u00e1rios contratados pelo IJFC eram da Cidade de Deus.<\/p>\n<p>Em 2008, totalmente levantada do ch\u00e3o, a Maria Beralda j\u00e1 era considerada uma creche modelo, atendendo 186 crian\u00e7as assim distribu\u00eddas:<\/p>\n<p>02 ber\u00e7\u00e1rios \u2013 36 beb\u00eas<\/p>\n<p>02 salas de Maternal I \u2013 40 crian\u00e7as<\/p>\n<p>03 salas de maternal II \u2013 60 crian\u00e7as<\/p>\n<p>02 salas de pr\u00e9-escola \u2013 50 crian\u00e7as<\/p>\n<p>A primeira formatura da pr\u00e9-escola foi muito comemorada, com direito \u00e0 diploma e festa. As crian\u00e7as \u201cmais velhas\u201d deixaram a creche pr\u00e9-alfabetizadas e prontas para iniciar uma nova fase nas escolas da prefeitura.<\/p>\n<p>Em 2012 a creche passou do status de comunit\u00e1ria para municipal. Quer dizer, passou da Secretaria de Assist\u00eancia Social, para a Secretaria Municipal de Educa\u00e7\u00e3o com a denomina\u00e7\u00e3o de Espa\u00e7o de Desenvolvimento Infantil Maria Beralda. O Instituto Jo\u00e3o Ferraz de Campos acompanhou a transi\u00e7\u00e3o, cuidando para que n\u00e3o houvesse interrup\u00e7\u00e3o e transtorno para as crian\u00e7as.<\/p>\n<p><img loading=\"lazy\" decoding=\"async\" class=\"alignnone wp-image-3800 size-full\" src=\"http:\/\/ijfc.org.br\/wp-content\/uploads\/2025\/04\/Visita-prefeitura-creche-maria-beralda.png\" alt=\"\" width=\"723\" height=\"521\" srcset=\"https:\/\/ijfc.org.br\/wp-content\/uploads\/2025\/04\/Visita-prefeitura-creche-maria-beralda.png 723w, https:\/\/ijfc.org.br\/wp-content\/uploads\/2025\/04\/Visita-prefeitura-creche-maria-beralda-300x216.png 300w\" sizes=\"auto, (max-width: 723px) 100vw, 723px\" \/>Prefeitura visita a Creche Maria Beralda em mar\u00e7o de 2012<\/p>\n<p>Os professores foram progressivamente contratados pelo poder p\u00fablico, e o Instituto permaneceu presente oferecendo servi\u00e7os n\u00e3o contemplados pela prefeitura, atrav\u00e9s do PROFEC (Programa de Forma\u00e7\u00e3o Educacional Complementar), como: assist\u00eancias m\u00e9dica, farmac\u00eautica, psicol\u00f3gica e orienta\u00e7\u00e3o nutricional, educa\u00e7\u00e3o f\u00edsica e lazer sempre de acordo com a faixa et\u00e1ria do grupo e inform\u00e1tica.<\/p>\n<p><strong>CAI Odylo Costa Neto<\/strong><\/p>\n<p>O CAI Odylo Costa Neto, era entidade tamb\u00e9m gerenciada pela FIA, Funda\u00e7\u00e3o para Inf\u00e2ncia e Adolesc\u00eancia, vinculada \u00e0 Secretaria Municipal de Assist\u00eancia Social.<\/p>\n<p>Atendia crian\u00e7as da comunidade, entre 06 e 14 anos, em regime de contraturno. O espa\u00e7o era grande, mas as instala\u00e7\u00f5es prec\u00e1rias, sem condi\u00e7\u00f5es de abrigar adequadamente os alunos, que de resto n\u00e3o seguiam uma programa\u00e7\u00e3o planejada e consistente.<\/p>\n<p>Foi quando o IJFC assumiu a coordena\u00e7\u00e3o das atividades, em 2007. A proposta apresentada pelo Instituto para custear as reformas necess\u00e1rias nunca foi aprovada pela FIA, que pretendia outra finalidade para o local. E apesar dos bons resultados obtidos no decorrer dos quatro anos em que vigorou, no in\u00edcio de 2011 o projeto Odylo Costa Neto foi desativado, por falta de apoio e interesse do poder p\u00fablico respons\u00e1vel.<\/p>\n<p>Resumo das principais atividades desenvolvias de 2007 a 2010:<\/p>\n<p>Todas as iniciativas do Projeto foram norteadas pelo ECA (Estatuto da Crian\u00e7a e Adolescente) atendendo integralmente os alunos de 06 a 14 anos, promovendo a sua inclus\u00e3o social com base em princ\u00edpios pedag\u00f3gicos modernos.<\/p>\n<p>Por acreditar na a\u00e7\u00e3o educativa como forma de resgate social, o Projeto buscou trazer para dentro das salas de aula a realidade dos educandos, desenvolvendo v\u00ednculos afetivos entre a escola, educando, fam\u00edlia e comunidade, e principalmente, fortalecendo a autoconfian\u00e7a e autoestima tornando-os agentes ativos e multiplicadores de atitudes adequadas.<\/p>\n<p>N\u00famero de crian\u00e7as (de 6 a 14 anos): 160 \u2013 dois turnos de 80 crian\u00e7as<\/p>\n<p>O IJFC ofereceu servi\u00e7os n\u00e3o contemplados pela prefeitura como refor\u00e7o escolar de l\u00edngua portuguesa e matem\u00e1tica, est\u00edmulo \u00e0 leitura, pr\u00e1ticas esportivas, assist\u00eancia m\u00e9dica e odontol\u00f3gica, apoio psicossocial.<\/p>\n<p>Foram realizadas pelo instituto reformas do consult\u00f3rio odontol\u00f3gico, do laborat\u00f3rio de inform\u00e1tica, da quadra esportiva. Foram adquiridos materiais esportivos, pedag\u00f3gicos, dent\u00e1rios e de inform\u00e1tica.<\/p>\n<p>A protela\u00e7\u00e3o da reforma predial foi o grande desafio e obrigou a equipe do Projeto a criar espa\u00e7os mesmo que provis\u00f3rios para atender a demanda das crian\u00e7as.<\/p>\n<p>Al\u00e9m das avalia\u00e7\u00f5es di\u00e1rias e coletivas feitas pelos educadores atrav\u00e9s de observa\u00e7\u00f5es e anota\u00e7\u00f5es, o projeto realizou avalia\u00e7\u00f5es formais, com o objetivo de identificar os d\u00e9ficits da aprendizagem que subsidiam os trabalhos dos educadores no refor\u00e7o escolar.<\/p>\n<p><img loading=\"lazy\" decoding=\"async\" class=\"alignnone wp-image-3804 size-full\" src=\"http:\/\/ijfc.org.br\/wp-content\/uploads\/2025\/04\/Odylo-Costa-Neto-2.png\" alt=\"\" width=\"459\" height=\"354\" srcset=\"https:\/\/ijfc.org.br\/wp-content\/uploads\/2025\/04\/Odylo-Costa-Neto-2.png 459w, https:\/\/ijfc.org.br\/wp-content\/uploads\/2025\/04\/Odylo-Costa-Neto-2-300x231.png 300w\" sizes=\"auto, (max-width: 459px) 100vw, 459px\" \/><\/p>\n<p>&nbsp;<\/p>\n<\/div>\n<p><strong>Projeto Casa Completa 2008\/2009<\/strong><\/p>\n<p>O Instituto Jo\u00e3o Ferraz de Campos e a FENASEG implantaram o projeto CASA COMPLETA que consistiu na complementa\u00e7\u00e3o e amplia\u00e7\u00e3o das casas entregues a moradores da Cidade de Deus pela Caixa Econ\u00f4mica Federal.<\/p>\n<p>Descri\u00e7\u00e3o do projeto:<\/p>\n<ul>\n<li>Coloca\u00e7\u00e3o de piso em cer\u00e2mica nas casas j\u00e1 entregues.<\/li>\n<li>Constru\u00e7\u00e3o de um c\u00f4modo no terreno dos fundos das casas, conforme previs\u00e3o de amplia\u00e7\u00e3o constante no projeto da Caixa Econ\u00f4mica<\/li>\n<\/ul>\n<p>Beneficiados:<\/p>\n<p>1\u00ba fase: casas onde moram alunos matriculados na Creche Maria Beralda e CAI Odilo Costa Neto. In\u00edcio: setembro 2008<\/p>\n<p>Fases subsequentes: demais propriet\u00e1rios das casas entregues pela Caixa, conforme crit\u00e9rio a ser definido pelos patrocinadores e na medida da disponibilidade financeira.<\/p>\n<p>Descri\u00e7\u00e3o da obra:<\/p>\n<ul>\n<li>Contra piso e coloca\u00e7\u00e3o de lajota na unidade entregue pela Caixa: 20m2<\/li>\n<li>Constru\u00e7\u00e3o de um c\u00f4modo no terreno dos fundos da casa (podendo ser dividido em dois, mediante coloca\u00e7\u00e3o de divis\u00f3ria) medindo 13.10m2;\n<ul>\n<li>Paredes de alvenaria, embo\u00e7o interno e externo;<\/li>\n<li>piso de lajota;<\/li>\n<li>telhado meia \u00e1gua \/ onduline;<\/li>\n<li>uma porta de madeira;<\/li>\n<li>duas janelas de alum\u00ednio;<\/li>\n<li>instala\u00e7\u00e3o el\u00e9trica: dois pontos internos de luz (no teto do c\u00f4modo) e um externo (no beiral); tr\u00eas tomadas internas de parede;<\/li>\n<li>2 muros laterais no p\u00e1tio medindo 2,00 X1,80m altura;<\/li>\n<li>Complementa\u00e7\u00e3o de piso de cimento no p\u00e1tio interno;<\/li>\n<li>Fornecimento de tinta para pintura interna e externa do novo c\u00f4modo e muros.<\/li>\n<\/ul>\n<\/li>\n<li>Soleira da entrada da casa: cacos de lajota (opcional)<\/li>\n<\/ul>\n<p>Foram efetuadas 17 amplia\u00e7\u00f5es das casinhas, na localidade ROCINHA II, sendo cinco com m\u00e3o de obra especializada, 12 amplia\u00e7\u00f5es com m\u00e3o de obra local, dentro do projeto CASA COMPLETA CDD e duas reformas realizadas por m\u00e3o de obra especializada, em casas prec\u00e1rias cuja as fam\u00edlias tinham filhos com problemas respirat\u00f3rios.<\/p>\n<\/div>\n<p style=\"text-align: justify;\"><strong>Creche Municipal Luzes do Amanh\u00e3<\/strong><\/p>\n<p style=\"text-align: justify;\">Nessa regi\u00e3o ainda resistem alguns barracos e a predomin\u00e2ncia \u00e9 de fam\u00edlias muito pobres. O IJFC fez uma proposta para a Secretaria de Educa\u00e7\u00e3o de incluir mais uma creche no PROFEC, Programa de Forma\u00e7\u00e3o Educacional Complementar. A S\u00e9tima Coordena\u00e7\u00e3o Regional da Educa\u00e7\u00e3o (7\u00aa CRE) indicou a Creche Luzes do Amanh\u00e3 em fun\u00e7\u00e3o de sua localiza\u00e7\u00e3o e por ter demandas que uma parceria p\u00fablico privada poderia atender.<\/p>\n<p style=\"text-align: justify;\"><img loading=\"lazy\" decoding=\"async\" class=\"alignnone wp-image-3802 size-full\" src=\"http:\/\/ijfc.org.br\/wp-content\/uploads\/2025\/04\/Luzes-do-Amanha.png\" alt=\"\" width=\"601\" height=\"456\" srcset=\"https:\/\/ijfc.org.br\/wp-content\/uploads\/2025\/04\/Luzes-do-Amanha.png 601w, https:\/\/ijfc.org.br\/wp-content\/uploads\/2025\/04\/Luzes-do-Amanha-300x228.png 300w\" sizes=\"auto, (max-width: 601px) 100vw, 601px\" \/><\/p>\n<p style=\"text-align: justify;\">A Creche, sediada na regi\u00e3o denominada Rocinha II, acolhe 100 crian\u00e7as divididas em quatro grupos de 25 cada, sendo, dois Maternais I e dois Maternais II.<\/p>\n<p style=\"text-align: justify;\">O Instituto visitou a creche e fez o levantamento das principais necessidades. No planejamento para o desenvolvimento do PROFEC, foi prevista a adequa\u00e7\u00e3o do espa\u00e7o, com pequenas obras e amplia\u00e7\u00e3o do atendimento para mais 20 crian\u00e7as a partir de 2013, al\u00e9m de servi\u00e7os de Assist\u00eancia M\u00e9dica, Enfermagem, Assist\u00eancia Social e Educa\u00e7\u00e3o F\u00edsica, dando para as crian\u00e7as uma qualidade de vida melhor, t\u00e3o importante nessa fase da primeira inf\u00e2ncia.<\/p>\n<p style=\"text-align: justify;\">OBRAS REALIZADAS<\/p>\n<p style=\"text-align: justify;\">O objetivo principal foi a constru\u00e7\u00e3o de uma sala de\u00a0aula para acolher crian\u00e7as inscritas na lista de espera e melhorias nas condi\u00e7\u00f5es f\u00edsicas de trabalho de funcion\u00e1rios e professoras.<\/p>\n<p style=\"text-align: justify;\">Al\u00e9m da nova sala de aula, foram constru\u00eddos dois banheiros para funcion\u00e1rios, um banheiro para o maternal I, uma sala multiuso para os Professores, Assistente Social e eventuais reuni\u00f5es e adapta\u00e7\u00e3o de espa\u00e7o para o consult\u00f3rio m\u00e9dico.<\/p>\n<p style=\"text-align: justify;\"><img loading=\"lazy\" decoding=\"async\" class=\"alignnone wp-image-3806 size-full\" src=\"http:\/\/ijfc.org.br\/wp-content\/uploads\/2025\/04\/Banheiro-SOcial.png\" alt=\"\" width=\"435\" height=\"321\" srcset=\"https:\/\/ijfc.org.br\/wp-content\/uploads\/2025\/04\/Banheiro-SOcial.png 435w, https:\/\/ijfc.org.br\/wp-content\/uploads\/2025\/04\/Banheiro-SOcial-300x221.png 300w\" sizes=\"auto, (max-width: 435px) 100vw, 435px\" \/><\/p>\n<p style=\"text-align: justify;\">Banheiro Infantil<\/p>\n<div id=\"comp-is179cvw7\" class=\"txtNew\" style=\"text-align: justify;\" data-packed=\"true\">\n<p><img loading=\"lazy\" decoding=\"async\" class=\"alignnone wp-image-3805 size-full\" src=\"http:\/\/ijfc.org.br\/wp-content\/uploads\/2025\/04\/Sala-multi-uso.png\" alt=\"\" width=\"410\" height=\"305\" srcset=\"https:\/\/ijfc.org.br\/wp-content\/uploads\/2025\/04\/Sala-multi-uso.png 410w, https:\/\/ijfc.org.br\/wp-content\/uploads\/2025\/04\/Sala-multi-uso-300x223.png 300w\" sizes=\"auto, (max-width: 410px) 100vw, 410px\" \/><\/p>\n<p>Sala multiuso<\/p>\n<p><img loading=\"lazy\" decoding=\"async\" class=\"alignnone wp-image-3803 size-full\" src=\"http:\/\/ijfc.org.br\/wp-content\/uploads\/2025\/04\/Luzes-do-amanha2.png\" alt=\"\" width=\"552\" height=\"513\" srcset=\"https:\/\/ijfc.org.br\/wp-content\/uploads\/2025\/04\/Luzes-do-amanha2.png 552w, https:\/\/ijfc.org.br\/wp-content\/uploads\/2025\/04\/Luzes-do-amanha2-300x279.png 300w\" sizes=\"auto, (max-width: 552px) 100vw, 552px\" \/><\/p>\n<p>Luzes do Amanh\u00e3 \u2013 Cidade de Deus<\/p>\n<\/div>\n<p style=\"text-align: justify;\"><strong>EJA \u2013 Educa\u00e7\u00e3o de jovens e adultos e alfabetiza\u00e7\u00e3o de idosos<\/strong><\/p>\n<p style=\"text-align: justify;\">Nos primeiros anos, ainda sob a gest\u00e3o da Fenaseg, foram implantados projetos que visavam reduzir o analfabetismo, promover a prontid\u00e3o para o trabalho e gera\u00e7\u00e3o de empregos.\u00a0Em parceria com tr\u00eas ONGs locais, foram realizados cursos de alfabetiza\u00e7\u00e3o para jovens e adultos. \u200b O objetivo inicial era atender familiares das crian\u00e7as da creche Maria Beralda e Odylo Costa Neto.<\/p>\n<p style=\"text-align: justify;\">*Encerrado em 2008.<\/p>\n<div id=\"comp-is158s6d\" class=\"txtNew\" data-packed=\"true\">\n<p id=\"comp-is15p33x\" class=\"txtNew\" style=\"text-align: justify;\" data-packed=\"true\">\u00a0Esporte \u00e9 mais que sa\u00fade<\/p>\n<div id=\"comp-is15qh20\" class=\"txtNew\" data-packed=\"true\">\n<div id=\"comp-is15v3nc\" class=\"txtNew\" data-packed=\"true\">\n<div id=\"comp-is16ee4x3\" class=\"txtNew\" data-packed=\"true\">\n<p style=\"text-align: justify;\">Em 2009, a UPP foi instalada na Cidade de Deus. Para ajudar na \u201cpacifica\u00e7\u00e3o\u201d da comunidade, o Secret\u00e1rio de Seguran\u00e7a fez um apelo \u00e0s entidades ligadas \u00e0 Cidade de Deus para que ajudassem a orientar os jovens locais na dire\u00e7\u00e3o de um desenvolvimento integral e social que permitisse seguir uma trilha de bom caminho.<\/p>\n<p style=\"text-align: justify;\"><img loading=\"lazy\" decoding=\"async\" class=\"alignnone wp-image-3801 size-full\" src=\"http:\/\/ijfc.org.br\/wp-content\/uploads\/2025\/04\/esporte.png\" alt=\"\" width=\"133\" height=\"92\" \/><\/p>\n<p style=\"text-align: justify;\">O IJFC se juntou ao Sindicato das Seguradoras do Rio de Janeiro que patrocinou um projeto de esportes direcionado aos jovens. ESPORTE \u00c9 MAIS QUE SA\u00daDE foi implantado na sede da Odylo Costa Neto, onde o Instituto j\u00e1 desenvolvia projeto de contraturno.<\/p>\n<p style=\"text-align: justify;\">Foi necess\u00e1rio primeiramente restaurar a quadra de esportes e reconstruir os banheiros. O Sindicato promoveu um trabalho t\u00e3o bem feito que, em 2010, a quadra serviu de local para recepcionar o presidente americano Barak Obama quando em visita ao Brasil r visitou a Cidade de Deus.<\/p>\n<p style=\"text-align: justify;\">Mas o Projeto n\u00e3o durou muito, pois 2011 come\u00e7ou com sabor de rev\u00e9s. Assistimos o j\u00e1 anunciado cerrar de portas da Odylo Costa Neto, unidade da FIA na Cidade de Deus. E em consequ\u00eancia, o t\u00e9rmino de dois programas sociais de confirmado sucesso na comunidade: o contraturno de crian\u00e7as das escolas municipais, a cargo do nosso Instituto, e o Projeto Esporte \u00e9 mais que Sa\u00fade, patrocinado pelo Sindicato das Empresas de Seguro RJ, que oferecia tr\u00eas modalidades esportivas para 60 jovens no per\u00edodo noturno.<\/p>\n<p style=\"text-align: justify;\">Mas revezes n\u00e3o t\u00eam poder de abater os justos, e porta fechada pode ser apenas indicativo de outros caminhos.<\/p>\n<p style=\"text-align: justify;\">*Encerrado em 2011<\/p>\n<\/div>\n<\/div>\n<\/div>\n<\/div>\n<p>[\/vc_column_text][vc_empty_space][vc_empty_space][vc_column_text]<\/p>\n<h4 style=\"text-align: center;\">Juntos realizamos mais.<br \/>\n<strong>Apoiadores<\/strong><\/h4>\n<p>[\/vc_column_text][vc_empty_space][vc_column_text]<\/p>\n<p style=\"text-align: center;\">\u00a0<img loading=\"lazy\" decoding=\"async\" class=\"alignnone size-full wp-image-3529\" src=\"http:\/\/ijfc.org.br\/wp-content\/uploads\/2025\/03\/fenaseg.png\" alt=\"\" width=\"150\" height=\"34\" \/><\/p>\n<p>[\/vc_column_text][\/vc_column][vc_column width=&#8221;1\/6&#8243;][\/vc_column][\/vc_row][vc_row simple_background_color=&#8221;#f8f8f8&#8243; css=&#8221;.vc_custom_1523968375909{padding-top: 85px !important;padding-bottom: 85px !important;}&#8221;][vc_column]<div class=\"mkdf-call-to-action-holder  mkdf-normal-layout mkdf-content-in-grid mkdf-three-quarters-columns\">\n\t<div class=\"mkdf-cta-inner mkdf-grid\">\n\t\t<div class=\"mkdf-cta-text-holder\">\n\t\t\t<div class=\"mkdf-cta-text\">\n<h4>Tem alguma d\u00favida, sugest\u00e3o ou quer nos enviar uma mensagem?<\/h4>\n<\/div>\n\t\t<\/div>\n\t\t<div class=\"mkdf-cta-button-holder\" >\n\t\t\t<div class=\"mkdf-cta-button\"><a itemprop=\"url\" href=\"https:\/\/wa.me\/5541991852062\" target=\"_self\"  class=\"mkdf-btn mkdf-btn-medium mkdf-btn-solid\"  >    <span class=\"mkdf-btn-text\">Saiba mais!<\/span>    <\/a><\/div>\n\t\t<\/div>\n\t<\/div>\n<\/div>[\/vc_column][\/vc_row]<\/p>\n","protected":false},"excerpt":{"rendered":"<p>[vc_row][vc_column width=&#8221;1\/6&#8243;][\/vc_column][vc_column width=&#8221;2\/3&#8243;][vc_column_text] Os primeiros trabalhos Os primeiros trabalhos foram realizados a partir das sugest\u00f5es provenientes dos encontros entre o IJFC e as lideran\u00e7as locais atrav\u00e9s do Comit\u00ea Comunit\u00e1rio da Cidade de Deus e depois com gest\u00e3o do Instituto. Sa\u00fade [&hellip;]<\/p>\n","protected":false},"author":1,"featured_media":0,"parent":0,"menu_order":0,"comment_status":"closed","ping_status":"closed","template":"full-width.php","meta":{"footnotes":""},"class_list":["post-3794","page","type-page","status-publish","hentry"],"_links":{"self":[{"href":"https:\/\/ijfc.org.br\/index.php\/wp-json\/wp\/v2\/pages\/3794","targetHints":{"allow":["GET"]}}],"collection":[{"href":"https:\/\/ijfc.org.br\/index.php\/wp-json\/wp\/v2\/pages"}],"about":[{"href":"https:\/\/ijfc.org.br\/index.php\/wp-json\/wp\/v2\/types\/page"}],"author":[{"embeddable":true,"href":"https:\/\/ijfc.org.br\/index.php\/wp-json\/wp\/v2\/users\/1"}],"replies":[{"embeddable":true,"href":"https:\/\/ijfc.org.br\/index.php\/wp-json\/wp\/v2\/comments?post=3794"}],"version-history":[{"count":7,"href":"https:\/\/ijfc.org.br\/index.php\/wp-json\/wp\/v2\/pages\/3794\/revisions"}],"predecessor-version":[{"id":4553,"href":"https:\/\/ijfc.org.br\/index.php\/wp-json\/wp\/v2\/pages\/3794\/revisions\/4553"}],"wp:attachment":[{"href":"https:\/\/ijfc.org.br\/index.php\/wp-json\/wp\/v2\/media?parent=3794"}],"curies":[{"name":"wp","href":"https:\/\/api.w.org\/{rel}","templated":true}]}}