{"id":3790,"date":"2025-04-02T10:44:14","date_gmt":"2025-04-02T13:44:14","guid":{"rendered":"http:\/\/ijfc.org.br\/?page_id=3790"},"modified":"2025-07-16T14:26:00","modified_gmt":"2025-07-16T17:26:00","slug":"apoiadores_rio","status":"publish","type":"page","link":"https:\/\/ijfc.org.br\/index.php\/apoiadores_rio\/","title":{"rendered":"Apoiadores"},"content":{"rendered":"<p>[vc_row][vc_column width=&#8221;1\/6&#8243;][\/vc_column][vc_column width=&#8221;2\/3&#8243;][vc_column_text]<\/p>\n<p style=\"text-align: center;\"><strong>PARCEIROS \/ COLABORADORES \/ VOLUNT\u00c1RIOS\u00a0 EM\u00a0 2017 \u2013 RIO\u00a0 DE\u00a0 JANEIRO<\/strong><\/p>\n<p style=\"text-align: center;\"><strong>Pessoa Jur\u00eddica P\u00fablica<\/strong><\/p>\n<p style=\"text-align: center;\">CRE \u2013 Segundo Conselho Regional de Educa\u00e7\u00e3o (Botafogo)<\/p>\n<p style=\"text-align: center;\">CRE \u2013 S\u00e9timo Conselho Regional de Educa\u00e7\u00e3o (Barra da Tijuca)<\/p>\n<p style=\"text-align: center;\"><a href=\"http:\/\/www.ibc.gov.br\/\">IBC \u2013 Instituto Benjamin Constant<\/a><\/p>\n<p style=\"text-align: center;\"><a href=\"http:\/\/www.mangaratiba.rj.gov.br\/novoportal\/\">Prefeitura Municipal de Mangaratiba<\/a><\/p>\n<p style=\"text-align: center;\">Unidade de Sa\u00fade da Cidade de Deus \u2013 Hamilton Land<\/p>\n<p style=\"text-align: center;\"><strong>Pessoa\u00a0 Jur\u00eddica\u00a0 Privada<\/strong><\/p>\n<p style=\"text-align: center;\">Pontoon Investimentos S\/A<\/p>\n<p style=\"text-align: center;\"><a href=\"https:\/\/www.acvm.org.br\/\">ACVM \u2013 Associa\u00e7\u00e3o de Comunidades de Vida Mariana<\/a><\/p>\n<p style=\"text-align: center;\">A.M.E. \u2013 Associa\u00e7\u00e3o dos Amigos da Escola Padre Dr. Francisco da Motta<\/p>\n<p style=\"text-align: center;\">ANASC \u2013 (ex-alunas do Sacre Coeur)<\/p>\n<p style=\"text-align: center;\">ASIA \u2013 (associa\u00e7\u00e3o dos Antigos Alunos dos Padres Jesu\u00edtas)<\/p>\n<p style=\"text-align: center;\">C.C.B.R. \u2013 (Cervejeiros Caseiros da Barra e Recreio)<\/p>\n<p style=\"text-align: center;\">Cl\u00ednica \u201cM\u00e9dicos\u201d<\/p>\n<p style=\"text-align: center;\"><a href=\"https:\/\/www.eacorcovado.com.br\/\">Escola Alem\u00e3 Corcovado<\/a><\/p>\n<p style=\"text-align: center;\"><a href=\"http:\/\/www.santoinacio-rio.com.br\/s\/\">Col\u00e9gio Santo In\u00e1cio<\/a><\/p>\n<p style=\"text-align: center;\">Confec\u00e7\u00e3o Carambola Brasil<\/p>\n<p style=\"text-align: center;\">Congrega\u00e7\u00e3o Mission\u00e1rias da Caridade<\/p>\n<p style=\"text-align: center;\"><a href=\"http:\/\/www.dvimagem.com.br\/\">Diagn\u00f3stico Via Imagem<\/a><\/p>\n<p style=\"text-align: center;\"><a href=\"http:\/\/www.ens.edu.br\/\">Escola Nacional de Seguros<\/a><\/p>\n<p style=\"text-align: center;\">Igreja Cat\u00f3lica do Pai Eterno S\u00e3o Jos\u00e9 \u2013 Cidade de Deus<\/p>\n<p style=\"text-align: center;\">Instituto das Ap\u00f3stolas do Sagrado Cora\u00e7\u00e3o de Jesus<\/p>\n<p style=\"text-align: center;\"><a href=\"http:\/\/www.elielfigueiredo.com.br\/\">Laborat\u00f3rio Eliel Figueiredo<\/a><\/p>\n<p style=\"text-align: center;\">\u00d3tica MFJ<\/p>\n<p style=\"text-align: center;\"><strong>Pessoa\u00a0 F\u00edsica<\/strong><\/p>\n<p style=\"text-align: center;\">Adriana Maria da Silva<\/p>\n<p style=\"text-align: center;\">Alessandro Klippel<\/p>\n<p style=\"text-align: center;\">Amilcar Martins Oliveira<\/p>\n<p style=\"text-align: center;\">Carlos H. Moreira Junior<\/p>\n<p style=\"text-align: center;\">Constan\u00e7a Carvalho<\/p>\n<p style=\"text-align: center;\">Daniel C. Puertas<\/p>\n<p style=\"text-align: center;\">Fabio Rosas<\/p>\n<p style=\"text-align: center;\">Gloria Wendhausen<\/p>\n<p style=\"text-align: center;\">Guilherme A. Sptiz<\/p>\n<p style=\"text-align: center;\">Irm\u00e3 Aparecida<\/p>\n<p style=\"text-align: center;\">Irm\u00e3 Cl\u00e1udia<\/p>\n<p style=\"text-align: center;\">Irm\u00e3 Ivanira<\/p>\n<p style=\"text-align: center;\">Jo\u00e3o Batista Alves de Ara\u00fajo<\/p>\n<p style=\"text-align: center;\">Lucia Homsi<\/p>\n<p style=\"text-align: center;\">Marcia Homsi<\/p>\n<p style=\"text-align: center;\">Maria Aparecida Stallaviere Neves<\/p>\n<p style=\"text-align: center;\">Maria Jos\u00e9 Bezerra<\/p>\n<p style=\"text-align: center;\">Reitor Pe. Luiz Antonio\u00a0 Monnerat<\/p>\n<p style=\"text-align: center;\">Priscila da Costa Gjorup<\/p>\n<p style=\"text-align: center;\">Salvador C\u00edcero Velloso Pinto<\/p>\n<p style=\"text-align: center;\">Simone Moreira de Almeida<\/p>\n<p style=\"text-align: center;\">Ta\u00edza Libera<\/p>\n<p style=\"text-align: center;\">Vera Guimar\u00e3es<\/p>\n<p style=\"text-align: center;\">Suzana Munhoz da Rocha<\/p>\n<p style=\"text-align: center;\">Viviane Min\u00f3 de Aquino<\/p>\n<p>[\/vc_column_text][vc_empty_space][vc_empty_space][vc_column_text]<\/p>\n<h4 style=\"text-align: center;\">Juntos realizamos mais.<br \/>\n<strong>Apoiadores<\/strong><\/h4>\n<p>[\/vc_column_text][vc_empty_space][vc_column_text]<\/p>\n<p style=\"text-align: center;\"><img loading=\"lazy\" decoding=\"async\" class=\"alignnone size-full wp-image-3529\" src=\"http:\/\/ijfc.org.br\/wp-content\/uploads\/2025\/03\/fenaseg.png\" alt=\"\" width=\"150\" height=\"34\" \/><\/p>\n<p>[\/vc_column_text][\/vc_column][vc_column width=&#8221;1\/6&#8243;][\/vc_column][\/vc_row][vc_row simple_background_color=&#8221;#f8f8f8&#8243; css=&#8221;.vc_custom_1523968375909{padding-top: 85px !important;padding-bottom: 85px !important;}&#8221;][vc_column]<div class=\"mkdf-call-to-action-holder  mkdf-normal-layout mkdf-content-in-grid mkdf-three-quarters-columns\">\n\t<div class=\"mkdf-cta-inner mkdf-grid\">\n\t\t<div class=\"mkdf-cta-text-holder\">\n\t\t\t<div class=\"mkdf-cta-text\">\n<h4>Tem alguma d\u00favida, sugest\u00e3o ou quer nos enviar uma mensagem?<\/h4>\n<\/div>\n\t\t<\/div>\n\t\t<div class=\"mkdf-cta-button-holder\" >\n\t\t\t<div class=\"mkdf-cta-button\"><a itemprop=\"url\" href=\"https:\/\/wa.me\/5541991852062\" target=\"_self\"  class=\"mkdf-btn mkdf-btn-medium mkdf-btn-solid\"  >    <span class=\"mkdf-btn-text\">Saiba mais!<\/span>    <\/a><\/div>\n\t\t<\/div>\n\t<\/div>\n<\/div>[\/vc_column][\/vc_row]<\/p>\n","protected":false},"excerpt":{"rendered":"<p>[vc_row][vc_column width=&#8221;1\/6&#8243;][\/vc_column][vc_column width=&#8221;2\/3&#8243;][vc_column_text] PARCEIROS \/ COLABORADORES \/ VOLUNT\u00c1RIOS\u00a0 EM\u00a0 2017 \u2013 RIO\u00a0 DE\u00a0 JANEIRO Pessoa Jur\u00eddica P\u00fablica CRE \u2013 Segundo Conselho Regional de Educa\u00e7\u00e3o (Botafogo) CRE \u2013 S\u00e9timo Conselho Regional de Educa\u00e7\u00e3o (Barra da Tijuca) IBC \u2013 Instituto Benjamin Constant [&hellip;]<\/p>\n","protected":false},"author":1,"featured_media":0,"parent":0,"menu_order":0,"comment_status":"closed","ping_status":"closed","template":"full-width.php","meta":{"footnotes":""},"class_list":["post-3790","page","type-page","status-publish","hentry"],"_links":{"self":[{"href":"https:\/\/ijfc.org.br\/index.php\/wp-json\/wp\/v2\/pages\/3790","targetHints":{"allow":["GET"]}}],"collection":[{"href":"https:\/\/ijfc.org.br\/index.php\/wp-json\/wp\/v2\/pages"}],"about":[{"href":"https:\/\/ijfc.org.br\/index.php\/wp-json\/wp\/v2\/types\/page"}],"author":[{"embeddable":true,"href":"https:\/\/ijfc.org.br\/index.php\/wp-json\/wp\/v2\/users\/1"}],"replies":[{"embeddable":true,"href":"https:\/\/ijfc.org.br\/index.php\/wp-json\/wp\/v2\/comments?post=3790"}],"version-history":[{"count":4,"href":"https:\/\/ijfc.org.br\/index.php\/wp-json\/wp\/v2\/pages\/3790\/revisions"}],"predecessor-version":[{"id":4552,"href":"https:\/\/ijfc.org.br\/index.php\/wp-json\/wp\/v2\/pages\/3790\/revisions\/4552"}],"wp:attachment":[{"href":"https:\/\/ijfc.org.br\/index.php\/wp-json\/wp\/v2\/media?parent=3790"}],"curies":[{"name":"wp","href":"https:\/\/api.w.org\/{rel}","templated":true}]}}