{"id":3776,"date":"2025-04-02T10:10:54","date_gmt":"2025-04-02T13:10:54","guid":{"rendered":"http:\/\/ijfc.org.br\/?page_id=3776"},"modified":"2025-07-16T14:25:06","modified_gmt":"2025-07-16T17:25:06","slug":"centro-2","status":"publish","type":"page","link":"https:\/\/ijfc.org.br\/index.php\/centro-2\/","title":{"rendered":"Creche Comunit\u00e1ria"},"content":{"rendered":"<p>[vc_row][vc_column width=&#8221;1\/6&#8243;][\/vc_column][vc_column width=&#8221;2\/3&#8243;][vc_column_text]<\/p>\n<p style=\"text-align: justify;\">A\u00a0<strong>Creche Comunit\u00e1ria Mundo Infantil<\/strong>\u00a0foi fundada em 15 de novembro de 1983 por um grupo de senhoras da Comunidade Santa Marta que visavam colaborar com as m\u00e3es que precisavam trabalhar e n\u00e3o tinham onde deixar os seus filhos.O\u00a0grupo era composto por 25 crian\u00e7as e 05\u00a0volunt\u00e1rias que ajudavam na alimenta\u00e7\u00e3o e cuidavam das crian\u00e7as.Nesses 34 anos de exist\u00eancia viveu momentos muito dif\u00edceis.<\/p>\n<p style=\"text-align: justify;\">Em 2011, o Instituto Jo\u00e3o Ferraz de Campos deu in\u00edcio a projetos sociais na comunidade Santa Marta. Foram feitas visitas a v\u00e1rios locais da Comunidade, ouvindo as demandas e sugest\u00f5es de lideran\u00e7as comunit\u00e1rias. Itamar da Silva, profissional do IBASE e morador local, foi um dos grandes incentivadores.\u00a0A favela encontrava-se ocupada pela\u00a0Pol\u00edcia Militar do Estado do Rio de Janeiro, que instalou no local, em 28 de Novembro de 2008, a primeira\u00a0Unidade de Pol\u00edcia Pacificadora\u00a0da cidade (UPP).<\/p>\n<p style=\"text-align: justify;\">Acolhemos a demanda da Creche Comunit\u00e1ria Mundo Infantil (Obras Sociais Unidas de Santa Marta) situada no Beco do Jabuti n\u00ba 9. A creche, conveniada da prefeitura, atendia 75 crian\u00e7as da comunidade e precisava de aux\u00edlio para manter suas atividades. Desde ent\u00e3o o IJFC est\u00e1 presente no Morro Santa Marta, onde tamb\u00e9m j\u00e1 realizou uma etapa do Projeto Sa\u00fade Ocular.<\/p>\n<p style=\"text-align: justify;\"><img loading=\"lazy\" decoding=\"async\" class=\"alignnone size-medium wp-image-3781\" src=\"http:\/\/ijfc.org.br\/wp-content\/uploads\/2025\/04\/praca-cantao-300x200.png\" alt=\"\" width=\"300\" height=\"200\" srcset=\"https:\/\/ijfc.org.br\/wp-content\/uploads\/2025\/04\/praca-cantao-300x200.png 300w, https:\/\/ijfc.org.br\/wp-content\/uploads\/2025\/04\/praca-cantao.png 636w\" sizes=\"auto, (max-width: 300px) 100vw, 300px\" \/><\/p>\n<p style=\"text-align: justify;\">O IJFC efetuou as seguintes benfeitorias:<\/p>\n<ul style=\"text-align: justify;\">\n<li>Doa\u00e7\u00e3o de 75 uniformes de inverno para as crian\u00e7as;<\/li>\n<li>Coloca\u00e7\u00e3o de 38 m2 de grama sint\u00e9tica no terra\u00e7o superior da creche, criando um novo espa\u00e7o para\u00a0o lazer das\u00a0crian\u00e7as;<\/li>\n<li>Compra mensal de alimentos para complementar as refei\u00e7\u00f5es das crian\u00e7as.<\/li>\n<li>Coloca\u00e7\u00e3o de toldo para prote\u00e7\u00e3o do excesso de sol na lage.<\/li>\n<li>Sal\u00e1rio de\u00a003 professores<\/li>\n<\/ul>\n<p style=\"text-align: justify;\">Hoje a Creche acolhe 75 crian\u00e7as na faixa et\u00e1ria de 01 ano a 03 anos e 11 meses. A Creche permanece com tr\u00eas turmas pois n\u00e3o ha espa\u00e7o para receber mais crian\u00e7as, tendo sempre\u00a0 fila de espera por vaga.<\/p>\n<p style=\"text-align: justify;\">Tem a seguinte distribui\u00e7\u00e3o:\u00a0<strong>Ber\u00e7\u00e1rio,<\/strong><strong>Maternal 1 e\u00a0<\/strong><strong>Maternal II<\/strong><\/p>\n<p style=\"text-align: justify;\">A Creche funciona de segunda a sexta-feira das 07h30 as 17h30 sendo que as crian\u00e7as recebem diariamente quatro refei\u00e7\u00f5es balanceadas e cuidados de higiene pessoal.<\/p>\n<p style=\"text-align: justify;\">A creche possui conv\u00eanio com\u00a0 a Secretaria Municipal de Educa\u00e7\u00e3o (SME) e faz parte do sistema de Educa\u00e7\u00e3o Infantil do Munic\u00edpio do Rio de Janeiro, subordinada \u00e0 2\u00aa CRE (Conselho Regional de Educa\u00e7\u00e3o). O conv\u00eanio cobre parte das despesas e a outra parte \u00e9 custeada por doa\u00e7\u00f5es financeiras ou materiais, oriundas de diversos parceiros al\u00e9m do Instituto Jo\u00e3o Ferras Campos.<\/p>\n<h2 style=\"text-align: justify;\"><\/h2>\n<p style=\"text-align: justify;\"><img loading=\"lazy\" decoding=\"async\" class=\"alignnone size-medium wp-image-3782\" src=\"http:\/\/ijfc.org.br\/wp-content\/uploads\/2025\/04\/UNiforme-quentinho-300x228.png\" alt=\"\" width=\"300\" height=\"228\" srcset=\"https:\/\/ijfc.org.br\/wp-content\/uploads\/2025\/04\/UNiforme-quentinho-300x228.png 300w, https:\/\/ijfc.org.br\/wp-content\/uploads\/2025\/04\/UNiforme-quentinho.png 498w\" sizes=\"auto, (max-width: 300px) 100vw, 300px\" \/><\/p>\n<p style=\"text-align: justify;\">Uniformes quentinhos para os dias de frio no alto do morro<\/p>\n<p style=\"text-align: justify;\"><img loading=\"lazy\" decoding=\"async\" class=\"alignnone size-medium wp-image-3783\" src=\"http:\/\/ijfc.org.br\/wp-content\/uploads\/2025\/04\/Gramado-laje-300x221.png\" alt=\"\" width=\"300\" height=\"221\" srcset=\"https:\/\/ijfc.org.br\/wp-content\/uploads\/2025\/04\/Gramado-laje-300x221.png 300w, https:\/\/ijfc.org.br\/wp-content\/uploads\/2025\/04\/Gramado-laje.png 645w\" sizes=\"auto, (max-width: 300px) 100vw, 300px\" \/><\/p>\n<p style=\"text-align: justify;\">Gramado e toldo na laje<\/p>\n<p>[\/vc_column_text][vc_empty_space][vc_empty_space][vc_column_text]<\/p>\n<h4 style=\"text-align: center;\">Juntos realizamos mais.<br \/>\n<strong>Apoiadores<\/strong><\/h4>\n<p>[\/vc_column_text][vc_empty_space][vc_column_text]<\/p>\n<p style=\"text-align: center;\">\u00a0<img loading=\"lazy\" decoding=\"async\" class=\"alignnone size-full wp-image-3529\" src=\"http:\/\/ijfc.org.br\/wp-content\/uploads\/2025\/03\/fenaseg.png\" alt=\"\" width=\"150\" height=\"34\" \/><\/p>\n<p>[\/vc_column_text][\/vc_column][vc_column width=&#8221;1\/6&#8243;][\/vc_column][\/vc_row][vc_row simple_background_color=&#8221;#f8f8f8&#8243; css=&#8221;.vc_custom_1523968375909{padding-top: 85px !important;padding-bottom: 85px !important;}&#8221;][vc_column]<div class=\"mkdf-call-to-action-holder  mkdf-normal-layout mkdf-content-in-grid mkdf-three-quarters-columns\">\n\t<div class=\"mkdf-cta-inner mkdf-grid\">\n\t\t<div class=\"mkdf-cta-text-holder\">\n\t\t\t<div class=\"mkdf-cta-text\">\n<h4>Tem alguma d\u00favida, sugest\u00e3o ou quer nos enviar uma mensagem?<\/h4>\n<\/div>\n\t\t<\/div>\n\t\t<div class=\"mkdf-cta-button-holder\" >\n\t\t\t<div class=\"mkdf-cta-button\"><a itemprop=\"url\" href=\"https:\/\/wa.me\/5541991852062\" target=\"_self\"  class=\"mkdf-btn mkdf-btn-medium mkdf-btn-solid\"  >    <span class=\"mkdf-btn-text\">Saiba mais!<\/span>    <\/a><\/div>\n\t\t<\/div>\n\t<\/div>\n<\/div>[\/vc_column][\/vc_row]<\/p>\n","protected":false},"excerpt":{"rendered":"<p>[vc_row][vc_column width=&#8221;1\/6&#8243;][\/vc_column][vc_column width=&#8221;2\/3&#8243;][vc_column_text] A\u00a0Creche Comunit\u00e1ria Mundo Infantil\u00a0foi fundada em 15 de novembro de 1983 por um grupo de senhoras da Comunidade Santa Marta que visavam colaborar com as m\u00e3es que precisavam trabalhar e n\u00e3o tinham onde deixar os seus filhos.O\u00a0grupo [&hellip;]<\/p>\n","protected":false},"author":1,"featured_media":0,"parent":0,"menu_order":0,"comment_status":"closed","ping_status":"closed","template":"full-width.php","meta":{"footnotes":""},"class_list":["post-3776","page","type-page","status-publish","hentry"],"_links":{"self":[{"href":"https:\/\/ijfc.org.br\/index.php\/wp-json\/wp\/v2\/pages\/3776","targetHints":{"allow":["GET"]}}],"collection":[{"href":"https:\/\/ijfc.org.br\/index.php\/wp-json\/wp\/v2\/pages"}],"about":[{"href":"https:\/\/ijfc.org.br\/index.php\/wp-json\/wp\/v2\/types\/page"}],"author":[{"embeddable":true,"href":"https:\/\/ijfc.org.br\/index.php\/wp-json\/wp\/v2\/users\/1"}],"replies":[{"embeddable":true,"href":"https:\/\/ijfc.org.br\/index.php\/wp-json\/wp\/v2\/comments?post=3776"}],"version-history":[{"count":5,"href":"https:\/\/ijfc.org.br\/index.php\/wp-json\/wp\/v2\/pages\/3776\/revisions"}],"predecessor-version":[{"id":4551,"href":"https:\/\/ijfc.org.br\/index.php\/wp-json\/wp\/v2\/pages\/3776\/revisions\/4551"}],"wp:attachment":[{"href":"https:\/\/ijfc.org.br\/index.php\/wp-json\/wp\/v2\/media?parent=3776"}],"curies":[{"name":"wp","href":"https:\/\/api.w.org\/{rel}","templated":true}]}}