{"id":3747,"date":"2025-04-01T16:09:12","date_gmt":"2025-04-01T19:09:12","guid":{"rendered":"http:\/\/ijfc.org.br\/?page_id=3747"},"modified":"2025-07-16T14:20:21","modified_gmt":"2025-07-16T17:20:21","slug":"saber","status":"publish","type":"page","link":"https:\/\/ijfc.org.br\/index.php\/saber\/","title":{"rendered":"Oficinas do Saber"},"content":{"rendered":"<p>[vc_row][vc_column width=&#8221;1\/6&#8243;][\/vc_column][vc_column width=&#8221;2\/3&#8243;][vc_column_text]<\/p>\n<h4 style=\"text-align: justify;\"><strong>Matem\u00e1tica<\/strong><\/h4>\n<p style=\"text-align: justify;\">Tendo em vista a necessidade de tornar as aulas de matem\u00e1tica mais prazerosas, din\u00e2micas, participativas e desenvolvendo habilidades e compet\u00eancias propostas para o ensino fundamental, buscamos trabalhar o v\u00ednculo no processo de ensino e aprendizagem, despertando no estudante a curiosidade, criatividade, capacidade de criar estrat\u00e9gias e resolver problemas, racioc\u00ednio l\u00f3gico e cognitivo e a habilidade de trabalhar coletivamente.<\/p>\n<p style=\"text-align: justify;\"><img loading=\"lazy\" decoding=\"async\" class=\"alignnone size-medium wp-image-3748\" src=\"http:\/\/ijfc.org.br\/wp-content\/uploads\/2025\/04\/matematica-167x300.png\" alt=\"\" width=\"167\" height=\"300\" srcset=\"https:\/\/ijfc.org.br\/wp-content\/uploads\/2025\/04\/matematica-167x300.png 167w, https:\/\/ijfc.org.br\/wp-content\/uploads\/2025\/04\/matematica.png 302w\" sizes=\"auto, (max-width: 167px) 100vw, 167px\" \/><\/p>\n<p style=\"text-align: justify;\">Gincana de Matem\u00e1tica<\/p>\n<h4 style=\"text-align: justify;\"><strong>Alfabetiza\u00e7\u00e3o e L\u00edngua Portuguesa<\/strong><\/h4>\n<p style=\"text-align: justify;\">Sistematizar as capacidades mais relevantes no processo de alfabetiza\u00e7\u00e3o e letramento a serem atingidos pelas crian\u00e7as atrav\u00e9s de atividades de refor\u00e7o e novos m\u00e9todos did\u00e1ticos.<\/p>\n<p style=\"text-align: justify;\">De forma criativa, l\u00fadica e interdisciplinar s\u00e3o desenvolvidas atividades de produ\u00e7\u00e3o e interpreta\u00e7\u00e3o de textos com objetivo de estimular o gosto pela leitura, reconhecer ideias centrais do texto, sensibilidade est\u00e9tica, reconhecer a diferen\u00e7a entre sentido literal e figurado e as caracter\u00edsticas dos g\u00eaneros liter\u00e1rios.<\/p>\n<p style=\"text-align: justify;\"><img loading=\"lazy\" decoding=\"async\" class=\"alignnone wp-image-3749 size-large\" src=\"http:\/\/ijfc.org.br\/wp-content\/uploads\/2025\/04\/pinhais-2017-selecao-rel-10-614x1024.jpg\" alt=\"\" width=\"614\" height=\"1024\" srcset=\"https:\/\/ijfc.org.br\/wp-content\/uploads\/2025\/04\/pinhais-2017-selecao-rel-10-614x1024.jpg 614w, https:\/\/ijfc.org.br\/wp-content\/uploads\/2025\/04\/pinhais-2017-selecao-rel-10-180x300.jpg 180w, https:\/\/ijfc.org.br\/wp-content\/uploads\/2025\/04\/pinhais-2017-selecao-rel-10.jpg 675w\" sizes=\"auto, (max-width: 614px) 100vw, 614px\" \/><\/p>\n<p style=\"text-align: justify;\">Ler \u00e9 bom em qualquer lugar.<\/p>\n<h4 style=\"text-align: justify;\"><strong>Ingl\u00eas<\/strong><\/h4>\n<p style=\"text-align: justify;\">Oferecemos esta oficina para as crian\u00e7as e adolescentes tendo em vista a crescente demanda de habilidades acad\u00eamicas envolvendo a l\u00edngua inglesa. Tamb\u00e9m damos suporte em rela\u00e7\u00e3o \u00e0s suas tarefas e preparo para testes e atividades escolares.<\/p>\n<p style=\"text-align: justify;\">Primeiramente s\u00e3o trabalhados o reconhecimento de formula\u00e7\u00e3o de cumprimentos, palavras b\u00e1sicas (frutas, cores, animais, elementos da fam\u00edlia e n\u00fameros) em seguida, os pronomes demonstrativos, adjetivos, artigos definidos e indefinidos, verbo\u00a0<em>To Be\u00a0<\/em>e forma\u00e7\u00e3o de pequenas frases e textos.<\/p>\n<p style=\"text-align: justify;\"><img loading=\"lazy\" decoding=\"async\" class=\"alignnone wp-image-3750 size-large\" src=\"http:\/\/ijfc.org.br\/wp-content\/uploads\/2025\/04\/IMG-20170727-WA0048-768x1024.jpg\" alt=\"\" width=\"768\" height=\"1024\" srcset=\"https:\/\/ijfc.org.br\/wp-content\/uploads\/2025\/04\/IMG-20170727-WA0048-768x1024.jpg 768w, https:\/\/ijfc.org.br\/wp-content\/uploads\/2025\/04\/IMG-20170727-WA0048-225x300.jpg 225w, https:\/\/ijfc.org.br\/wp-content\/uploads\/2025\/04\/IMG-20170727-WA0048.jpg 960w\" sizes=\"auto, (max-width: 768px) 100vw, 768px\" \/><\/p>\n<p style=\"text-align: justify;\">Oficina de Ingl\u00eas com a professora Ana Carolina<\/p>\n<p>[\/vc_column_text][vc_empty_space][vc_column_text]<\/p>\n<h4 style=\"text-align: center;\"><strong>Conv\u00eanio<\/strong><\/h4>\n<p><img loading=\"lazy\" decoding=\"async\" class=\"alignnone size-medium wp-image-4462 aligncenter\" src=\"http:\/\/ijfc.org.br\/wp-content\/uploads\/2025\/06\/prefeitura-300x164.png\" alt=\"\" width=\"300\" height=\"164\" srcset=\"https:\/\/ijfc.org.br\/wp-content\/uploads\/2025\/06\/prefeitura-300x164.png 300w, https:\/\/ijfc.org.br\/wp-content\/uploads\/2025\/06\/prefeitura.png 544w\" sizes=\"auto, (max-width: 300px) 100vw, 300px\" \/><\/p>\n<h4 style=\"text-align: center;\"><strong>Apoiadores<\/strong><\/h4>\n<p style=\"text-align: center;\"><img loading=\"lazy\" decoding=\"async\" class=\"alignnone wp-image-4466\" src=\"http:\/\/ijfc.org.br\/wp-content\/uploads\/2025\/06\/expo-300x156.png\" alt=\"\" width=\"144\" height=\"75\" srcset=\"https:\/\/ijfc.org.br\/wp-content\/uploads\/2025\/06\/expo-300x156.png 300w, https:\/\/ijfc.org.br\/wp-content\/uploads\/2025\/06\/expo.png 516w\" sizes=\"auto, (max-width: 144px) 100vw, 144px\" \/> <img loading=\"lazy\" decoding=\"async\" class=\"alignnone wp-image-4464\" src=\"http:\/\/ijfc.org.br\/wp-content\/uploads\/2025\/06\/cent-300x264.png\" alt=\"\" width=\"85\" height=\"75\" srcset=\"https:\/\/ijfc.org.br\/wp-content\/uploads\/2025\/06\/cent-300x264.png 300w, https:\/\/ijfc.org.br\/wp-content\/uploads\/2025\/06\/cent.png 304w\" sizes=\"auto, (max-width: 85px) 100vw, 85px\" \/> <img loading=\"lazy\" decoding=\"async\" class=\"alignnone wp-image-4467\" src=\"http:\/\/ijfc.org.br\/wp-content\/uploads\/2025\/06\/ov-300x266.png\" alt=\"\" width=\"85\" height=\"75\" srcset=\"https:\/\/ijfc.org.br\/wp-content\/uploads\/2025\/06\/ov-300x266.png 300w, https:\/\/ijfc.org.br\/wp-content\/uploads\/2025\/06\/ov.png 302w\" sizes=\"auto, (max-width: 85px) 100vw, 85px\" \/><img loading=\"lazy\" decoding=\"async\" class=\"alignnone wp-image-4468\" src=\"http:\/\/ijfc.org.br\/wp-content\/uploads\/2025\/06\/uv-300x156.png\" alt=\"\" width=\"144\" height=\"75\" srcset=\"https:\/\/ijfc.org.br\/wp-content\/uploads\/2025\/06\/uv-300x156.png 300w, https:\/\/ijfc.org.br\/wp-content\/uploads\/2025\/06\/uv.png 516w\" sizes=\"auto, (max-width: 144px) 100vw, 144px\" \/> <img loading=\"lazy\" decoding=\"async\" class=\"alignnone wp-image-4465\" src=\"http:\/\/ijfc.org.br\/wp-content\/uploads\/2025\/06\/ex-300x156.png\" alt=\"\" width=\"144\" height=\"75\" srcset=\"https:\/\/ijfc.org.br\/wp-content\/uploads\/2025\/06\/ex-300x156.png 300w, https:\/\/ijfc.org.br\/wp-content\/uploads\/2025\/06\/ex.png 516w\" sizes=\"auto, (max-width: 144px) 100vw, 144px\" \/><\/p>\n<p>[\/vc_column_text][vc_empty_space][\/vc_column][vc_column width=&#8221;1\/6&#8243;][\/vc_column][\/vc_row][vc_row simple_background_color=&#8221;#f8f8f8&#8243; css=&#8221;.vc_custom_1523968375909{padding-top: 85px !important;padding-bottom: 85px !important;}&#8221;][vc_column]<div class=\"mkdf-call-to-action-holder  mkdf-normal-layout mkdf-content-in-grid mkdf-three-quarters-columns\">\n\t<div class=\"mkdf-cta-inner mkdf-grid\">\n\t\t<div class=\"mkdf-cta-text-holder\">\n\t\t\t<div class=\"mkdf-cta-text\">\n<h4>Tem alguma d\u00favida, sugest\u00e3o ou quer nos enviar uma mensagem?<\/h4>\n<\/div>\n\t\t<\/div>\n\t\t<div class=\"mkdf-cta-button-holder\" >\n\t\t\t<div class=\"mkdf-cta-button\"><a itemprop=\"url\" href=\"https:\/\/wa.me\/5541991852062\" target=\"_self\"  class=\"mkdf-btn mkdf-btn-medium mkdf-btn-solid\"  >    <span class=\"mkdf-btn-text\">Saiba mais!<\/span>    <\/a><\/div>\n\t\t<\/div>\n\t<\/div>\n<\/div>[\/vc_column][\/vc_row]<\/p>\n","protected":false},"excerpt":{"rendered":"<p>[vc_row][vc_column width=&#8221;1\/6&#8243;][\/vc_column][vc_column width=&#8221;2\/3&#8243;][vc_column_text] Matem\u00e1tica Tendo em vista a necessidade de tornar as aulas de matem\u00e1tica mais prazerosas, din\u00e2micas, participativas e desenvolvendo habilidades e compet\u00eancias propostas para o ensino fundamental, buscamos trabalhar o v\u00ednculo no processo de ensino e aprendizagem, despertando [&hellip;]<\/p>\n","protected":false},"author":1,"featured_media":0,"parent":0,"menu_order":0,"comment_status":"closed","ping_status":"closed","template":"full-width.php","meta":{"footnotes":""},"class_list":["post-3747","page","type-page","status-publish","hentry"],"_links":{"self":[{"href":"https:\/\/ijfc.org.br\/index.php\/wp-json\/wp\/v2\/pages\/3747","targetHints":{"allow":["GET"]}}],"collection":[{"href":"https:\/\/ijfc.org.br\/index.php\/wp-json\/wp\/v2\/pages"}],"about":[{"href":"https:\/\/ijfc.org.br\/index.php\/wp-json\/wp\/v2\/types\/page"}],"author":[{"embeddable":true,"href":"https:\/\/ijfc.org.br\/index.php\/wp-json\/wp\/v2\/users\/1"}],"replies":[{"embeddable":true,"href":"https:\/\/ijfc.org.br\/index.php\/wp-json\/wp\/v2\/comments?post=3747"}],"version-history":[{"count":4,"href":"https:\/\/ijfc.org.br\/index.php\/wp-json\/wp\/v2\/pages\/3747\/revisions"}],"predecessor-version":[{"id":4546,"href":"https:\/\/ijfc.org.br\/index.php\/wp-json\/wp\/v2\/pages\/3747\/revisions\/4546"}],"wp:attachment":[{"href":"https:\/\/ijfc.org.br\/index.php\/wp-json\/wp\/v2\/media?parent=3747"}],"curies":[{"name":"wp","href":"https:\/\/api.w.org\/{rel}","templated":true}]}}