{"id":3744,"date":"2025-04-01T15:32:27","date_gmt":"2025-04-01T18:32:27","guid":{"rendered":"http:\/\/ijfc.org.br\/?page_id=3744"},"modified":"2025-07-16T14:24:12","modified_gmt":"2025-07-16T17:24:12","slug":"apoiadores","status":"publish","type":"page","link":"https:\/\/ijfc.org.br\/index.php\/apoiadores\/","title":{"rendered":"Apoiadores"},"content":{"rendered":"<p>[vc_row][vc_column width=&#8221;1\/6&#8243;][\/vc_column][vc_column width=&#8221;2\/3&#8243;][vc_column_text]<\/p>\n<h4 style=\"text-align: center;\"><strong>PARCEIROS \/ COLABORADORES \/ VOLUNT\u00c1RIOS\u00a0 EM\u00a0 2017 \u2013 PARAN\u00c1<\/strong><\/h4>\n<h5 style=\"text-align: center;\"><strong>Pessoa Jur\u00eddica P\u00fablica<\/strong><\/h5>\n<p style=\"text-align: center;\"><a href=\"http:\/\/www.policiacivil.pr.gov.br\/modules\/conteudo\/conteudo.php?conteudo=11\">C.O.P.E \u2013 Centro de Opera\u00e7\u00f5es Policiais<\/a><\/p>\n<p style=\"text-align: center;\"><a href=\"http:\/\/www.pmpr.pr.gov.br\/modules\/conteudo\/conteudo.php?conteudo=1143\">B.O.P.E \u2013 Batalh\u00e3o de Opera\u00e7\u00f5es Policiais<\/a><\/p>\n<p style=\"text-align: center;\"><a href=\"http:\/\/www.pinhais.pr.gov.br\/assistenciasocial\/\">Secretaria Municipal de Assist\u00eancia Social de Pinhais<\/a><\/p>\n<h3 style=\"text-align: center;\"><strong>Pessoa Jur\u00eddica Privada<\/strong><\/h3>\n<p style=\"text-align: center;\">Ouro Verde Investimentos<\/p>\n<p style=\"text-align: center;\"><a href=\"http:\/\/expotrade.com.br\/\">Expotrade Convention Center<\/a><\/p>\n<p style=\"text-align: center;\">Centauro-On<\/p>\n<p style=\"text-align: center;\">FENASEG<\/p>\n<p style=\"text-align: center;\"><a href=\"http:\/\/www.bilanz.com.br\/\">Bilanz Gest\u00e3o Cont\u00e1bil<\/a><\/p>\n<p style=\"text-align: center;\">Margeon Comunica\u00e7\u00e3o Visual<\/p>\n<p style=\"text-align: center;\">Pontoon Investimentos S\/A<\/p>\n<p style=\"text-align: center;\">Fraternidade Feminina Cruzeiro do Sul<\/p>\n<p style=\"text-align: center;\">Hermes Bar Mosh Production<\/p>\n<p style=\"text-align: center;\">Lu\u00edza Suco S\u00f3 Alimentos e Bebidas LTDA<\/p>\n<p style=\"text-align: center;\">In Omerta MOTORCYCLE CLUB<\/p>\n<p style=\"text-align: center;\"><a href=\"https:\/\/www.prudentialdobrasil.com.br\/\">Prudential<\/a><\/p>\n<p style=\"text-align: center;\"><a href=\"https:\/\/www.sescpr.com.br\/\">SESC\/PR<\/a><\/p>\n<p style=\"text-align: center;\">Mesa Brasil<\/p>\n<p style=\"text-align: center;\">Clube Celta<\/p>\n<p style=\"text-align: center;\"><a href=\"http:\/\/www.electrolux.com.br\/\">Electrolux do Brasil<\/a><\/p>\n<p style=\"text-align: center;\">Museu da Vida<\/p>\n<p style=\"text-align: center;\">Loja Obreiros da Paz<\/p>\n<p style=\"text-align: center;\">Loja Obreiros de Pinhais<\/p>\n<p style=\"text-align: center;\"><a href=\"http:\/\/sindiseg.com.br\/\">SINDISEG<\/a><\/p>\n<p style=\"text-align: center;\"><a href=\"http:\/\/www.lions.org.br\/clubes\/pinhais\/\">Lions Club de Pinhais<\/a><\/p>\n<p style=\"text-align: center;\">Mulheres Motociclistas e Garupas Apaixonadas por Motos de Curitiba e Regi\u00e3o<\/p>\n<p style=\"text-align: center;\"><a href=\"https:\/\/www.brf-global.com\/\">BRF\/Perdig\u00e3o<\/a><\/p>\n<p style=\"text-align: center;\"><a href=\"https:\/\/www.unibrasil.com.br\/\">UNIBRASIL<\/a><\/p>\n<p style=\"text-align: center;\"><a href=\"https:\/\/www.pucpr.br\/\">PUC-PR<\/a><\/p>\n<h5 style=\"text-align: center;\"><strong>Pessoa F\u00edsica<\/strong><\/h5>\n<p style=\"text-align: center;\">Ana Carolina Ferraz de Campos Bolduan<\/p>\n<p style=\"text-align: center;\">Ana Paula de Macedo Ferraz de Campos<\/p>\n<p style=\"text-align: center;\">Felipe Rinaldin<\/p>\n<p style=\"text-align: center;\">Sra. Gilka de Castilho<\/p>\n<p style=\"text-align: center;\">Nelson Alfredo Ribas Bolduan<\/p>\n<p style=\"text-align: center;\">Jordana Lu\u00edza Miqueleto<\/p>\n<p style=\"text-align: center;\">Marilda Alves Moreira Silva<\/p>\n<p style=\"text-align: center;\">Andre Ricardo Steindorff Malheiros<\/p>\n<p style=\"text-align: center;\">Fam\u00edlia\u00a0 Minetto<\/p>\n<p style=\"text-align: center;\">Fam\u00edlia Camargo<\/p>\n<p style=\"text-align: center;\">Fam\u00edlia Castro<\/p>\n<p style=\"text-align: center;\">Vereador Renan Ceschin<\/p>\n<p>[\/vc_column_text][vc_empty_space][vc_empty_space][vc_column_text]<\/p>\n<h4 style=\"text-align: center;\"><strong>Conv\u00eanio<\/strong><\/h4>\n<p><img loading=\"lazy\" decoding=\"async\" class=\"alignnone size-medium wp-image-4462 aligncenter\" src=\"http:\/\/ijfc.org.br\/wp-content\/uploads\/2025\/06\/prefeitura-300x164.png\" alt=\"\" width=\"300\" height=\"164\" srcset=\"https:\/\/ijfc.org.br\/wp-content\/uploads\/2025\/06\/prefeitura-300x164.png 300w, https:\/\/ijfc.org.br\/wp-content\/uploads\/2025\/06\/prefeitura.png 544w\" sizes=\"auto, (max-width: 300px) 100vw, 300px\" \/><\/p>\n<h4 style=\"text-align: center;\"><strong>Apoiadores<\/strong><\/h4>\n<p style=\"text-align: center;\"><img loading=\"lazy\" decoding=\"async\" class=\"alignnone wp-image-4466\" src=\"http:\/\/ijfc.org.br\/wp-content\/uploads\/2025\/06\/expo-300x156.png\" alt=\"\" width=\"144\" height=\"75\" srcset=\"https:\/\/ijfc.org.br\/wp-content\/uploads\/2025\/06\/expo-300x156.png 300w, https:\/\/ijfc.org.br\/wp-content\/uploads\/2025\/06\/expo.png 516w\" sizes=\"auto, (max-width: 144px) 100vw, 144px\" \/> <img loading=\"lazy\" decoding=\"async\" class=\"alignnone wp-image-4464\" src=\"http:\/\/ijfc.org.br\/wp-content\/uploads\/2025\/06\/cent-300x264.png\" alt=\"\" width=\"85\" height=\"75\" srcset=\"https:\/\/ijfc.org.br\/wp-content\/uploads\/2025\/06\/cent-300x264.png 300w, https:\/\/ijfc.org.br\/wp-content\/uploads\/2025\/06\/cent.png 304w\" sizes=\"auto, (max-width: 85px) 100vw, 85px\" \/> <img loading=\"lazy\" decoding=\"async\" class=\"alignnone wp-image-4467\" src=\"http:\/\/ijfc.org.br\/wp-content\/uploads\/2025\/06\/ov-300x266.png\" alt=\"\" width=\"85\" height=\"75\" srcset=\"https:\/\/ijfc.org.br\/wp-content\/uploads\/2025\/06\/ov-300x266.png 300w, https:\/\/ijfc.org.br\/wp-content\/uploads\/2025\/06\/ov.png 302w\" sizes=\"auto, (max-width: 85px) 100vw, 85px\" \/><img loading=\"lazy\" decoding=\"async\" class=\"alignnone wp-image-4468\" src=\"http:\/\/ijfc.org.br\/wp-content\/uploads\/2025\/06\/uv-300x156.png\" alt=\"\" width=\"144\" height=\"75\" srcset=\"https:\/\/ijfc.org.br\/wp-content\/uploads\/2025\/06\/uv-300x156.png 300w, https:\/\/ijfc.org.br\/wp-content\/uploads\/2025\/06\/uv.png 516w\" sizes=\"auto, (max-width: 144px) 100vw, 144px\" \/> <img loading=\"lazy\" decoding=\"async\" class=\"alignnone wp-image-4465\" src=\"http:\/\/ijfc.org.br\/wp-content\/uploads\/2025\/06\/ex-300x156.png\" alt=\"\" width=\"144\" height=\"75\" srcset=\"https:\/\/ijfc.org.br\/wp-content\/uploads\/2025\/06\/ex-300x156.png 300w, https:\/\/ijfc.org.br\/wp-content\/uploads\/2025\/06\/ex.png 516w\" sizes=\"auto, (max-width: 144px) 100vw, 144px\" \/><\/p>\n<p>[\/vc_column_text][vc_empty_space][\/vc_column][vc_column width=&#8221;1\/6&#8243;][\/vc_column][\/vc_row][vc_row simple_background_color=&#8221;#f8f8f8&#8243; css=&#8221;.vc_custom_1523968375909{padding-top: 85px !important;padding-bottom: 85px !important;}&#8221;][vc_column]<div class=\"mkdf-call-to-action-holder  mkdf-normal-layout mkdf-content-in-grid mkdf-three-quarters-columns\">\n\t<div class=\"mkdf-cta-inner mkdf-grid\">\n\t\t<div class=\"mkdf-cta-text-holder\">\n\t\t\t<div class=\"mkdf-cta-text\">\n<h4>Tem alguma d\u00favida, sugest\u00e3o ou quer nos enviar uma mensagem?<\/h4>\n<\/div>\n\t\t<\/div>\n\t\t<div class=\"mkdf-cta-button-holder\" >\n\t\t\t<div class=\"mkdf-cta-button\"><a itemprop=\"url\" href=\"https:\/\/wa.me\/5541991852062\" target=\"_self\"  class=\"mkdf-btn mkdf-btn-medium mkdf-btn-solid\"  >    <span class=\"mkdf-btn-text\">Saiba mais!<\/span>    <\/a><\/div>\n\t\t<\/div>\n\t<\/div>\n<\/div>[\/vc_column][\/vc_row]<\/p>\n","protected":false},"excerpt":{"rendered":"<p>[vc_row][vc_column width=&#8221;1\/6&#8243;][\/vc_column][vc_column width=&#8221;2\/3&#8243;][vc_column_text] PARCEIROS \/ COLABORADORES \/ VOLUNT\u00c1RIOS\u00a0 EM\u00a0 2017 \u2013 PARAN\u00c1 Pessoa Jur\u00eddica P\u00fablica C.O.P.E \u2013 Centro de Opera\u00e7\u00f5es Policiais B.O.P.E \u2013 Batalh\u00e3o de Opera\u00e7\u00f5es Policiais Secretaria Municipal de Assist\u00eancia Social de Pinhais Pessoa Jur\u00eddica Privada Ouro Verde Investimentos [&hellip;]<\/p>\n","protected":false},"author":1,"featured_media":0,"parent":0,"menu_order":0,"comment_status":"closed","ping_status":"closed","template":"full-width.php","meta":{"footnotes":""},"class_list":["post-3744","page","type-page","status-publish","hentry"],"_links":{"self":[{"href":"https:\/\/ijfc.org.br\/index.php\/wp-json\/wp\/v2\/pages\/3744","targetHints":{"allow":["GET"]}}],"collection":[{"href":"https:\/\/ijfc.org.br\/index.php\/wp-json\/wp\/v2\/pages"}],"about":[{"href":"https:\/\/ijfc.org.br\/index.php\/wp-json\/wp\/v2\/types\/page"}],"author":[{"embeddable":true,"href":"https:\/\/ijfc.org.br\/index.php\/wp-json\/wp\/v2\/users\/1"}],"replies":[{"embeddable":true,"href":"https:\/\/ijfc.org.br\/index.php\/wp-json\/wp\/v2\/comments?post=3744"}],"version-history":[{"count":3,"href":"https:\/\/ijfc.org.br\/index.php\/wp-json\/wp\/v2\/pages\/3744\/revisions"}],"predecessor-version":[{"id":4550,"href":"https:\/\/ijfc.org.br\/index.php\/wp-json\/wp\/v2\/pages\/3744\/revisions\/4550"}],"wp:attachment":[{"href":"https:\/\/ijfc.org.br\/index.php\/wp-json\/wp\/v2\/media?parent=3744"}],"curies":[{"name":"wp","href":"https:\/\/api.w.org\/{rel}","templated":true}]}}