{"id":3716,"date":"2025-04-01T10:56:03","date_gmt":"2025-04-01T13:56:03","guid":{"rendered":"http:\/\/ijfc.org.br\/?page_id=3716"},"modified":"2025-07-16T14:16:23","modified_gmt":"2025-07-16T17:16:23","slug":"servico_social","status":"publish","type":"page","link":"https:\/\/ijfc.org.br\/index.php\/servico_social\/","title":{"rendered":"Servi\u00e7o Social"},"content":{"rendered":"<p>[vc_row][vc_column width=&#8221;1\/6&#8243;][\/vc_column][vc_column width=&#8221;2\/3&#8243;][vc_column_text]<\/p>\n<p style=\"text-align: justify;\"><strong>Principais\u00a0 Objetivos<\/strong><\/p>\n<p style=\"text-align: justify;\"><strong>Acolhida:\u00a0<\/strong>\u00e9\u00a0o processo de contato inicial de uma pessoa com o IJFC. Consiste na realiza\u00e7\u00e3o de\u00a0escuta qualificada das necessidades, repasse de informa\u00e7\u00f5es sobre os servi\u00e7os prestados pelo Instituto e pela Rede de Servi\u00e7os de Pinhais.\u00a0Esta a\u00e7\u00e3o \u00e9 feita sempre que um novo usu\u00e1rio \u00e9 encaminhado para inser\u00e7\u00e3o no servi\u00e7o.<\/p>\n<p style=\"text-align: justify;\">A acolhida, liderada pela assistente social com apoio dos demais membros da equipe t\u00e9cnica, \u00e9 realizada no per\u00edodo\u00a0 de at\u00e9 cinco dias ap\u00f3s o encaminhamento da Rede, com posterior comunica\u00e7\u00e3o a Secretaria Municipal de Assist\u00eancia Social de Pinhais e ao Centro de Refer\u00eancia de Assist\u00eancia Social.<\/p>\n<p style=\"text-align: justify;\"><strong>Encontro de fam\u00edlia:\u00a0<\/strong>Consiste na realiza\u00e7\u00e3o de encontros planejados em conjunto com as fam\u00edlias e seus representantes. Tem como proposta possibilitar a reflex\u00e3o sobre um tema de\u00a0relev\u00e2ncia para as fam\u00edlias, contribuindo\u00a0com a supera\u00e7\u00e3o de vulnerabilidades e\u00a0riscos, desenvolvendo potencialidades e fortalecendo os v\u00ednculos familiares e comunit\u00e1rios, assim com o acesso \u00e0 direitos, o protagonismo e a participa\u00e7\u00e3o social.<\/p>\n<p style=\"text-align: justify;\"><strong>Visitas\u00a0<\/strong><strong>domiciliares:\u00a0<\/strong>As visitas\u00a0domiciliares se constituem em importante\u00a0instrumento de interven\u00e7\u00e3o social dentro\u00a0do Servi\u00e7o de Prote\u00e7\u00e3o Social B\u00e1sica,\u00a0desenvolvidos pelo IJFC, pois \u00e9 a melhor\u00a0forma de aproxima\u00e7\u00e3o entre o profissional\u00a0e a realidade do sujeito\/grupo familiar\u00a0atendido. \u00c9 responsabilidade da assistente social visitar todos os usu\u00e1rios inseridos no Instituto, conforme a necessidade do caso.<\/p>\n<p><img loading=\"lazy\" decoding=\"async\" class=\"alignnone size-medium wp-image-3717\" src=\"http:\/\/ijfc.org.br\/wp-content\/uploads\/2025\/04\/servico-300x225.jpg\" alt=\"\" width=\"300\" height=\"225\" srcset=\"https:\/\/ijfc.org.br\/wp-content\/uploads\/2025\/04\/servico-300x225.jpg 300w, https:\/\/ijfc.org.br\/wp-content\/uploads\/2025\/04\/servico-1024x768.jpg 1024w, https:\/\/ijfc.org.br\/wp-content\/uploads\/2025\/04\/servico-768x576.jpg 768w, https:\/\/ijfc.org.br\/wp-content\/uploads\/2025\/04\/servico.jpg 1365w\" sizes=\"auto, (max-width: 300px) 100vw, 300px\" \/>[\/vc_column_text][vc_empty_space][vc_empty_space][vc_column_text]<strong>Mais informa\u00e7\u00f5es<\/strong><\/p>\n<p><a href=\"http:\/\/ijfc.org.br\/index.php\/equipe\/\">&#8211; Equipe T\u00e9cnica \u2013 Atendimento e Apoio<\/a><br \/>\n<a href=\"http:\/\/ijfc.org.br\/index.php\/coordenacao\/\">&#8211; Coordena\u00e7\u00e3o Pedag\u00f3gica<\/a><br \/>\n<a href=\"http:\/\/ijfc.org.br\/index.php\/servico_social\/\">&#8211; Servi\u00e7o Social<\/a><br \/>\n<a href=\"http:\/\/ijfc.org.br\/index.php\/atendimento_psico\/\">&#8211; Atendimento Psicol\u00f3gico<\/a>[\/vc_column_text][vc_empty_space][vc_column_text]<\/p>\n<h4 style=\"text-align: center;\"><strong>Conv\u00eanio<\/strong><\/h4>\n<p><img loading=\"lazy\" decoding=\"async\" class=\"alignnone size-medium wp-image-4462 aligncenter\" src=\"http:\/\/ijfc.org.br\/wp-content\/uploads\/2025\/06\/prefeitura-300x164.png\" alt=\"\" width=\"300\" height=\"164\" srcset=\"https:\/\/ijfc.org.br\/wp-content\/uploads\/2025\/06\/prefeitura-300x164.png 300w, https:\/\/ijfc.org.br\/wp-content\/uploads\/2025\/06\/prefeitura.png 544w\" sizes=\"auto, (max-width: 300px) 100vw, 300px\" \/><\/p>\n<h4 style=\"text-align: center;\"><strong>Apoiadores<\/strong><\/h4>\n<p style=\"text-align: center;\"><img loading=\"lazy\" decoding=\"async\" class=\"alignnone wp-image-4466\" src=\"http:\/\/ijfc.org.br\/wp-content\/uploads\/2025\/06\/expo-300x156.png\" alt=\"\" width=\"144\" height=\"75\" srcset=\"https:\/\/ijfc.org.br\/wp-content\/uploads\/2025\/06\/expo-300x156.png 300w, https:\/\/ijfc.org.br\/wp-content\/uploads\/2025\/06\/expo.png 516w\" sizes=\"auto, (max-width: 144px) 100vw, 144px\" \/> <img loading=\"lazy\" decoding=\"async\" class=\"alignnone wp-image-4464\" src=\"http:\/\/ijfc.org.br\/wp-content\/uploads\/2025\/06\/cent-300x264.png\" alt=\"\" width=\"85\" height=\"75\" srcset=\"https:\/\/ijfc.org.br\/wp-content\/uploads\/2025\/06\/cent-300x264.png 300w, https:\/\/ijfc.org.br\/wp-content\/uploads\/2025\/06\/cent.png 304w\" sizes=\"auto, (max-width: 85px) 100vw, 85px\" \/> <img loading=\"lazy\" decoding=\"async\" class=\"alignnone wp-image-4467\" src=\"http:\/\/ijfc.org.br\/wp-content\/uploads\/2025\/06\/ov-300x266.png\" alt=\"\" width=\"85\" height=\"75\" srcset=\"https:\/\/ijfc.org.br\/wp-content\/uploads\/2025\/06\/ov-300x266.png 300w, https:\/\/ijfc.org.br\/wp-content\/uploads\/2025\/06\/ov.png 302w\" sizes=\"auto, (max-width: 85px) 100vw, 85px\" \/><img loading=\"lazy\" decoding=\"async\" class=\"alignnone wp-image-4468\" src=\"http:\/\/ijfc.org.br\/wp-content\/uploads\/2025\/06\/uv-300x156.png\" alt=\"\" width=\"144\" height=\"75\" srcset=\"https:\/\/ijfc.org.br\/wp-content\/uploads\/2025\/06\/uv-300x156.png 300w, https:\/\/ijfc.org.br\/wp-content\/uploads\/2025\/06\/uv.png 516w\" sizes=\"auto, (max-width: 144px) 100vw, 144px\" \/> <img loading=\"lazy\" decoding=\"async\" class=\"alignnone wp-image-4465\" src=\"http:\/\/ijfc.org.br\/wp-content\/uploads\/2025\/06\/ex-300x156.png\" alt=\"\" width=\"144\" height=\"75\" srcset=\"https:\/\/ijfc.org.br\/wp-content\/uploads\/2025\/06\/ex-300x156.png 300w, https:\/\/ijfc.org.br\/wp-content\/uploads\/2025\/06\/ex.png 516w\" sizes=\"auto, (max-width: 144px) 100vw, 144px\" \/><\/p>\n<p>[\/vc_column_text][vc_empty_space][\/vc_column][vc_column width=&#8221;1\/6&#8243;][\/vc_column][\/vc_row][vc_row simple_background_color=&#8221;#f8f8f8&#8243; css=&#8221;.vc_custom_1523968375909{padding-top: 85px !important;padding-bottom: 85px !important;}&#8221;][vc_column]<div class=\"mkdf-call-to-action-holder  mkdf-normal-layout mkdf-content-in-grid mkdf-three-quarters-columns\">\n\t<div class=\"mkdf-cta-inner mkdf-grid\">\n\t\t<div class=\"mkdf-cta-text-holder\">\n\t\t\t<div class=\"mkdf-cta-text\">\n<h4>Tem alguma d\u00favida, sugest\u00e3o ou quer nos enviar uma mensagem?<\/h4>\n<\/div>\n\t\t<\/div>\n\t\t<div class=\"mkdf-cta-button-holder\" >\n\t\t\t<div class=\"mkdf-cta-button\"><a itemprop=\"url\" href=\"https:\/\/wa.me\/5541991852062\" target=\"_self\"  class=\"mkdf-btn mkdf-btn-medium mkdf-btn-solid\"  >    <span class=\"mkdf-btn-text\">Saiba mais!<\/span>    <\/a><\/div>\n\t\t<\/div>\n\t<\/div>\n<\/div>[\/vc_column][\/vc_row]<\/p>\n","protected":false},"excerpt":{"rendered":"<p>[vc_row][vc_column width=&#8221;1\/6&#8243;][\/vc_column][vc_column width=&#8221;2\/3&#8243;][vc_column_text] Principais\u00a0 Objetivos Acolhida:\u00a0\u00e9\u00a0o processo de contato inicial de uma pessoa com o IJFC. Consiste na realiza\u00e7\u00e3o de\u00a0escuta qualificada das necessidades, repasse de informa\u00e7\u00f5es sobre os servi\u00e7os prestados pelo Instituto e pela Rede de Servi\u00e7os de Pinhais.\u00a0Esta a\u00e7\u00e3o [&hellip;]<\/p>\n","protected":false},"author":1,"featured_media":0,"parent":0,"menu_order":0,"comment_status":"closed","ping_status":"closed","template":"full-width.php","meta":{"footnotes":""},"class_list":["post-3716","page","type-page","status-publish","hentry"],"_links":{"self":[{"href":"https:\/\/ijfc.org.br\/index.php\/wp-json\/wp\/v2\/pages\/3716","targetHints":{"allow":["GET"]}}],"collection":[{"href":"https:\/\/ijfc.org.br\/index.php\/wp-json\/wp\/v2\/pages"}],"about":[{"href":"https:\/\/ijfc.org.br\/index.php\/wp-json\/wp\/v2\/types\/page"}],"author":[{"embeddable":true,"href":"https:\/\/ijfc.org.br\/index.php\/wp-json\/wp\/v2\/users\/1"}],"replies":[{"embeddable":true,"href":"https:\/\/ijfc.org.br\/index.php\/wp-json\/wp\/v2\/comments?post=3716"}],"version-history":[{"count":5,"href":"https:\/\/ijfc.org.br\/index.php\/wp-json\/wp\/v2\/pages\/3716\/revisions"}],"predecessor-version":[{"id":4543,"href":"https:\/\/ijfc.org.br\/index.php\/wp-json\/wp\/v2\/pages\/3716\/revisions\/4543"}],"wp:attachment":[{"href":"https:\/\/ijfc.org.br\/index.php\/wp-json\/wp\/v2\/media?parent=3716"}],"curies":[{"name":"wp","href":"https:\/\/api.w.org\/{rel}","templated":true}]}}