{"id":3710,"date":"2025-04-01T10:51:13","date_gmt":"2025-04-01T13:51:13","guid":{"rendered":"http:\/\/ijfc.org.br\/?page_id=3710"},"modified":"2025-07-16T14:15:58","modified_gmt":"2025-07-16T17:15:58","slug":"coordenacao","status":"publish","type":"page","link":"https:\/\/ijfc.org.br\/index.php\/coordenacao\/","title":{"rendered":"Coordena\u00e7\u00e3o"},"content":{"rendered":"<p>[vc_row][vc_column width=&#8221;1\/6&#8243;][\/vc_column][vc_column width=&#8221;2\/3&#8243;][vc_column_text]<\/p>\n<p style=\"text-align: justify;\">Acreditando que a educa\u00e7\u00e3o \u00e9 composta por um conjunto de a\u00e7\u00f5es, fatores e influ\u00eancias que agem no indiv\u00edduo, o IJFC contribui para a efetiva\u00e7\u00e3o dos direitos das crian\u00e7as e dos adolescentes, em um processo cont\u00ednuo que orienta e conduz os indiv\u00edduos a novas descobertas a servi\u00e7o do seu protagonismo e autonomia na constru\u00e7\u00e3o da cidadania. Produz oportunidades de aprendizagem e tamb\u00e9m complementa a educa\u00e7\u00e3o escolar.<\/p>\n<p style=\"text-align: justify;\">A base para o desenvolvimento das a\u00e7\u00f5es do Instituto emerge com as demandas sociais apresentadas; interesses e especificidades da comunidade onde os usu\u00e1rios est\u00e3o inseridos e dos sujeitos com os quais interagem.<\/p>\n<p style=\"text-align: justify;\">O argumento educativo das atividades est\u00e1 pautado na garantia da prote\u00e7\u00e3o social de crian\u00e7as e adolescentes, que se encontram em situa\u00e7\u00f5es de risco pessoal e social. A articula\u00e7\u00e3o com as escolas \u00e9 de grande import\u00e2ncia para a manuten\u00e7\u00e3o dos direitos e para a inser\u00e7\u00e3o, reinser\u00e7\u00e3o e perman\u00eancia no sistema educacional. No ano de 2019 foram atendidos alunos de 13 Escolas Municipais e 14 Col\u00e9gios Estaduais.<\/p>\n<p style=\"text-align: justify;\">O acompanhamento do trabalho da equipe de educadores que atuam no Servi\u00e7o de Conviv\u00eancia \u00e9 de responsabilidade da Pedagoga, que faz o acompanhamento dos profissionais. \u00c9 funda- mental que educadores e demais profissionais estejam coesos, formando uma equipe que trabalha pela garantia do desenvolvimento integral dos atendimentos.<\/p>\n<p style=\"text-align: justify;\">Em todas as atividades desenvolvidas pelo IJFC, s\u00e3o constru\u00eddas estrat\u00e9gias de interven\u00e7\u00e3o para tentar amenizar conflitos vivenciados pelas crian\u00e7as e adolescentes em seu meio familiar, escolar e social.<\/p>\n<p style=\"text-align: justify;\"><strong>ATRIBUI\u00c7\u00d5ES DA COORDENA\u00c7\u00c3O PEDAG\u00d3GICA:<\/strong><\/p>\n<p style=\"text-align: justify;\">Coordenar as atividades, interven\u00e7\u00f5es e planejamentos adequando-os \u00e0s necessidades dos usu\u00e1rios e exig\u00eancias da Pol\u00edtica de Assist\u00eancia Social;<\/p>\n<p style=\"text-align: justify;\">\u00a0Orientar a equipe t\u00e9cnica e com ela propiciar momentos de discuss\u00e3o e reflex\u00e3o das pr\u00e1xis junto aos educadores a fim de alinhar a oferta dos servi\u00e7os visando a constru\u00e7\u00e3o\/reconstru\u00e7\u00e3o e fortaleci- mento de v\u00ednculos familiares e comunit\u00e1rios.<\/p>\n<p style=\"text-align: justify;\">\u00a0Colaborar na defini\u00e7\u00e3o das oficinas desenvolvidas em todas as \u00e1reas, sugerindo atividades;<\/p>\n<p style=\"text-align: justify;\">\u00a0\u00a0Disponibilizar materiais e pesquisas que estimulem a criatividade, sugerir atividades que contribuam para que as oficinas estejam coesas e de acordo com os objetivos das \u00e1reas;<\/p>\n<p style=\"text-align: justify;\">\u00a0Analisar se os objetivos dos planejamentos est\u00e3o de acordo com a faixa et\u00e1ria e maturidade dos grupos, ao qual se destina;<\/p>\n<p style=\"text-align: justify;\">\u00a0Acompanhar e avaliar os resultados das atividades em conjunto com os educadores; \u00a0Mapear o rendimento escolar para o Projeto Bom de Nota;<\/p>\n<p style=\"text-align: justify;\">\u00a0Orientar o educador na compreens\u00e3o da din\u00e2mica interpessoal e de grupo, nas oficinas, e seus efeitos na aprendizagem e no comportamento dos usu\u00e1rios;<\/p>\n<p style=\"text-align: justify;\">\u00a0Acompanhar o desenvolvimento e a frequ\u00eancia escolar; \u00a0Auxiliar a realiza\u00e7\u00e3o de atividades de casa;<\/p>\n<p style=\"text-align: justify;\">\u00a0Organizar as crian\u00e7as\/adolescente nos grupos de acordo com a faixa et\u00e1ria, n\u00edvel escolar e interesses apresentados;<\/p>\n<ul>\n<li style=\"text-align: justify;\">Estruturar escala das oficinas e grade hor\u00e1ria dos<\/li>\n<li style=\"text-align: justify;\">Organizar hor\u00e1rios de atendimentos individualizados do plant\u00e3o de d\u00favida de acordo com as dificuldades escolares;<\/li>\n<\/ul>\n<p>[\/vc_column_text][vc_empty_space][vc_empty_space][vc_column_text]<strong>Mais informa\u00e7\u00f5es<\/strong><\/p>\n<p><a href=\"http:\/\/ijfc.org.br\/index.php\/equipe\/\">&#8211; Equipe T\u00e9cnica \u2013 Atendimento e Apoio<\/a><br \/>\n<a href=\"http:\/\/ijfc.org.br\/index.php\/coordenacao\/\">&#8211; Coordena\u00e7\u00e3o Pedag\u00f3gica<\/a><br \/>\n<a href=\"http:\/\/ijfc.org.br\/index.php\/servico_social\/\">&#8211; Servi\u00e7o Social<\/a><br \/>\n<a href=\"http:\/\/ijfc.org.br\/index.php\/atendimento_psico\/\">&#8211; Atendimento Psicol\u00f3gico<\/a>[\/vc_column_text][vc_empty_space][vc_column_text]<\/p>\n<h4 style=\"text-align: center;\"><strong>Conv\u00eanio<\/strong><\/h4>\n<p><img loading=\"lazy\" decoding=\"async\" class=\"alignnone size-medium wp-image-4462 aligncenter\" src=\"http:\/\/ijfc.org.br\/wp-content\/uploads\/2025\/06\/prefeitura-300x164.png\" alt=\"\" width=\"300\" height=\"164\" srcset=\"https:\/\/ijfc.org.br\/wp-content\/uploads\/2025\/06\/prefeitura-300x164.png 300w, https:\/\/ijfc.org.br\/wp-content\/uploads\/2025\/06\/prefeitura.png 544w\" sizes=\"auto, (max-width: 300px) 100vw, 300px\" \/><\/p>\n<h4 style=\"text-align: center;\"><strong>Apoiadores<\/strong><\/h4>\n<p style=\"text-align: center;\"><img loading=\"lazy\" decoding=\"async\" class=\"alignnone wp-image-4466\" src=\"http:\/\/ijfc.org.br\/wp-content\/uploads\/2025\/06\/expo-300x156.png\" alt=\"\" width=\"144\" height=\"75\" srcset=\"https:\/\/ijfc.org.br\/wp-content\/uploads\/2025\/06\/expo-300x156.png 300w, https:\/\/ijfc.org.br\/wp-content\/uploads\/2025\/06\/expo.png 516w\" sizes=\"auto, (max-width: 144px) 100vw, 144px\" \/> <img loading=\"lazy\" decoding=\"async\" class=\"alignnone wp-image-4464\" src=\"http:\/\/ijfc.org.br\/wp-content\/uploads\/2025\/06\/cent-300x264.png\" alt=\"\" width=\"85\" height=\"75\" srcset=\"https:\/\/ijfc.org.br\/wp-content\/uploads\/2025\/06\/cent-300x264.png 300w, https:\/\/ijfc.org.br\/wp-content\/uploads\/2025\/06\/cent.png 304w\" sizes=\"auto, (max-width: 85px) 100vw, 85px\" \/> <img loading=\"lazy\" decoding=\"async\" class=\"alignnone wp-image-4467\" src=\"http:\/\/ijfc.org.br\/wp-content\/uploads\/2025\/06\/ov-300x266.png\" alt=\"\" width=\"85\" height=\"75\" srcset=\"https:\/\/ijfc.org.br\/wp-content\/uploads\/2025\/06\/ov-300x266.png 300w, https:\/\/ijfc.org.br\/wp-content\/uploads\/2025\/06\/ov.png 302w\" sizes=\"auto, (max-width: 85px) 100vw, 85px\" \/><img loading=\"lazy\" decoding=\"async\" class=\"alignnone wp-image-4468\" src=\"http:\/\/ijfc.org.br\/wp-content\/uploads\/2025\/06\/uv-300x156.png\" alt=\"\" width=\"144\" height=\"75\" srcset=\"https:\/\/ijfc.org.br\/wp-content\/uploads\/2025\/06\/uv-300x156.png 300w, https:\/\/ijfc.org.br\/wp-content\/uploads\/2025\/06\/uv.png 516w\" sizes=\"auto, (max-width: 144px) 100vw, 144px\" \/> <img loading=\"lazy\" decoding=\"async\" class=\"alignnone wp-image-4465\" src=\"http:\/\/ijfc.org.br\/wp-content\/uploads\/2025\/06\/ex-300x156.png\" alt=\"\" width=\"144\" height=\"75\" srcset=\"https:\/\/ijfc.org.br\/wp-content\/uploads\/2025\/06\/ex-300x156.png 300w, https:\/\/ijfc.org.br\/wp-content\/uploads\/2025\/06\/ex.png 516w\" sizes=\"auto, (max-width: 144px) 100vw, 144px\" \/><\/p>\n<p>[\/vc_column_text][vc_empty_space][\/vc_column][vc_column width=&#8221;1\/6&#8243;][\/vc_column][\/vc_row][vc_row simple_background_color=&#8221;#f8f8f8&#8243; css=&#8221;.vc_custom_1523968375909{padding-top: 85px !important;padding-bottom: 85px !important;}&#8221;][vc_column]<div class=\"mkdf-call-to-action-holder  mkdf-normal-layout mkdf-content-in-grid mkdf-three-quarters-columns\">\n\t<div class=\"mkdf-cta-inner mkdf-grid\">\n\t\t<div class=\"mkdf-cta-text-holder\">\n\t\t\t<div class=\"mkdf-cta-text\">\n<h4>Tem alguma d\u00favida, sugest\u00e3o ou quer nos enviar uma mensagem?<\/h4>\n<\/div>\n\t\t<\/div>\n\t\t<div class=\"mkdf-cta-button-holder\" >\n\t\t\t<div class=\"mkdf-cta-button\"><a itemprop=\"url\" href=\"https:\/\/wa.me\/5541991852062\" target=\"_self\"  class=\"mkdf-btn mkdf-btn-medium mkdf-btn-solid\"  >    <span class=\"mkdf-btn-text\">Saiba mais!<\/span>    <\/a><\/div>\n\t\t<\/div>\n\t<\/div>\n<\/div>[\/vc_column][\/vc_row]<\/p>\n","protected":false},"excerpt":{"rendered":"<p>[vc_row][vc_column width=&#8221;1\/6&#8243;][\/vc_column][vc_column width=&#8221;2\/3&#8243;][vc_column_text] Acreditando que a educa\u00e7\u00e3o \u00e9 composta por um conjunto de a\u00e7\u00f5es, fatores e influ\u00eancias que agem no indiv\u00edduo, o IJFC contribui para a efetiva\u00e7\u00e3o dos direitos das crian\u00e7as e dos adolescentes, em um processo cont\u00ednuo que orienta [&hellip;]<\/p>\n","protected":false},"author":1,"featured_media":0,"parent":0,"menu_order":0,"comment_status":"closed","ping_status":"closed","template":"full-width.php","meta":{"footnotes":""},"class_list":["post-3710","page","type-page","status-publish","hentry"],"_links":{"self":[{"href":"https:\/\/ijfc.org.br\/index.php\/wp-json\/wp\/v2\/pages\/3710","targetHints":{"allow":["GET"]}}],"collection":[{"href":"https:\/\/ijfc.org.br\/index.php\/wp-json\/wp\/v2\/pages"}],"about":[{"href":"https:\/\/ijfc.org.br\/index.php\/wp-json\/wp\/v2\/types\/page"}],"author":[{"embeddable":true,"href":"https:\/\/ijfc.org.br\/index.php\/wp-json\/wp\/v2\/users\/1"}],"replies":[{"embeddable":true,"href":"https:\/\/ijfc.org.br\/index.php\/wp-json\/wp\/v2\/comments?post=3710"}],"version-history":[{"count":7,"href":"https:\/\/ijfc.org.br\/index.php\/wp-json\/wp\/v2\/pages\/3710\/revisions"}],"predecessor-version":[{"id":4542,"href":"https:\/\/ijfc.org.br\/index.php\/wp-json\/wp\/v2\/pages\/3710\/revisions\/4542"}],"wp:attachment":[{"href":"https:\/\/ijfc.org.br\/index.php\/wp-json\/wp\/v2\/media?parent=3710"}],"curies":[{"name":"wp","href":"https:\/\/api.w.org\/{rel}","templated":true}]}}