{"id":3704,"date":"2025-04-01T10:34:31","date_gmt":"2025-04-01T13:34:31","guid":{"rendered":"http:\/\/ijfc.org.br\/?page_id=3704"},"modified":"2025-07-16T14:15:20","modified_gmt":"2025-07-16T17:15:20","slug":"equipe","status":"publish","type":"page","link":"https:\/\/ijfc.org.br\/index.php\/equipe\/","title":{"rendered":"Equipe T\u00e9cnica"},"content":{"rendered":"<p>[vc_row][vc_column width=&#8221;1\/6&#8243;][\/vc_column][vc_column width=&#8221;2\/3&#8243;][vc_column_text]<\/p>\n<h4 style=\"text-align: justify;\"><a name=\"_TOC_250016\"><\/a><strong>ATRIBUI\u00c7\u00d5ES PRINCIPAIS DA EQUIPE <\/strong><strong>T\u00c9CNICA<\/strong><\/h4>\n<p style=\"text-align: justify;\">\u00a0<strong>Aux\u00edlio aos educadores e aos demais membros da equipe <\/strong>nas atividades desenvolvidas, an\u00e1lise das principais dificuldades e problemas encontrados no trato cotidiano com os usu\u00e1rios, como manifesta\u00e7\u00f5es agressivas, apatia, tristeza, mudan\u00e7as repentinas de com- portamento. Defini\u00e7\u00e3o de interven\u00e7\u00f5es necess\u00e1rias e de estrat\u00e9gias para media\u00e7\u00e3o de conflitos. Para tanto s\u00e3o realizados atendimentos individuais e grupais.<\/p>\n<p style=\"text-align: justify;\">O Servi\u00e7o de Psicologia auxilia toda a equipe por meio de a\u00e7\u00f5es que visam o estabelecimento de v\u00ednculo afetivo produtivo entre crian\u00e7as, adolescentes, educadores e demais funcion\u00e1rios.<\/p>\n<p style=\"text-align: justify;\">\u00a0<strong>Estudos<\/strong> <strong>de<\/strong> <strong>Caso: <\/strong>trata-se de uma forma de compartilhamento entre os profissionais de diversas \u00e1reas, sobre informa\u00e7\u00f5es e viv\u00eancias dos usu\u00e1rios, respeitando-se o sigilo e a \u00e9tica profissional. Este cuidado \u00e9 fundamental para que educadores e demais profissionais estejam coesos, formando uma equipe que atua pela garantia do desenvolvimento integral dos usu\u00e1rios.<\/p>\n<p style=\"text-align: justify;\">\u00a0<strong>Planejamento<\/strong> <strong>conjunto<\/strong> <strong>das<\/strong> <strong>atividades. <\/strong>Orientar as a\u00e7\u00f5es de todos os funcion\u00e1rios no cumprimento dos objetivos gerais do Instituto, de forma a otimizar a utiliza\u00e7\u00e3o do tempo, aprimorar o desempenho, estimular a participa\u00e7\u00e3o coletiva nas atividades, manter a coer\u00eancia e harmonia entre as diversas oficinas, passeios, eventos e festas.<\/p>\n<p style=\"text-align: justify;\"><strong>RELA\u00c7\u00c3O COM OS USU\u00c1RIOS<\/strong><\/p>\n<p style=\"text-align: justify;\">\u00a0<strong>Acolhida<\/strong>. Esta a\u00e7\u00e3o \u00e9 realizada toda vez que um novo usu\u00e1rio \u00e9 encaminhado para inser\u00e7\u00e3o no Servi\u00e7o de Conviv\u00eancia e Fortalecimento de V\u00ednculos. \u00c9 realizada no per\u00edodo de at\u00e9 5 dias ap\u00f3s o encaminhamento da rede, bem como a posterior comunica\u00e7\u00e3o \u00e0 SEMAS e CRAS de refer\u00eancia. Consiste na realiza\u00e7\u00e3o de escuta qualificada das necessidades e de- mandas trazidas pelo indiv\u00edduo\/fam\u00edlia, bem como no repasse de informa\u00e7\u00f5es sobre os servi\u00e7os prestados no Instituto e na rede de servi\u00e7os do territ\u00f3rio.<\/p>\n<p style=\"text-align: justify;\"><strong>Apoio<\/strong> <strong>cotidiano<\/strong> <strong>constante.<\/strong> Promo\u00e7\u00e3o de ambiente seguro de aten\u00e7\u00e3o, escuta de revela\u00e7\u00e3o espont\u00e2nea especialmente para os que foram v\u00edtimas de alguma viol\u00eancia. Visa instrumentalizar crian\u00e7as e adolescentes a reconhecerem sinais potenciais de perigo e comportarem-se de maneira auto protetiva.<\/p>\n<p style=\"text-align: justify;\">\u00a0<strong>Apoio programado continuado. <\/strong>Sendo por excel\u00eancia fun\u00e7\u00e3o da <strong>\u00c1rea de Psicologia<\/strong>, esta promoveu encontros continuados com os usu\u00e1rios a fim de alcan\u00e7ar Integra\u00e7\u00e3o, Preven\u00e7\u00e3o e Autoconhecimento. Os encontros configuram em grande est\u00edmulo para as crian\u00e7as se apropriarem de suas hist\u00f3rias de vida, a se aceitarem, identificarem suas fragilidades, externalizarem suas ang\u00fastias, buscarem formas de super\u00e1-las e consequentemente diminuir seus comportamentos de natureza antissocial. Al\u00e9m dos atendimentos individuais e circunstanciais, no ano de 2019 foram realizados 28 encontros em grupo, que contemplaram diferentes tem\u00e1ticas.<\/p>\n<p style=\"text-align: justify;\"><a name=\"_TOC_250015\"><\/a><strong>RELA\u00c7\u00c3O COM AS <\/strong><strong>FAM\u00cdLIAS<\/strong><\/p>\n<p style=\"text-align: justify;\">\u00a0<strong>Contato<\/strong> <strong>e<\/strong> <strong>apoio.<\/strong> A rela\u00e7\u00e3o com as fam\u00edlias \u00e9 feita cotidianamente por meio de contatos telef\u00f4nicos, encontros programadas ou espont\u00e2neas com os respons\u00e1veis, reuni\u00f5es cole- tivas de fam\u00edlias, visitas domiciliares e comunica\u00e7\u00f5es escritas. A fim de tornar mais efetivo o acompanhamento, e estreitar os v\u00ednculos entre institui\u00e7\u00e3o e fam\u00edlia, a equipe t\u00e9cnica busca o atendimento individualizado de cada fam\u00edlia, promovendo escuta, media\u00e7\u00e3o de conflitos, estabelecimento de combinados e orienta\u00e7\u00f5es.<\/p>\n<p style=\"text-align: justify;\">\u00a0<strong>Realiza\u00e7\u00e3o de encontros planejados. <\/strong>Realizados em conjunto com as fam\u00edlias e\/ou seus representantes legais t\u00eam como objetivo possibilitar a reflex\u00e3o sobre temas de relev\u00e2ncia e interesse comum, contribuindo para a supera\u00e7\u00e3o de vulnerabilidades e riscos e fortalecendo os v\u00ednculos familiares e comunit\u00e1rios. Promove o acesso a direitos, o protagonismo e a participa\u00e7\u00e3o social. Em 2019 foram realizados 10 encontro entre reuni\u00f5es socioeducativas, eventos de lazer e entretenimento<\/p>\n<p style=\"text-align: justify;\"><strong>Visitas<\/strong> <strong>domiciliares.<\/strong><strong> \u00a0<\/strong>Cabe \u00e0 <strong>Assistente<\/strong> <strong>Social<\/strong>, por meio de atendimento presencial com as fam\u00edlias, no espa\u00e7o do IJFC e em visitas domiciliares, analisar o perfil socioecon\u00f4mico dos atendi- mentos e a busca de parcerias que possibilitem benef\u00edcios, tais como: cestas b\u00e1sicas, material escolar, roupas e cal\u00e7ados, entre outros suprimentos necess\u00e1rios.<\/p>\n<p style=\"text-align: justify;\">Entendendo a import\u00e2ncia da participa\u00e7\u00e3o das fam\u00edlias para o conhecimento e supera\u00e7\u00e3o das dificuldades das crian\u00e7as e adolescentes, o psic\u00f3logo acompanhou algumas visitas, para adqui- rir uma maior compreens\u00e3o das rela\u00e7\u00f5es familiares e auxiliar na condu\u00e7\u00e3o de estrat\u00e9gias que possam conduzir \u00e0 harmonia, confian\u00e7a e boa conviv\u00eancia entre os membros da fam\u00edlia.<\/p>\n<p style=\"text-align: justify;\"><a name=\"_TOC_250014\"><\/a><strong>RELA\u00c7\u00c3O DA EQUIPE T\u00c9CNICA COM ORG\u00c3OS <\/strong><strong>P\u00daBLICOS<\/strong><\/p>\n<p style=\"text-align: justify;\"><strong>Reuni\u00f5es e interven\u00e7\u00f5es<\/strong><\/p>\n<p style=\"text-align: justify;\">\u00a0Participa\u00e7\u00e3o em reuni\u00f5es diversas com \u00f3rg\u00e3os da Secretaria Municipal de Assist\u00eancia Social, como CRAS e CREAS e outros equipamentos da Rede de Prote\u00e7\u00e3o e Atendimento integral \u00e0s Fam\u00edlias. \u00a0Presen\u00e7a em audi\u00eancias, f\u00f3runs, simp\u00f3sios, confer\u00eancias, congressos intermunicipais e interestaduais.<\/p>\n<p style=\"text-align: justify;\">\u00a0Elabora\u00e7\u00e3o e entrega de relat\u00f3rios aos \u00f3rg\u00e3os competentes. \u00a0Contato com Conselho Tutelar e Minist\u00e9rio P\u00fablico.<\/p>\n<p style=\"text-align: justify;\">\u00a0Eventuais interven\u00e7\u00f5es como acompanhamento de usu\u00e1rios a unidades de sa\u00fade\/hospitais, delegacias, abrigos, IML, etc.<\/p>\n<p>[\/vc_column_text][vc_empty_space][vc_empty_space][vc_column_text]<strong>Mais informa\u00e7\u00f5es<\/strong><\/p>\n<p><a href=\"http:\/\/ijfc.org.br\/index.php\/equipe\/\">&#8211; Equipe T\u00e9cnica \u2013 Atendimento e Apoio<\/a><br \/>\n<a href=\"http:\/\/ijfc.org.br\/index.php\/coordenacao\/\">&#8211; Coordena\u00e7\u00e3o Pedag\u00f3gica<\/a><br \/>\n<a href=\"http:\/\/ijfc.org.br\/index.php\/servico_social\/\">&#8211; Servi\u00e7o Social<\/a><br \/>\n<a href=\"http:\/\/ijfc.org.br\/index.php\/atendimento_psico\/\">&#8211; Atendimento Psicol\u00f3gico<\/a>[\/vc_column_text][vc_empty_space][vc_column_text]<\/p>\n<h4 style=\"text-align: center;\"><strong>Conv\u00eanio<\/strong><\/h4>\n<p><img loading=\"lazy\" decoding=\"async\" class=\"alignnone size-medium wp-image-4462 aligncenter\" src=\"http:\/\/ijfc.org.br\/wp-content\/uploads\/2025\/06\/prefeitura-300x164.png\" alt=\"\" width=\"300\" height=\"164\" srcset=\"https:\/\/ijfc.org.br\/wp-content\/uploads\/2025\/06\/prefeitura-300x164.png 300w, https:\/\/ijfc.org.br\/wp-content\/uploads\/2025\/06\/prefeitura.png 544w\" sizes=\"auto, (max-width: 300px) 100vw, 300px\" \/><\/p>\n<h4 style=\"text-align: center;\"><strong>Apoiadores<\/strong><\/h4>\n<p style=\"text-align: center;\"><img loading=\"lazy\" decoding=\"async\" class=\"alignnone wp-image-4466\" src=\"http:\/\/ijfc.org.br\/wp-content\/uploads\/2025\/06\/expo-300x156.png\" alt=\"\" width=\"144\" height=\"75\" srcset=\"https:\/\/ijfc.org.br\/wp-content\/uploads\/2025\/06\/expo-300x156.png 300w, https:\/\/ijfc.org.br\/wp-content\/uploads\/2025\/06\/expo.png 516w\" sizes=\"auto, (max-width: 144px) 100vw, 144px\" \/> <img loading=\"lazy\" decoding=\"async\" class=\"alignnone wp-image-4464\" src=\"http:\/\/ijfc.org.br\/wp-content\/uploads\/2025\/06\/cent-300x264.png\" alt=\"\" width=\"85\" height=\"75\" srcset=\"https:\/\/ijfc.org.br\/wp-content\/uploads\/2025\/06\/cent-300x264.png 300w, https:\/\/ijfc.org.br\/wp-content\/uploads\/2025\/06\/cent.png 304w\" sizes=\"auto, (max-width: 85px) 100vw, 85px\" \/> <img loading=\"lazy\" decoding=\"async\" class=\"alignnone wp-image-4467\" src=\"http:\/\/ijfc.org.br\/wp-content\/uploads\/2025\/06\/ov-300x266.png\" alt=\"\" width=\"85\" height=\"75\" srcset=\"https:\/\/ijfc.org.br\/wp-content\/uploads\/2025\/06\/ov-300x266.png 300w, https:\/\/ijfc.org.br\/wp-content\/uploads\/2025\/06\/ov.png 302w\" sizes=\"auto, (max-width: 85px) 100vw, 85px\" \/><img loading=\"lazy\" decoding=\"async\" class=\"alignnone wp-image-4468\" src=\"http:\/\/ijfc.org.br\/wp-content\/uploads\/2025\/06\/uv-300x156.png\" alt=\"\" width=\"144\" height=\"75\" srcset=\"https:\/\/ijfc.org.br\/wp-content\/uploads\/2025\/06\/uv-300x156.png 300w, https:\/\/ijfc.org.br\/wp-content\/uploads\/2025\/06\/uv.png 516w\" sizes=\"auto, (max-width: 144px) 100vw, 144px\" \/> <img loading=\"lazy\" decoding=\"async\" class=\"alignnone wp-image-4465\" src=\"http:\/\/ijfc.org.br\/wp-content\/uploads\/2025\/06\/ex-300x156.png\" alt=\"\" width=\"144\" height=\"75\" srcset=\"https:\/\/ijfc.org.br\/wp-content\/uploads\/2025\/06\/ex-300x156.png 300w, https:\/\/ijfc.org.br\/wp-content\/uploads\/2025\/06\/ex.png 516w\" sizes=\"auto, (max-width: 144px) 100vw, 144px\" \/><\/p>\n<p>[\/vc_column_text][vc_empty_space][\/vc_column][vc_column width=&#8221;1\/6&#8243;][\/vc_column][\/vc_row][vc_row simple_background_color=&#8221;#f8f8f8&#8243; css=&#8221;.vc_custom_1523968375909{padding-top: 85px !important;padding-bottom: 85px !important;}&#8221;][vc_column]<div class=\"mkdf-call-to-action-holder  mkdf-normal-layout mkdf-content-in-grid mkdf-three-quarters-columns\">\n\t<div class=\"mkdf-cta-inner mkdf-grid\">\n\t\t<div class=\"mkdf-cta-text-holder\">\n\t\t\t<div class=\"mkdf-cta-text\">\n<h4>Tem alguma d\u00favida, sugest\u00e3o ou quer nos enviar uma mensagem?<\/h4>\n<\/div>\n\t\t<\/div>\n\t\t<div class=\"mkdf-cta-button-holder\" >\n\t\t\t<div class=\"mkdf-cta-button\"><a itemprop=\"url\" href=\"https:\/\/wa.me\/5541991852062\" target=\"_self\"  class=\"mkdf-btn mkdf-btn-medium mkdf-btn-solid\"  >    <span class=\"mkdf-btn-text\">Saiba mais!<\/span>    <\/a><\/div>\n\t\t<\/div>\n\t<\/div>\n<\/div>[\/vc_column][\/vc_row]<\/p>\n","protected":false},"excerpt":{"rendered":"<p>[vc_row][vc_column width=&#8221;1\/6&#8243;][\/vc_column][vc_column width=&#8221;2\/3&#8243;][vc_column_text] ATRIBUI\u00c7\u00d5ES PRINCIPAIS DA EQUIPE T\u00c9CNICA \u00a0Aux\u00edlio aos educadores e aos demais membros da equipe nas atividades desenvolvidas, an\u00e1lise das principais dificuldades e problemas encontrados no trato cotidiano com os usu\u00e1rios, como manifesta\u00e7\u00f5es agressivas, apatia, tristeza, mudan\u00e7as repentinas [&hellip;]<\/p>\n","protected":false},"author":1,"featured_media":0,"parent":0,"menu_order":0,"comment_status":"closed","ping_status":"closed","template":"full-width.php","meta":{"footnotes":""},"class_list":["post-3704","page","type-page","status-publish","hentry"],"_links":{"self":[{"href":"https:\/\/ijfc.org.br\/index.php\/wp-json\/wp\/v2\/pages\/3704","targetHints":{"allow":["GET"]}}],"collection":[{"href":"https:\/\/ijfc.org.br\/index.php\/wp-json\/wp\/v2\/pages"}],"about":[{"href":"https:\/\/ijfc.org.br\/index.php\/wp-json\/wp\/v2\/types\/page"}],"author":[{"embeddable":true,"href":"https:\/\/ijfc.org.br\/index.php\/wp-json\/wp\/v2\/users\/1"}],"replies":[{"embeddable":true,"href":"https:\/\/ijfc.org.br\/index.php\/wp-json\/wp\/v2\/comments?post=3704"}],"version-history":[{"count":8,"href":"https:\/\/ijfc.org.br\/index.php\/wp-json\/wp\/v2\/pages\/3704\/revisions"}],"predecessor-version":[{"id":4541,"href":"https:\/\/ijfc.org.br\/index.php\/wp-json\/wp\/v2\/pages\/3704\/revisions\/4541"}],"wp:attachment":[{"href":"https:\/\/ijfc.org.br\/index.php\/wp-json\/wp\/v2\/media?parent=3704"}],"curies":[{"name":"wp","href":"https:\/\/api.w.org\/{rel}","templated":true}]}}