{"id":3697,"date":"2025-03-31T11:02:43","date_gmt":"2025-03-31T14:02:43","guid":{"rendered":"http:\/\/ijfc.org.br\/?page_id=3697"},"modified":"2025-07-16T14:20:38","modified_gmt":"2025-07-16T17:20:38","slug":"oficinas","status":"publish","type":"page","link":"https:\/\/ijfc.org.br\/index.php\/oficinas\/","title":{"rendered":"Oficinas"},"content":{"rendered":"<p>[vc_row][vc_column width=&#8221;1\/6&#8243;][\/vc_column][vc_column width=&#8221;2\/3&#8243;][vc_column_text]<\/p>\n<p style=\"text-align: center;\"><strong>As oficinas e demais atividades integram as Diretrizes Gerais do Instituto na execu\u00e7\u00e3o do Servi\u00e7o de Atendimento e Fortalecimento de V\u00ednculos.<\/strong><\/p>\n<p style=\"text-align: center;\"><a href=\"http:\/\/ijfc.org.br\/index.php\/saber\/\"><img loading=\"lazy\" decoding=\"async\" class=\"alignnone wp-image-3737\" src=\"http:\/\/ijfc.org.br\/wp-content\/uploads\/2025\/04\/oficinas-saber.jpg\" alt=\"\" width=\"131\" height=\"131\" srcset=\"https:\/\/ijfc.org.br\/wp-content\/uploads\/2025\/04\/oficinas-saber.jpg 180w, https:\/\/ijfc.org.br\/wp-content\/uploads\/2025\/04\/oficinas-saber-150x150.jpg 150w\" sizes=\"auto, (max-width: 131px) 100vw, 131px\" \/><\/a> \u00a0<a href=\"http:\/\/ijfc.org.br\/index.php\/esportes\/\"><img loading=\"lazy\" decoding=\"async\" class=\"alignnone wp-image-3735\" src=\"http:\/\/ijfc.org.br\/wp-content\/uploads\/2025\/04\/oficinas-esportes.jpg\" alt=\"\" width=\"131\" height=\"131\" srcset=\"https:\/\/ijfc.org.br\/wp-content\/uploads\/2025\/04\/oficinas-esportes.jpg 180w, https:\/\/ijfc.org.br\/wp-content\/uploads\/2025\/04\/oficinas-esportes-150x150.jpg 150w\" sizes=\"auto, (max-width: 131px) 100vw, 131px\" \/><\/a> <a href=\"http:\/\/ijfc.org.br\/index.php\/informatica\/\"><img loading=\"lazy\" decoding=\"async\" class=\"alignnone wp-image-3736\" src=\"http:\/\/ijfc.org.br\/wp-content\/uploads\/2025\/04\/oficinas-informatica.png\" alt=\"\" width=\"131\" height=\"131\" srcset=\"https:\/\/ijfc.org.br\/wp-content\/uploads\/2025\/04\/oficinas-informatica.png 180w, https:\/\/ijfc.org.br\/wp-content\/uploads\/2025\/04\/oficinas-informatica-150x150.png 150w\" sizes=\"auto, (max-width: 131px) 100vw, 131px\" \/><\/a> <a href=\"http:\/\/ijfc.org.br\/index.php\/artes\/\"><img loading=\"lazy\" decoding=\"async\" class=\"alignnone wp-image-3734\" src=\"http:\/\/ijfc.org.br\/wp-content\/uploads\/2025\/04\/oficinas-arte.jpg\" alt=\"\" width=\"131\" height=\"131\" srcset=\"https:\/\/ijfc.org.br\/wp-content\/uploads\/2025\/04\/oficinas-arte.jpg 180w, https:\/\/ijfc.org.br\/wp-content\/uploads\/2025\/04\/oficinas-arte-150x150.jpg 150w\" sizes=\"auto, (max-width: 131px) 100vw, 131px\" \/><\/a><\/p>\n<p style=\"text-align: justify;\">Em todas as atividades desenvolvidas pelo IJFC s\u00e3o buscadas propostas e estrat\u00e9gias de interven\u00e7\u00e3o, para tentar amenizar os conflitos vivenciados pelos alunos no meio familiar e social em que vivem.<\/p>\n<p style=\"text-align: justify;\">Na dimens\u00e3o socioeducativa, os usu\u00e1rios\u00a0participam ativamente com tarefas e projetos de transforma\u00e7\u00e3o social, atendendo\u00a0demandas como a problem\u00e1tica das desigualdades e a viola\u00e7\u00e3o dos direitos humanos.<\/p>\n<p style=\"text-align: justify;\">Um dos principais desafios \u00e9 desenvolver nos indiv\u00edduos um pensamento cr\u00edtico acerca da sua atua\u00e7\u00e3o e do seu papel enquanto agente de mudan\u00e7a, e propor condi\u00e7\u00f5es para aprimoramento e forma\u00e7\u00e3o de v\u00ednculos sadios na fam\u00edlia e nos diversos ambientes sociais.<\/p>\n<p style=\"text-align: justify;\">Acreditando que a Educa\u00e7\u00e3o \u00e9 composta\u00a0por um conjunto de a\u00e7\u00f5es, fatores e\u00a0influ\u00eancias que agem no indiv\u00edduo, o IJFC\u00a0contribui para a efetiva\u00e7\u00e3o dos direitos\u00a0das crian\u00e7as e adolescentes num processo cont\u00ednuo, orientando e conduzindo os alunos \u00e0 novas descobertas, na constru\u00e7\u00e3o da sua cidadania promovendo assim a transforma\u00e7\u00e3o social de cada um.<\/p>\n<p style=\"text-align: justify;\">Seguindo estas diretrizes, o IJFC almeja:<\/p>\n<p style=\"text-align: justify;\">Reduzir atitudes e comportamentos agressivos;<\/p>\n<p style=\"text-align: justify;\">Formar indiv\u00edduos felizes e realizados, agentes transformadores e protagonistas de suas vidas;<\/p>\n<p style=\"text-align: justify;\">Forma\u00e7\u00e3o de cidad\u00e3os cr\u00edticos e atuantes na sociedade;<\/p>\n<p style=\"text-align: justify;\">Supera\u00e7\u00e3o de problemas s\u00f3cios educacionais;<\/p>\n<p style=\"text-align: justify;\">Favorecer a rela\u00e7\u00e3o fam\u00edlia-escola-comunidade ampliando o espa\u00e7o de participa\u00e7\u00e3o;<\/p>\n<p style=\"text-align: justify;\">Proporcionar conhecimentos diversos nas \u00e1reas de esportes e artes;<\/p>\n<p style=\"text-align: justify;\">Estimular a viv\u00eancia, o aprendizado e a socializa\u00e7\u00e3o;<\/p>\n<p style=\"text-align: justify;\">Fortalecer as a\u00e7\u00f5es coletivas;<\/p>\n<p style=\"text-align: justify;\">Reduzir a vulnerabilidade em rela\u00e7\u00e3o \u00e0s drogas e viol\u00eancia;<\/p>\n<p>&nbsp;<\/p>\n<p><img loading=\"lazy\" decoding=\"async\" class=\"alignnone size-medium wp-image-3730\" src=\"http:\/\/ijfc.org.br\/wp-content\/uploads\/2025\/04\/tablet-245x300.jpg\" alt=\"\" width=\"245\" height=\"300\" srcset=\"https:\/\/ijfc.org.br\/wp-content\/uploads\/2025\/04\/tablet-245x300.jpg 245w, https:\/\/ijfc.org.br\/wp-content\/uploads\/2025\/04\/tablet.jpg 413w\" sizes=\"auto, (max-width: 245px) 100vw, 245px\" \/>[\/vc_column_text][vc_empty_space][vc_column_text]<\/p>\n<h4 style=\"text-align: center;\"><strong>Conv\u00eanio<\/strong><\/h4>\n<p><img loading=\"lazy\" decoding=\"async\" class=\"alignnone size-medium wp-image-4462 aligncenter\" src=\"http:\/\/ijfc.org.br\/wp-content\/uploads\/2025\/06\/prefeitura-300x164.png\" alt=\"\" width=\"300\" height=\"164\" srcset=\"https:\/\/ijfc.org.br\/wp-content\/uploads\/2025\/06\/prefeitura-300x164.png 300w, https:\/\/ijfc.org.br\/wp-content\/uploads\/2025\/06\/prefeitura.png 544w\" sizes=\"auto, (max-width: 300px) 100vw, 300px\" \/><\/p>\n<h4 style=\"text-align: center;\"><strong>Apoiadores<\/strong><\/h4>\n<p style=\"text-align: center;\"><img loading=\"lazy\" decoding=\"async\" class=\"alignnone wp-image-4466\" src=\"http:\/\/ijfc.org.br\/wp-content\/uploads\/2025\/06\/expo-300x156.png\" alt=\"\" width=\"144\" height=\"75\" srcset=\"https:\/\/ijfc.org.br\/wp-content\/uploads\/2025\/06\/expo-300x156.png 300w, https:\/\/ijfc.org.br\/wp-content\/uploads\/2025\/06\/expo.png 516w\" sizes=\"auto, (max-width: 144px) 100vw, 144px\" \/> <img loading=\"lazy\" decoding=\"async\" class=\"alignnone wp-image-4464\" src=\"http:\/\/ijfc.org.br\/wp-content\/uploads\/2025\/06\/cent-300x264.png\" alt=\"\" width=\"85\" height=\"75\" srcset=\"https:\/\/ijfc.org.br\/wp-content\/uploads\/2025\/06\/cent-300x264.png 300w, https:\/\/ijfc.org.br\/wp-content\/uploads\/2025\/06\/cent.png 304w\" sizes=\"auto, (max-width: 85px) 100vw, 85px\" \/> <img loading=\"lazy\" decoding=\"async\" class=\"alignnone wp-image-4467\" src=\"http:\/\/ijfc.org.br\/wp-content\/uploads\/2025\/06\/ov-300x266.png\" alt=\"\" width=\"85\" height=\"75\" srcset=\"https:\/\/ijfc.org.br\/wp-content\/uploads\/2025\/06\/ov-300x266.png 300w, https:\/\/ijfc.org.br\/wp-content\/uploads\/2025\/06\/ov.png 302w\" sizes=\"auto, (max-width: 85px) 100vw, 85px\" \/><img loading=\"lazy\" decoding=\"async\" class=\"alignnone wp-image-4468\" src=\"http:\/\/ijfc.org.br\/wp-content\/uploads\/2025\/06\/uv-300x156.png\" alt=\"\" width=\"144\" height=\"75\" srcset=\"https:\/\/ijfc.org.br\/wp-content\/uploads\/2025\/06\/uv-300x156.png 300w, https:\/\/ijfc.org.br\/wp-content\/uploads\/2025\/06\/uv.png 516w\" sizes=\"auto, (max-width: 144px) 100vw, 144px\" \/> <img loading=\"lazy\" decoding=\"async\" class=\"alignnone wp-image-4465\" src=\"http:\/\/ijfc.org.br\/wp-content\/uploads\/2025\/06\/ex-300x156.png\" alt=\"\" width=\"144\" height=\"75\" srcset=\"https:\/\/ijfc.org.br\/wp-content\/uploads\/2025\/06\/ex-300x156.png 300w, https:\/\/ijfc.org.br\/wp-content\/uploads\/2025\/06\/ex.png 516w\" sizes=\"auto, (max-width: 144px) 100vw, 144px\" \/><\/p>\n<p>[\/vc_column_text][vc_empty_space][\/vc_column][vc_column width=&#8221;1\/6&#8243;][\/vc_column][\/vc_row][vc_row simple_background_color=&#8221;#f8f8f8&#8243; css=&#8221;.vc_custom_1523968375909{padding-top: 85px !important;padding-bottom: 85px !important;}&#8221;][vc_column]<div class=\"mkdf-call-to-action-holder  mkdf-normal-layout mkdf-content-in-grid mkdf-three-quarters-columns\">\n\t<div class=\"mkdf-cta-inner mkdf-grid\">\n\t\t<div class=\"mkdf-cta-text-holder\">\n\t\t\t<div class=\"mkdf-cta-text\">\n<h4>Tem alguma d\u00favida, sugest\u00e3o ou quer nos enviar uma mensagem?<\/h4>\n<\/div>\n\t\t<\/div>\n\t\t<div class=\"mkdf-cta-button-holder\" >\n\t\t\t<div class=\"mkdf-cta-button\"><a itemprop=\"url\" href=\"https:\/\/wa.me\/5541991852062\" target=\"_self\"  class=\"mkdf-btn mkdf-btn-medium mkdf-btn-solid\"  >    <span class=\"mkdf-btn-text\">Saiba mais!<\/span>    <\/a><\/div>\n\t\t<\/div>\n\t<\/div>\n<\/div>[\/vc_column][\/vc_row]<\/p>\n","protected":false},"excerpt":{"rendered":"<p>[vc_row][vc_column width=&#8221;1\/6&#8243;][\/vc_column][vc_column width=&#8221;2\/3&#8243;][vc_column_text] As oficinas e demais atividades integram as Diretrizes Gerais do Instituto na execu\u00e7\u00e3o do Servi\u00e7o de Atendimento e Fortalecimento de V\u00ednculos. \u00a0 Em todas as atividades desenvolvidas pelo IJFC s\u00e3o buscadas propostas e estrat\u00e9gias de interven\u00e7\u00e3o, para [&hellip;]<\/p>\n","protected":false},"author":1,"featured_media":0,"parent":0,"menu_order":0,"comment_status":"closed","ping_status":"closed","template":"full-width.php","meta":{"footnotes":""},"class_list":["post-3697","page","type-page","status-publish","hentry"],"_links":{"self":[{"href":"https:\/\/ijfc.org.br\/index.php\/wp-json\/wp\/v2\/pages\/3697","targetHints":{"allow":["GET"]}}],"collection":[{"href":"https:\/\/ijfc.org.br\/index.php\/wp-json\/wp\/v2\/pages"}],"about":[{"href":"https:\/\/ijfc.org.br\/index.php\/wp-json\/wp\/v2\/types\/page"}],"author":[{"embeddable":true,"href":"https:\/\/ijfc.org.br\/index.php\/wp-json\/wp\/v2\/users\/1"}],"replies":[{"embeddable":true,"href":"https:\/\/ijfc.org.br\/index.php\/wp-json\/wp\/v2\/comments?post=3697"}],"version-history":[{"count":10,"href":"https:\/\/ijfc.org.br\/index.php\/wp-json\/wp\/v2\/pages\/3697\/revisions"}],"predecessor-version":[{"id":4547,"href":"https:\/\/ijfc.org.br\/index.php\/wp-json\/wp\/v2\/pages\/3697\/revisions\/4547"}],"wp:attachment":[{"href":"https:\/\/ijfc.org.br\/index.php\/wp-json\/wp\/v2\/media?parent=3697"}],"curies":[{"name":"wp","href":"https:\/\/api.w.org\/{rel}","templated":true}]}}