{"id":3686,"date":"2025-03-31T10:50:00","date_gmt":"2025-03-31T13:50:00","guid":{"rendered":"http:\/\/ijfc.org.br\/?page_id=3686"},"modified":"2025-07-16T14:14:53","modified_gmt":"2025-07-16T17:14:53","slug":"centro","status":"publish","type":"page","link":"https:\/\/ijfc.org.br\/index.php\/centro\/","title":{"rendered":"Centro Educacional"},"content":{"rendered":"<p>[vc_row][vc_column width=&#8221;1\/6&#8243;][\/vc_column][vc_column width=&#8221;2\/3&#8243;][vc_column_text]<\/p>\n<p style=\"text-align: justify;\">Os projetos sociais do Instituto Jo\u00e3o Ferraz de Campos no Paran\u00e1 concentram-se no munic\u00edpio de Pinhais em sede pr\u00f3pria \u2013 Centro Educacional Edy Pereira Ferraz de Campos. Atua em parceria com a Secretaria Municipal de Assist\u00eancia Social na realiza\u00e7\u00e3o do <strong>Servi\u00e7o de Conviv\u00eancia e Fortalecimento de V\u00ednculos<\/strong>. Trata-se de um servi\u00e7o da Prote\u00e7\u00e3o Social B\u00e1sica do SUAS- Sistema \u00danico de Assist\u00eancia Social, integrado \u00e0 <em>Rede de Servi\u00e7os e Prote\u00e7\u00e3o \u00e0s Fam\u00edlias <\/em>do territ\u00f3rio e vinculado ao Minist\u00e9rio da Cidadania. Periodicamente, a equipe t\u00e9cnica do IJFC articula-se com a Rede, por meio da participa\u00e7\u00e3o em reuni\u00f5es, conselhos de direito, setoriais, comiss\u00f5es, semin\u00e1rios, palestras etc., e tem representatividade no Conselho Municipal da Crian\u00e7a e do Adolescente (CMDCA) e no Conselho Municipal de Assist\u00eancia Social (CMAS).<\/p>\n<h6 style=\"text-align: justify;\"><a name=\"_TOC_250019\"><\/a><strong>P\u00daBLICO ATENDIDO E DIVIS\u00c3O POR TURMAS<\/strong><\/h6>\n<p style=\"text-align: justify;\"><strong>\u00a0<\/strong><\/p>\n<p style=\"text-align: justify;\">Na gest\u00e3o do <em>Servi\u00e7o de Conviv\u00eancia e Fortalecimento de V\u00ednculos<\/em> o IJFC atende crian\u00e7as e adolescentes em situa\u00e7\u00e3o de vulnerabilidade e risco social, sendo priorizado o atendimento nas seguintes situa\u00e7\u00f5es: trabalho infantil, viv\u00eancia de viol\u00eancia e\/ou neglig\u00eancia, defasagem e evas\u00e3o escolar, acolhimento institucional, abuso e\/ou explora\u00e7\u00e3o sexual, em situa\u00e7\u00e3o de rua, com medida de prote\u00e7\u00e3o do ECA.<\/p>\n<p style=\"text-align: justify;\">Os usu\u00e1rios s\u00e3o divididos por turmas com m\u00e9dia de quinze 15 pessoas, seguindo crit\u00e9rio de idade, visando maior aproveitamento das atividades e acompanhamento.<\/p>\n<p style=\"text-align: justify;\">\u00a0N\u00famero de crian\u00e7as e adolescentes atendidos:103. \u00a0Faixa et\u00e1ria: de 05 a 17 anos completos.<\/p>\n<ul style=\"text-align: justify;\">\n<li><strong>Hor\u00e1rio de funcionamento:<\/strong> de segunda-feira \u00e0 sexta-feira, das 08h \u00e0s 17h em turnos complementares ao hor\u00e1rio<\/li>\n<\/ul>\n<h6 style=\"text-align: justify;\"><strong>PRINCIPAIS OBJETIVOS<\/strong><\/h6>\n<p style=\"text-align: justify;\">Em todas as atividades desenvolvidas procura-se seguir os seguintes objetivos:<\/p>\n<p style=\"text-align: justify;\">Identificar e conhecer as dificuldades individuais dos usu\u00e1rios<\/p>\n<p style=\"text-align: justify;\">Auxiliar no autoconhecimento e reconstru\u00e7\u00e3o de suas hist\u00f3rias e viv\u00eancias individuais. Estimular a autoestima<\/p>\n<p style=\"text-align: justify;\">Capacitar para supera\u00e7\u00e3o de obst\u00e1culos e solucionar situa\u00e7\u00f5es conflituosas. Contribuir para a ades\u00e3o \u00e0 valores \u00e9ticos e boas a\u00e7\u00f5es que fundamentam o car\u00e1ter<\/p>\n<p style=\"text-align: justify;\">Incentivar a disposi\u00e7\u00e3o para o aprendizado e a vontade de saber, como a criatividade, curiosidade, esp\u00edrito cr\u00edtico, capacidade de avaliar, julgar e escolher.<\/p>\n<p style=\"text-align: justify;\">Estimular a troca de experi\u00eancias entre os participantes, valorizando a pr\u00e1tica da vida coletiva e solid\u00e1ria<\/p>\n<p style=\"text-align: justify;\">Fortalecer as rela\u00e7\u00f5es familiares e comunit\u00e1rias. Esclarecer sobre seus direitos e deveres pessoais e sociais<\/p>\n<p style=\"text-align: justify;\">Conhecer o meio familiar e social em que vive e as possibilidades de influir positivamente para melhor\u00e1-lo.<\/p>\n<p>[\/vc_column_text][vc_empty_space][vc_column_text]<img loading=\"lazy\" decoding=\"async\" class=\"alignnone size-medium wp-image-3692 aligncenter\" src=\"http:\/\/ijfc.org.br\/wp-content\/uploads\/2025\/03\/imagem_centro-300x225.jpeg\" alt=\"\" width=\"300\" height=\"225\" srcset=\"https:\/\/ijfc.org.br\/wp-content\/uploads\/2025\/03\/imagem_centro-300x225.jpeg 300w, https:\/\/ijfc.org.br\/wp-content\/uploads\/2025\/03\/imagem_centro-1024x768.jpeg 1024w, https:\/\/ijfc.org.br\/wp-content\/uploads\/2025\/03\/imagem_centro-768x576.jpeg 768w, https:\/\/ijfc.org.br\/wp-content\/uploads\/2025\/03\/imagem_centro.jpeg 1280w\" sizes=\"auto, (max-width: 300px) 100vw, 300px\" \/><\/p>\n<p>&nbsp;<\/p>\n<section class=\"elementor-section elementor-top-section elementor-element elementor-element-f3a6293 elementor-section-boxed elementor-section-height-default elementor-section-height-default\" data-id=\"f3a6293\" data-element_type=\"section\">\n<div class=\"elementor-container elementor-column-gap-default\">\n<div class=\"elementor-column elementor-col-50 elementor-top-column elementor-element elementor-element-5b30a26\" data-id=\"5b30a26\" data-element_type=\"column\">\n<div class=\"elementor-widget-wrap elementor-element-populated\">\n<div class=\"elementor-element elementor-element-533922f elementor-widget elementor-widget-text-editor\" data-id=\"533922f\" data-element_type=\"widget\" data-widget_type=\"text-editor.default\">\n<div class=\"elementor-widget-container\">\n<div class=\"elementor-text-editor elementor-clearfix\">\n<p style=\"text-align: center;\"><strong>Hora da boa comida da Dona Neide<\/strong><\/p>\n<\/div>\n<\/div>\n<\/div>\n<\/div>\n<\/div>\n<\/div>\n<\/section>\n<section class=\"elementor-section elementor-top-section elementor-element elementor-element-5494506 elementor-section-boxed elementor-section-height-default elementor-section-height-default\" data-id=\"5494506\" data-element_type=\"section\">\n<div class=\"elementor-container elementor-column-gap-default\">\n<div class=\"elementor-column elementor-col-50 elementor-top-column elementor-element elementor-element-2829e27\" data-id=\"2829e27\" data-element_type=\"column\">\n<div class=\"elementor-widget-wrap elementor-element-populated\">\n<div class=\"elementor-element elementor-element-9917815 elementor-widget elementor-widget-text-editor\" data-id=\"9917815\" data-element_type=\"widget\" data-widget_type=\"text-editor.default\">\n<div class=\"elementor-widget-container\">\n<div class=\"elementor-text-editor elementor-clearfix\">\n<p style=\"text-align: justify;\"><strong>\u00c1rea F\u00edsica<\/strong><br \/>\nO IJFC possui \u00e1rea total de 2000 m\u00b2, sendo 700 m\u00b2 de \u00e1rea constru\u00edda. S\u00e3o quatro salas de atividades, uma sala de artes, uma sala de jogos, biblioteca, laborat\u00f3rio inform\u00e1tica, consult\u00f3rio odontol\u00f3gico, quadra coberta, parquinho e amplo espa\u00e7o aberto.<\/p>\n<\/div>\n<\/div>\n<\/div>\n<\/div>\n<\/div>\n<\/div>\n<\/section>\n<p>[\/vc_column_text][vc_empty_space][vc_column_text]<strong>Mais informa\u00e7\u00f5es<\/strong><\/p>\n<p>&#8211; Equipe T\u00e9cnica \u2013 Atendimento e Apoio<br \/>\n&#8211; Coordena\u00e7\u00e3o Pedag\u00f3gica<br \/>\n&#8211; Servi\u00e7o Social<br \/>\n&#8211; Atendimento Psicol\u00f3gico[\/vc_column_text][vc_empty_space][vc_column_text]<\/p>\n<h4 style=\"text-align: center;\"><strong>Conv\u00eanio<\/strong><\/h4>\n<p><img loading=\"lazy\" decoding=\"async\" class=\"alignnone size-medium wp-image-4462 aligncenter\" src=\"http:\/\/ijfc.org.br\/wp-content\/uploads\/2025\/06\/prefeitura-300x164.png\" alt=\"\" width=\"300\" height=\"164\" srcset=\"https:\/\/ijfc.org.br\/wp-content\/uploads\/2025\/06\/prefeitura-300x164.png 300w, https:\/\/ijfc.org.br\/wp-content\/uploads\/2025\/06\/prefeitura.png 544w\" sizes=\"auto, (max-width: 300px) 100vw, 300px\" \/><\/p>\n<h4 style=\"text-align: center;\"><strong>Apoiadores<\/strong><\/h4>\n<p style=\"text-align: center;\"><img loading=\"lazy\" decoding=\"async\" class=\"alignnone wp-image-4466\" src=\"http:\/\/ijfc.org.br\/wp-content\/uploads\/2025\/06\/expo-300x156.png\" alt=\"\" width=\"144\" height=\"75\" srcset=\"https:\/\/ijfc.org.br\/wp-content\/uploads\/2025\/06\/expo-300x156.png 300w, https:\/\/ijfc.org.br\/wp-content\/uploads\/2025\/06\/expo.png 516w\" sizes=\"auto, (max-width: 144px) 100vw, 144px\" \/> <img loading=\"lazy\" decoding=\"async\" class=\"alignnone wp-image-4464\" src=\"http:\/\/ijfc.org.br\/wp-content\/uploads\/2025\/06\/cent-300x264.png\" alt=\"\" width=\"85\" height=\"75\" srcset=\"https:\/\/ijfc.org.br\/wp-content\/uploads\/2025\/06\/cent-300x264.png 300w, https:\/\/ijfc.org.br\/wp-content\/uploads\/2025\/06\/cent.png 304w\" sizes=\"auto, (max-width: 85px) 100vw, 85px\" \/> <img loading=\"lazy\" decoding=\"async\" class=\"alignnone wp-image-4467\" src=\"http:\/\/ijfc.org.br\/wp-content\/uploads\/2025\/06\/ov-300x266.png\" alt=\"\" width=\"85\" height=\"75\" srcset=\"https:\/\/ijfc.org.br\/wp-content\/uploads\/2025\/06\/ov-300x266.png 300w, https:\/\/ijfc.org.br\/wp-content\/uploads\/2025\/06\/ov.png 302w\" sizes=\"auto, (max-width: 85px) 100vw, 85px\" \/><img loading=\"lazy\" decoding=\"async\" class=\"alignnone wp-image-4468\" src=\"http:\/\/ijfc.org.br\/wp-content\/uploads\/2025\/06\/uv-300x156.png\" alt=\"\" width=\"144\" height=\"75\" srcset=\"https:\/\/ijfc.org.br\/wp-content\/uploads\/2025\/06\/uv-300x156.png 300w, https:\/\/ijfc.org.br\/wp-content\/uploads\/2025\/06\/uv.png 516w\" sizes=\"auto, (max-width: 144px) 100vw, 144px\" \/> <img loading=\"lazy\" decoding=\"async\" class=\"alignnone wp-image-4465\" src=\"http:\/\/ijfc.org.br\/wp-content\/uploads\/2025\/06\/ex-300x156.png\" alt=\"\" width=\"144\" height=\"75\" srcset=\"https:\/\/ijfc.org.br\/wp-content\/uploads\/2025\/06\/ex-300x156.png 300w, https:\/\/ijfc.org.br\/wp-content\/uploads\/2025\/06\/ex.png 516w\" sizes=\"auto, (max-width: 144px) 100vw, 144px\" \/><\/p>\n<p>[\/vc_column_text][vc_empty_space][\/vc_column][vc_column width=&#8221;1\/6&#8243;][\/vc_column][\/vc_row][vc_row simple_background_color=&#8221;#f8f8f8&#8243; css=&#8221;.vc_custom_1523968375909{padding-top: 85px !important;padding-bottom: 85px !important;}&#8221;][vc_column]<div class=\"mkdf-call-to-action-holder  mkdf-normal-layout mkdf-content-in-grid mkdf-three-quarters-columns\">\n\t<div class=\"mkdf-cta-inner mkdf-grid\">\n\t\t<div class=\"mkdf-cta-text-holder\">\n\t\t\t<div class=\"mkdf-cta-text\">\n<h4>Tem alguma d\u00favida, sugest\u00e3o ou quer nos enviar uma mensagem?<\/h4>\n<\/div>\n\t\t<\/div>\n\t\t<div class=\"mkdf-cta-button-holder\" >\n\t\t\t<div class=\"mkdf-cta-button\"><a itemprop=\"url\" href=\"https:\/\/wa.me\/5541991852062\" target=\"_self\"  class=\"mkdf-btn mkdf-btn-medium mkdf-btn-solid\"  >    <span class=\"mkdf-btn-text\">Saiba mais!<\/span>    <\/a><\/div>\n\t\t<\/div>\n\t<\/div>\n<\/div>[\/vc_column][\/vc_row]<\/p>\n","protected":false},"excerpt":{"rendered":"<p>[vc_row][vc_column width=&#8221;1\/6&#8243;][\/vc_column][vc_column width=&#8221;2\/3&#8243;][vc_column_text] Os projetos sociais do Instituto Jo\u00e3o Ferraz de Campos no Paran\u00e1 concentram-se no munic\u00edpio de Pinhais em sede pr\u00f3pria \u2013 Centro Educacional Edy Pereira Ferraz de Campos. Atua em parceria com a Secretaria Municipal de Assist\u00eancia Social [&hellip;]<\/p>\n","protected":false},"author":1,"featured_media":0,"parent":0,"menu_order":0,"comment_status":"closed","ping_status":"closed","template":"full-width.php","meta":{"footnotes":""},"class_list":["post-3686","page","type-page","status-publish","hentry"],"_links":{"self":[{"href":"https:\/\/ijfc.org.br\/index.php\/wp-json\/wp\/v2\/pages\/3686","targetHints":{"allow":["GET"]}}],"collection":[{"href":"https:\/\/ijfc.org.br\/index.php\/wp-json\/wp\/v2\/pages"}],"about":[{"href":"https:\/\/ijfc.org.br\/index.php\/wp-json\/wp\/v2\/types\/page"}],"author":[{"embeddable":true,"href":"https:\/\/ijfc.org.br\/index.php\/wp-json\/wp\/v2\/users\/1"}],"replies":[{"embeddable":true,"href":"https:\/\/ijfc.org.br\/index.php\/wp-json\/wp\/v2\/comments?post=3686"}],"version-history":[{"count":11,"href":"https:\/\/ijfc.org.br\/index.php\/wp-json\/wp\/v2\/pages\/3686\/revisions"}],"predecessor-version":[{"id":4540,"href":"https:\/\/ijfc.org.br\/index.php\/wp-json\/wp\/v2\/pages\/3686\/revisions\/4540"}],"wp:attachment":[{"href":"https:\/\/ijfc.org.br\/index.php\/wp-json\/wp\/v2\/media?parent=3686"}],"curies":[{"name":"wp","href":"https:\/\/api.w.org\/{rel}","templated":true}]}}