{"id":3614,"date":"2025-03-31T00:15:21","date_gmt":"2025-03-31T03:15:21","guid":{"rendered":"http:\/\/ijfc.org.br\/?page_id=3614"},"modified":"2025-08-22T14:01:43","modified_gmt":"2025-08-22T17:01:43","slug":"prefeitura","status":"publish","type":"page","link":"https:\/\/ijfc.org.br\/index.php\/prefeitura\/","title":{"rendered":"Prefeitura de Pinhais"},"content":{"rendered":"<p>[vc_row][vc_column width=&#8221;1\/6&#8243;][\/vc_column][vc_column width=&#8221;2\/3&#8243;][vc_empty_space][vc_column_text]<\/p>\n<div class=\"entry-content\">\n<p class=\"has-text-align-center\"><b>Aqui voc\u00ea encontra os Termos de Parceria e as nossas Presta\u00e7\u00f5es de Contas. Para baixa-los, clique nos links abaixo.<\/b><\/p>\n<div class=\"lightweight-accordion\">\n<details>\n<summary class=\"lightweight-accordion-title\">Termos<\/summary>\n<div class=\"lightweight-accordion-body\">\n<p><a href=\"https:\/\/ijfc.org.br\/wp-content\/uploads\/2025\/07\/TERMO-DE-COLABORACAO-0032019-DEZ-2019-A-NOV-2020.pdf\"> Termo de Colabora\u00e7\u00e3o 003\/2019 Dez 2019 a Nov 2020 <\/a><\/p>\n<p><a href=\"https:\/\/ijfc.org.br\/wp-content\/uploads\/2025\/07\/Plano-de-trabalho-Convenio-0032019-DEZ19-A-NOV2020.pdf\">Plano de Trabalho Termo de Conv\u00eanio 003\/2019 Dez 2019 a Nov 2020<strong>\u00a0<\/strong> <\/a><\/p>\n<p><a href=\"https:\/\/ijfc.org.br\/wp-content\/uploads\/2025\/07\/1o-ADITAMENTO-AO-TERMO-DE-COLABORACAO-0032019-DEZ2019-A-NOV2020.pdf\"> 1\u00aa Aditamento ao Termo de Colabora\u00e7\u00e3o 003\/2019 Dez 2019 a Nov 2020 <\/a><\/p>\n<p><a href=\"https:\/\/ijfc.org.br\/wp-content\/uploads\/2025\/07\/2o-Termo-de-Aditamento-Termo-de-Colaboracao-0032019-DEZ2020-A-DEZ2021.pdf\"> 2\u00aa Aditamento ao Termo de Colabora\u00e7\u00e3o 003\/2019 Dez 2020 a Dez 2021 <\/a><\/p>\n<p class=\"has-text-align-left\"><a href=\"https:\/\/ijfc.org.br\/wp-content\/uploads\/2025\/07\/Plano-de-trabalho-2o-Aditamento-Termo-de-Convenio-0032019-dez2020-a-dez2021.pdf\">Plano de Trabalho 2\u00ba Aditamento Termo de Conv\u00eanio 003\/2019 Dez 2020 a Dez 2021<\/a><\/p>\n<p><a href=\"https:\/\/ijfc.org.br\/wp-content\/uploads\/2025\/07\/3o-TERMO-DE-ADITAMENTO-AO-TERMO-DE-COLABORACAO-0032019-DEZ2021-DEZ2022.pdf\"> 3\u00ba Aditamento ao Termo de Colabora\u00e7\u00e3o 003\/2019 Dez 2021 a Dez 2022<\/a><\/p>\n<p><a href=\"https:\/\/ijfc.org.br\/wp-content\/uploads\/2025\/07\/4o-Aditamento-ao-Termo-de-Colaboracao-0032019-DEZ2021-DEZ2022-1.pdf\">4\u00ba Aditamento ao Termo de Colabora\u00e7\u00e3o 003\/2019 Dez 2021 a Dez 2022<\/a><\/p>\n<p><a href=\"https:\/\/ijfc.org.br\/wp-content\/uploads\/2025\/07\/Plano-de-Trabalho-3o-Aditamento-Termo-de-Convenio-0032019-dez2021-a-dez2022.pdf\">Plano de Trabalho 3\u00ba Aditamento Termo de Conv\u00eanio 003\/2019 Dez 2021 a Dez2022<\/a><\/p>\n<p><a href=\"https:\/\/ijfc.org.br\/wp-content\/uploads\/2025\/07\/5o-TERMO-DE-ADITAMENTO-AO-TERMO-DE-COLABORACAO-0032019-DEZ2022-DEZ2023.pdf\">5\u00ba Aditamento ao Termo de Colabora\u00e7\u00e3o 003\/2019 Dez 2022 Dez 2023<\/a><\/p>\n<p><a href=\"https:\/\/ijfc.org.br\/wp-content\/uploads\/2025\/07\/Termo-de-Colaboracao-001-2023-Jan-2024-jan-2025.pdf\">Termo de Colabora\u00e7\u00e3o 001\/2023<\/a><\/p>\n<p><a href=\"https:\/\/ijfc.org.br\/wp-content\/uploads\/2025\/07\/1a-Aditamento-ao-Termo-de-Colaboracao_0012023_Jan_2025_a_Jan_2026.pdf\">1\u00aa Aditamento ao Termo de Colaboracao_0012023_Jan_2025_a_Jan_2026<\/a><\/p>\n<p><a href=\"https:\/\/ijfc.org.br\/wp-content\/uploads\/2025\/08\/Termo-de-Fomento-002.2025-IJFC-1.pdf\">Termo de Fomento 002.2025 IJFC<\/a><\/p>\n<\/div>\n<\/details>\n<\/div>\n<div class=\"lightweight-accordion\">\n<details>\n<summary class=\"lightweight-accordion-title\">Relat\u00f3rio de Presta\u00e7\u00e3o de Contas<\/summary>\n<div class=\"lightweight-accordion-body\">\n<p><a href=\"https:\/\/ijfc.org.br\/wp-content\/uploads\/2025\/07\/Resumo-da-Parceria-Termo-de-Colaboracao-no-0032019-Dez2019.pdf\">Resumo da Parceria Termo de Colabora\u00e7\u00e3o n\u00ba 0032019 Dez2019<\/a><\/p>\n<\/div>\n<\/details>\n<\/div>\n<div class=\"lightweight-accordion\">\n<details>\n<summary class=\"lightweight-accordion-title\">2024<\/summary>\n<div class=\"lightweight-accordion-body\">\n<p><a href=\"https:\/\/ijfc.org.br\/wp-content\/uploads\/2025\/07\/Prestacao-de-Contas-1o-BIMESTRE-2.pdf\">Presta\u00e7\u00e3o Contas 1\u00ba Bimestre<\/a><\/p>\n<p><a href=\"https:\/\/ijfc.org.br\/wp-content\/uploads\/2025\/08\/prestacao_de_contas_2_BIMESTRE.pdf\">Presta\u00e7\u00e3o Contas 2\u00ba Bimestre<\/a><\/p>\n<p><a href=\"https:\/\/ijfc.org.br\/wp-content\/uploads\/2025\/08\/prestacao_de_contas_3_BIMESTRE.pdf\">Presta\u00e7\u00e3o Contas 3\u00ba Bimestre<\/a><\/p>\n<p><a href=\"https:\/\/ijfc.org.br\/wp-content\/uploads\/2025\/08\/prestacao_de_contas_4_BIMESTRE.pdf\">Presta\u00e7\u00e3o Contas 4\u00ba Bimestre<\/a><\/p>\n<p><a href=\"https:\/\/ijfc.org.br\/wp-content\/uploads\/2025\/08\/prestacao_de_contas_5_BIMESTRE.pdf\">Presta\u00e7\u00e3o Contas 5\u00ba Bimestre<\/a><\/p>\n<\/div>\n<\/details>\n<\/div>\n<div class=\"lightweight-accordion\">\n<details>\n<summary class=\"lightweight-accordion-title\">2023<\/summary>\n<div class=\"lightweight-accordion-body\">\n<p><a href=\"https:\/\/ijfc.org.br\/wp-content\/uploads\/2025\/07\/Prestacao-de-Contas-1o-BIMESTRE-1-1.pdf\">Presta\u00e7\u00e3o Contas 1\u00ba Bimestre<\/a><\/p>\n<p><a href=\"https:\/\/ijfc.org.br\/wp-content\/uploads\/2025\/07\/Prestacao-de-Contas-2o-BIMESTRE-1.pdf\">Presta\u00e7\u00e3o Contas 2\u00ba Bimestre<\/a><\/p>\n<p><a href=\"https:\/\/ijfc.org.br\/wp-content\/uploads\/2025\/07\/Prestacao-de-Contas-3o-BIMESTRE-2.pdf\">Presta\u00e7\u00e3o Contas 3\u00ba Bimestre<\/a><\/p>\n<p><a href=\"https:\/\/ijfc.org.br\/wp-content\/uploads\/2025\/07\/Prestacao-de-Contas-4o-BIMESTRE-2.pdf\">Presta\u00e7\u00e3o Contas 4\u00ba Bimestre<\/a><\/p>\n<p><a href=\"https:\/\/ijfc.org.br\/wp-content\/uploads\/2025\/07\/Prestacao-de-Contas-5o-BIMESTRE-2.pdf\">Presta\u00e7\u00e3o Contas 5\u00ba Bimestre<\/a><\/p>\n<p><a href=\"https:\/\/ijfc.org.br\/wp-content\/uploads\/2025\/07\/Prestacao-de-Contas-6o-BIMESTRE-2.pdf\">Presta\u00e7\u00e3o Contas 6\u00ba Bimestre<\/a><\/p>\n<\/div>\n<\/details>\n<\/div>\n<div class=\"lightweight-accordion\">\n<details>\n<summary class=\"lightweight-accordion-title\">2022<\/summary>\n<div class=\"lightweight-accordion-body\">\n<p><a href=\"https:\/\/ijfc.org.br\/wp-content\/uploads\/2025\/07\/Prestacao-de-Contas-1o-BIMESTRE.pdf\">Presta\u00e7\u00e3o Contas 1\u00ba Bimestre<\/a><\/p>\n<p><a href=\"https:\/\/ijfc.org.br\/wp-content\/uploads\/2025\/07\/Parecer-014.2022-Prestacao-de-Contas-Parcial-SIT-42.852-TC-03.2019-IJFC-1o-BIM-2022.pdf\">Parecer Presta\u00e7\u00e3o de Contas 1\u00ba Bimestre <\/a><\/p>\n<p><a href=\"https:\/\/ijfc.org.br\/wp-content\/uploads\/2025\/07\/Prestacao-de-Contas-2o-Bimestre-PRELIMINAR.pdf\">Presta\u00e7\u00e3o Contas 2\u00ba Bimestre \u2013 Preliminar<\/a><\/p>\n<p><a href=\"https:\/\/ijfc.org.br\/wp-content\/uploads\/2025\/07\/Prestacao-de-Contas-3o-BIMESTRE.pdf\">Presta\u00e7\u00e3o de Contas 3\u00ba Bimestre <\/a><\/p>\n<p><a href=\"https:\/\/ijfc.org.br\/wp-content\/uploads\/2025\/07\/Prestacao-de-Contas-4o-BIMESTRE.pdf\">Presta\u00e7\u00e3o de Contas 4\u00ba Bimestre <\/a><\/p>\n<p><a href=\"https:\/\/ijfc.org.br\/wp-content\/uploads\/2025\/07\/Prestacao-de-Contas-5o-BIMESTRE.pdf\">Presta\u00e7\u00e3o de Contas 5\u00ba Bimestre <\/a><\/p>\n<p><a href=\"https:\/\/ijfc.org.br\/wp-content\/uploads\/2025\/07\/Prestacao-de-Contas-6o-BIMESTRE.pdf\">Presta\u00e7\u00e3o de Contas 6\u00ba Bimestre <\/a><\/p>\n<\/div>\n<\/details>\n<\/div>\n<div class=\"wp-block-columns are-vertically-aligned-top\">\n<div class=\"wp-block-column is-vertically-aligned-top\" style=\"flex-basis: 100%;\">\n<div class=\"lightweight-accordion\">\n<details open=\"\">\n<summary class=\"lightweight-accordion-title\">2021<\/summary>\n<div class=\"lightweight-accordion-body\">\n<p><a href=\"https:\/\/ijfc.org.br\/wp-content\/uploads\/2025\/07\/PRESTACAO-DE-CONTAS-1o-BIMESTRE-2021.pdf\">Presta\u00e7\u00e3o Contas 1\u00ba Bimestre<\/a><\/p>\n<p><a href=\"https:\/\/ijfc.org.br\/wp-content\/uploads\/2025\/07\/Parecer-016.2021-Prestacao-de-Contas-Parcial-SIT-42.852-TC-03.2019-IJFC-1o-BIM-2021.pdf\">Parecer Presta\u00e7\u00e3o de Contas 1\u00ba Bimestre<\/a><\/p>\n<p><a href=\"https:\/\/ijfc.org.br\/wp-content\/uploads\/2025\/07\/PRESTACAO-DE-CONTAS-2o-BIMESTRE-2021.pdf\">Presta\u00e7\u00e3o Contas 2\u00ba Bimestre<\/a><\/p>\n<p><a href=\"https:\/\/ijfc.org.br\/wp-content\/uploads\/2025\/07\/Parecer-028.2021-Prestacao-de-Contas-Parcial-SIT-42.852-TC-03.2019-IJFC-2o-BIM-2021.pdf\">Parecer Presta\u00e7\u00e3o de Contas 2\u00ba Bimestre<\/a><\/p>\n<p><a href=\"https:\/\/ijfc.org.br\/wp-content\/uploads\/2025\/07\/PRESTACAO-DE-CONTAS-3o-BIMESTRE-2021.pdf\">Presta\u00e7\u00e3o Contas 3\u00ba Bimestre<\/a><\/p>\n<p><a href=\"https:\/\/ijfc.org.br\/wp-content\/uploads\/2025\/07\/Parecer-051.2021-Prestacao-de-Contas-Parcial-SIT-42.852-TC-03.2019-IJFC-3o-BIM-2021.pdf\">Parecer Presta\u00e7\u00e3o de Contas 3\u00ba Bimestre<\/a><\/p>\n<p><a href=\"https:\/\/ijfc.org.br\/wp-content\/uploads\/2025\/07\/PRESTACAO-DE-CONTAS-4o-BIMESTRE-2021.pdf\">Presta\u00e7\u00e3o Contas 4\u00ba Bimestre<\/a><\/p>\n<p><a href=\"https:\/\/ijfc.org.br\/wp-content\/uploads\/2025\/07\/Parecer-058.2021-Prestacao-de-Contas-Parcial-SIT-42.852-TC-03.2019-IJFC-4o-BIM-2021.pdf\">Parecer Presta\u00e7\u00e3o de Contas 4\u00ba Bimestre<\/a><\/p>\n<p><a href=\"https:\/\/ijfc.org.br\/wp-content\/uploads\/2025\/07\/PRESTACAO-DE-CONTAS-5o-BIMESTRE-2021.pdf\">Presta\u00e7\u00e3o Contas 5\u00ba Bimestre<\/a><\/p>\n<p><a href=\"https:\/\/ijfc.org.br\/wp-content\/uploads\/2025\/07\/Parecer-074.2021-Prestacao-de-Contas-Parcial-SIT-42.852-TC-03.2019-IJFC-5o-BIM-2021.pdf\">Parecer Presta\u00e7\u00e3o de Contas 5\u00ba Bimestre<\/a><\/p>\n<p><a href=\"https:\/\/ijfc.org.br\/wp-content\/uploads\/2025\/07\/6o-BIMESTRE-2021.pdf\">Presta\u00e7\u00e3o Contas 6\u00ba Bimestre<\/a><\/p>\n<p><a href=\"https:\/\/ijfc.org.br\/wp-content\/uploads\/2025\/07\/Parecer-006.2022-Prestacao-de-Contas-Parcial-SIT-42.852-TC-03.2019-IJFC-6o-BIM-2021.pdf\">Parecer Presta\u00e7\u00e3o de Contas 6\u00ba Bimestre<\/a><\/p>\n<\/div>\n<\/details>\n<\/div>\n<\/div>\n<\/div>\n<div class=\"lightweight-accordion\">\n<details>\n<summary class=\"lightweight-accordion-title\">2020<\/summary>\n<div class=\"lightweight-accordion-body\">\n<p><a href=\"https:\/\/ijfc.org.br\/wp-content\/uploads\/2025\/07\/PRESTACAO-DE-CONTAS-1o-BIMESTRE-2020.pdf\">Presta\u00e7\u00e3o Contas 1\u00ba Bimestre<\/a><\/p>\n<p><a href=\"https:\/\/ijfc.org.br\/wp-content\/uploads\/2025\/07\/PRESTACAO-DE-CONTAS-2o-BIMESTRE-2020.pdf\">Presta\u00e7\u00e3o Contas 2\u00ba Bimestre<\/a><\/p>\n<p><a href=\"https:\/\/ijfc.org.br\/wp-content\/uploads\/2025\/07\/Parecer-039.2020-Prestacao-de-Contas-Parcial-SIT-42.852-TC-03.2019-IJFC-2o-BIM-2020-Conclusivo.pdf\">Parecer Presta\u00e7\u00e3o de Contas 2\u00ba Bimestre<\/a><\/p>\n<p><a href=\"https:\/\/ijfc.org.br\/wp-content\/uploads\/2025\/07\/PRESTACAO-DE-CONTAS-3o-BIMESTRE-2020.pdf\">Presta\u00e7\u00e3o Contas 3\u00ba Bimestre<\/a><\/p>\n<p><a href=\"https:\/\/ijfc.org.br\/wp-content\/uploads\/2025\/07\/Parecer-041.2020-Prestacao-de-Contas-Parcial-SIT-42.852-TC-03.2019-IJFC-3o-BIM-2020-Conclusivo.pdf\">Parecer Presta\u00e7\u00e3o de Contas 3\u00ba Bimestre<\/a><\/p>\n<p><a href=\"https:\/\/ijfc.org.br\/wp-content\/uploads\/2025\/07\/PRESTACAO-DE-CONTAS-4o-BIMESTRE-2020.pdf\">Presta\u00e7\u00e3o Contas 4\u00ba Bimestre<\/a><\/p>\n<p><a href=\"https:\/\/ijfc.org.br\/wp-content\/uploads\/2025\/07\/Parecer-056.2020-Prestacao-de-Contas-Parcial-SIT-42.852-TC-03.2019-IJFC-4o-BIM-2020-Conclusivo.pdf\">Parecer Presta\u00e7\u00e3o de Contas 4\u00ba Bimestre<\/a><\/p>\n<p><a href=\"https:\/\/ijfc.org.br\/wp-content\/uploads\/2025\/07\/PRESTACAO-DE-CONTAS-5o-BIMESTRE-2020.pdf\">Presta\u00e7\u00e3o Contas 5\u00ba Bimestre<\/a><\/p>\n<p><a href=\"https:\/\/ijfc.org.br\/wp-content\/uploads\/2025\/07\/Parecer-072.2020-Prestacao-de-Contas-Parcial-SIT-42.852-TC-03.2019-IJFC-5o-BIM-2020-Conclusivo.pdf\">Parecer Presta\u00e7\u00e3o de Contas 5\u00ba Bimestre<\/a><\/p>\n<p><a href=\"https:\/\/ijfc.org.br\/wp-content\/uploads\/2025\/07\/PRESTACAO-DE-CONTAS-6o-BIMESTRE-2020.pdf\">Presta\u00e7\u00e3o Contas 6\u00ba Bimestre<\/a><\/p>\n<p><a href=\"https:\/\/ijfc.org.br\/wp-content\/uploads\/2025\/07\/Parecer-012.2021-Prestacao-de-Contas-Parcial-SIT-42.852-TC-03.2019-IJFC-6o-BIM-2020.pdf\">Parecer Presta\u00e7\u00e3o de Contas 6\u00ba Bimestre<\/a><\/p>\n<\/div>\n<\/details>\n<\/div>\n<div class=\"lightweight-accordion\">\n<details>\n<summary class=\"lightweight-accordion-title\">2019<\/summary>\n<div class=\"lightweight-accordion-body\">\n<p><a href=\"https:\/\/ijfc.org.br\/wp-content\/uploads\/2025\/07\/PRESTACAO-DE-CONTAS-6o-BIMESTRE-2019.pdf\">Presta\u00e7\u00e3o Contas 6\u00ba Bimestre<\/a><\/p>\n<\/div>\n<\/details>\n<\/div>\n<\/div>\n<p>[\/vc_column_text][vc_column_text]<\/p>\n<div id=\"content\" class=\"container\">\n<div class=\"row\">\n<div id=\"primary\" class=\"col-md-12 content-area\">\n<p>&nbsp;<\/p>\n<article id=\"post-1638\" class=\"post-1638 page type-page status-publish has-post-thumbnail hentry\">\n<header class=\"entry-header\"><\/header>\n<p><!-- .entry-header --><\/p>\n<div class=\"entry-content\">\n<p class=\"has-text-align-center\"><strong>Aqui voc\u00ea encontra os nossos Termos de Parcerias. Para baixar, clique nos bot\u00f5es abaixo.<\/strong><\/p>\n<ul>\n<li><strong><a href=\"http:\/\/ijfc.org.br\/sobre-nos\/prestacao-de-contas-2\/\"><span class=\"has-inline-color has-black-color\">Prefeitura Municipal de Pinhais \u2013 PR<\/span><\/a><\/strong><\/li>\n<\/ul>\n<div class=\"lightweight-accordion\">\n<details>\n<summary class=\"lightweight-accordion-title\">SESCPR<\/summary>\n<div class=\"lightweight-accordion-body\">\n<p><a href=\"http:\/\/ijfc.org.br\/wp-content\/uploads\/2025\/06\/Convenio_IJFC_SESCPR_2021.pdf\"> Conv\u00eanio IJFC e SESCPR-2021<\/a><\/p>\n<p><a href=\"https:\/\/ijfc.org.br\/wp-content\/uploads\/2025\/07\/CONVENIO-IJFC-SESCPR-2022-CON-047.pdf\">Conv\u00eanio IJFC e SESCPR-2022<\/a><\/p>\n<p>Conv\u00eanio IJFC e SESCPR-2023<\/p>\n<p><a href=\"http:\/\/ijfc.org.br\/wp-content\/uploads\/2025\/06\/Convenio_IJFC_SESCPR_2024.pdf\">Conv\u00eanio IJFC e SESCPR-2024<\/a><\/p>\n<p><a href=\"http:\/\/ijfc.org.br\/wp-content\/uploads\/2025\/06\/Convenio_IJFC_SESCPR_2025.pdf\">Conv\u00eanio IJFC e SESCPR-2025<\/a><\/p>\n<p><a href=\"https:\/\/ijfc.org.br\/wp-content\/uploads\/2025\/07\/Termo-de-Cooperacao-SESCPR-2015-Programa-Mesa-Brasil.pdf\"> Termo de Coopera\u00e7\u00e3o SESCPR 2015 \u2013 Programa Mesa Brasil <\/a><\/p>\n<\/div>\n<\/details>\n<\/div>\n<p class=\"has-text-align-center\">\n<\/div>\n<p><!-- .entry-content --><\/p>\n<footer class=\"entry-footer\"><\/footer>\n<p><!-- .entry-footer --><\/article>\n<p><!-- #post-## --> <!-- #main --><\/p>\n<\/div>\n<p><!-- #primary --><\/p>\n<\/div>\n<p><!-- .row end --><\/p>\n<\/div>\n<p>[\/vc_column_text][vc_empty_space][vc_column_text]<\/p>\n<h4 style=\"text-align: center;\"><strong>Conv\u00eanio<\/strong><\/h4>\n<p><img loading=\"lazy\" decoding=\"async\" class=\"alignnone size-medium wp-image-4462 aligncenter\" src=\"http:\/\/ijfc.org.br\/wp-content\/uploads\/2025\/06\/prefeitura-300x164.png\" alt=\"\" width=\"300\" height=\"164\" srcset=\"https:\/\/ijfc.org.br\/wp-content\/uploads\/2025\/06\/prefeitura-300x164.png 300w, https:\/\/ijfc.org.br\/wp-content\/uploads\/2025\/06\/prefeitura.png 544w\" sizes=\"auto, (max-width: 300px) 100vw, 300px\" \/><\/p>\n<h4 style=\"text-align: center;\"><strong>Apoiadores<\/strong><\/h4>\n<p style=\"text-align: center;\"><img loading=\"lazy\" decoding=\"async\" class=\"alignnone wp-image-4466\" src=\"http:\/\/ijfc.org.br\/wp-content\/uploads\/2025\/06\/expo-300x156.png\" alt=\"\" width=\"144\" height=\"75\" srcset=\"https:\/\/ijfc.org.br\/wp-content\/uploads\/2025\/06\/expo-300x156.png 300w, https:\/\/ijfc.org.br\/wp-content\/uploads\/2025\/06\/expo.png 516w\" sizes=\"auto, (max-width: 144px) 100vw, 144px\" \/> <img loading=\"lazy\" decoding=\"async\" class=\"alignnone wp-image-4464\" src=\"http:\/\/ijfc.org.br\/wp-content\/uploads\/2025\/06\/cent-300x264.png\" alt=\"\" width=\"85\" height=\"75\" srcset=\"https:\/\/ijfc.org.br\/wp-content\/uploads\/2025\/06\/cent-300x264.png 300w, https:\/\/ijfc.org.br\/wp-content\/uploads\/2025\/06\/cent.png 304w\" sizes=\"auto, (max-width: 85px) 100vw, 85px\" \/> <img loading=\"lazy\" decoding=\"async\" class=\"alignnone wp-image-4467\" src=\"http:\/\/ijfc.org.br\/wp-content\/uploads\/2025\/06\/ov-300x266.png\" alt=\"\" width=\"85\" height=\"75\" srcset=\"https:\/\/ijfc.org.br\/wp-content\/uploads\/2025\/06\/ov-300x266.png 300w, https:\/\/ijfc.org.br\/wp-content\/uploads\/2025\/06\/ov.png 302w\" sizes=\"auto, (max-width: 85px) 100vw, 85px\" \/><img loading=\"lazy\" decoding=\"async\" class=\"alignnone wp-image-4468\" src=\"http:\/\/ijfc.org.br\/wp-content\/uploads\/2025\/06\/uv-300x156.png\" alt=\"\" width=\"144\" height=\"75\" srcset=\"https:\/\/ijfc.org.br\/wp-content\/uploads\/2025\/06\/uv-300x156.png 300w, https:\/\/ijfc.org.br\/wp-content\/uploads\/2025\/06\/uv.png 516w\" sizes=\"auto, (max-width: 144px) 100vw, 144px\" \/> <img loading=\"lazy\" decoding=\"async\" class=\"alignnone wp-image-4465\" src=\"http:\/\/ijfc.org.br\/wp-content\/uploads\/2025\/06\/ex-300x156.png\" alt=\"\" width=\"144\" height=\"75\" srcset=\"https:\/\/ijfc.org.br\/wp-content\/uploads\/2025\/06\/ex-300x156.png 300w, https:\/\/ijfc.org.br\/wp-content\/uploads\/2025\/06\/ex.png 516w\" sizes=\"auto, (max-width: 144px) 100vw, 144px\" \/><\/p>\n<p>[\/vc_column_text][vc_empty_space][\/vc_column][vc_column width=&#8221;1\/6&#8243;][\/vc_column][\/vc_row][vc_row simple_background_color=&#8221;#f8f8f8&#8243; css=&#8221;.vc_custom_1523968375909{padding-top: 85px !important;padding-bottom: 85px !important;}&#8221;][vc_column]<div class=\"mkdf-call-to-action-holder  mkdf-normal-layout mkdf-content-in-grid mkdf-three-quarters-columns\">\n\t<div class=\"mkdf-cta-inner mkdf-grid\">\n\t\t<div class=\"mkdf-cta-text-holder\">\n\t\t\t<div class=\"mkdf-cta-text\">\n<h4>Tem alguma d\u00favida, sugest\u00e3o ou quer nos enviar uma mensagem?<\/h4>\n<\/div>\n\t\t<\/div>\n\t\t<div class=\"mkdf-cta-button-holder\" >\n\t\t\t<div class=\"mkdf-cta-button\"><a itemprop=\"url\" href=\"#\" target=\"_self\"  class=\"mkdf-btn mkdf-btn-medium mkdf-btn-solid\"  >    <span class=\"mkdf-btn-text\">Saiba mais!<\/span>    <\/a><\/div>\n\t\t<\/div>\n\t<\/div>\n<\/div>[\/vc_column][\/vc_row]<\/p>\n","protected":false},"excerpt":{"rendered":"<p>[vc_row][vc_column width=&#8221;1\/6&#8243;][\/vc_column][vc_column width=&#8221;2\/3&#8243;][vc_empty_space][vc_column_text] Aqui voc\u00ea encontra os Termos de Parceria e as nossas Presta\u00e7\u00f5es de Contas. Para baixa-los, clique nos links abaixo. Termos Termo de Colabora\u00e7\u00e3o 003\/2019 Dez 2019 a Nov 2020 Plano de Trabalho Termo de Conv\u00eanio 003\/2019 Dez [&hellip;]<\/p>\n","protected":false},"author":1,"featured_media":0,"parent":0,"menu_order":0,"comment_status":"closed","ping_status":"closed","template":"full-width.php","meta":{"footnotes":""},"class_list":["post-3614","page","type-page","status-publish","hentry"],"_links":{"self":[{"href":"https:\/\/ijfc.org.br\/index.php\/wp-json\/wp\/v2\/pages\/3614","targetHints":{"allow":["GET"]}}],"collection":[{"href":"https:\/\/ijfc.org.br\/index.php\/wp-json\/wp\/v2\/pages"}],"about":[{"href":"https:\/\/ijfc.org.br\/index.php\/wp-json\/wp\/v2\/types\/page"}],"author":[{"embeddable":true,"href":"https:\/\/ijfc.org.br\/index.php\/wp-json\/wp\/v2\/users\/1"}],"replies":[{"embeddable":true,"href":"https:\/\/ijfc.org.br\/index.php\/wp-json\/wp\/v2\/comments?post=3614"}],"version-history":[{"count":24,"href":"https:\/\/ijfc.org.br\/index.php\/wp-json\/wp\/v2\/pages\/3614\/revisions"}],"predecessor-version":[{"id":4741,"href":"https:\/\/ijfc.org.br\/index.php\/wp-json\/wp\/v2\/pages\/3614\/revisions\/4741"}],"wp:attachment":[{"href":"https:\/\/ijfc.org.br\/index.php\/wp-json\/wp\/v2\/media?parent=3614"}],"curies":[{"name":"wp","href":"https:\/\/api.w.org\/{rel}","templated":true}]}}