{"id":3549,"date":"2025-03-30T22:08:56","date_gmt":"2025-03-31T01:08:56","guid":{"rendered":"http:\/\/ijfc.org.br\/?page_id=3549"},"modified":"2025-07-16T13:58:36","modified_gmt":"2025-07-16T16:58:36","slug":"fenaseg","status":"publish","type":"page","link":"https:\/\/ijfc.org.br\/index.php\/fenaseg\/","title":{"rendered":"Fenaseg"},"content":{"rendered":"<p>[vc_row][vc_column width=&#8221;1\/6&#8243;][\/vc_column][vc_column width=&#8221;2\/3&#8243;][vc_column_text]<\/p>\n<h4 class=\"font_4\" style=\"text-align: center;\">DESDE O IN\u00cdCIO, A FENASEG<\/h4>\n<div id=\"comp-iql0i4ts\" class=\"txtNew\" data-packed=\"true\">\n<p style=\"text-align: justify;\">Em 2003, institui\u00e7\u00f5es empresariais privadas, reunidas na Federa\u00e7\u00e3o Nacional das Empresas de Seguros Privados (FENASEG), sob a presid\u00eancia de Jo\u00e3o Elisio Ferraz de Campos, decidiram se unir em um F\u00f3rum para a realiza\u00e7\u00e3o conjunta de projetos sociais visando contribuir com a melhoria das comunidades carentes do Rio.<\/p>\n<p style=\"text-align: justify;\">V\u00e1rias entidades e empresas compuseram o F\u00f3rum, entre elas: Associa\u00e7\u00e3o Comercial, Fecom\u00e9rcio-RJ (Sesc\/RJ),\u00a0Fenaseg, Firjan (Senai\/RJ), Fetranspor, Caixa Econ\u00f4mica Federal, Lamsa (Linhas Amarelas), Ibase, Sebrae\/RJ,\u00a0Farmanguinhos e Rio\u00f4nibus.<\/p>\n<p style=\"text-align: justify;\">Por sugest\u00e3o do ent\u00e3o Secret\u00e1rio Nacional de Seguran\u00e7a P\u00fablica, Luiz Eduardo Soares, a Comunidade Cidade de Deus foi\u00a0escolhida como plano piloto por ser uma comunidade representativa em n\u00famero de habitantes e por apresentar um dos\u00a0mais baixos \u00edndices de IDH da cidade do Rio de Janeiro.<\/p>\n<p style=\"text-align: justify;\">Dois anos depois, o F\u00f3rum foi desativado e os parceiros se dispersaram. Algumas empresas permaneceram atuando em projetos sociais de forma pontual, outras se afastaram.<\/p>\n<p style=\"text-align: justify;\">A Fenaseg, no entanto, estreitou a rela\u00e7\u00e3o com a comunidade desenvolvendo projetos, de in\u00edcio em parceria com o Comit\u00ea Comunit\u00e1rio local. \u00a0Com a cria\u00e7\u00e3o do Instituto Jo\u00e3o Ferraz de\u00a0Campos, a partir de 2006, a\u00a0administra\u00e7\u00e3o dos Projetos Sociais na Cidade de Deus ficaram inteiramente a cargo do Instituto. Podemos dizer que os trabalhos desenvolvidos pela FENASEG foram o embri\u00e3o do Instituto.<\/p>\n<p style=\"text-align: justify;\">Desde ent\u00e3o a FENASEG manteve a\u00a0verba de patroc\u00ednio destinado aos Projetos, agora repassados ao IJFC, para o qual foram aportados mais recursos pela fam\u00edlia Ferraz\u00a0de Campos. Recebemos tamb\u00e9m a ades\u00e3o de novos parceiros, como o DPVAT, a Seguradora Lider, a Funenseg (Escola Nacional de Seguros), a Centauro Vida e\u00a0Previd\u00eancia, a Megadata, o Expotrade, os Sindicatos das Seguradoras do Rio de Janeiro e do Paran\u00e1, entre outros.<\/p>\n<p style=\"text-align: justify;\">Em 2010, Jo\u00e3o Elisio Ferraz de Campos deixou a presid\u00eancia da Fenaseg e da rec\u00e9m criada CNSeg (Confedera\u00e7\u00e3o Nacional das Empresas de Seguros Privados), sendo substitu\u00eddo pelo Sr. Jorge\u00a0Hil\u00e1rio Gouvea Vieira, que honrou os compromissos das gest\u00f5es anteriores. A gest\u00e3o seguinte, de Marco Antonio Rossi, tamb\u00e9m manteve o patroc\u00ednio dos projetos sociais. Da mesma forma, a atual presid\u00eancia da CNSeg \/ FENASEG, Marcio Seroa de Araujo Coreolano, confirmou a indispens\u00e1vel contribui\u00e7\u00e3o do setor para a manuten\u00e7\u00e3o e aprefei\u00e7oamento dos trabalhos do Instituto no Rio de Janeiro.<\/p>\n<p style=\"text-align: justify;\">A Fenaseg esteve\u00a0pois presente desde a primeira hora, at\u00e9 hoje. S\u00e3o quinze anos de parceria, ancorados em m\u00fatua\u00a0rela\u00e7\u00e3o de confian\u00e7a e incentivo.<\/p>\n<\/div>\n<p>[\/vc_column_text][vc_empty_space][vc_empty_space][vc_column_text]<\/p>\n<h4 style=\"text-align: center;\"><strong>Conv\u00eanio<\/strong><\/h4>\n<p><img loading=\"lazy\" decoding=\"async\" class=\"alignnone size-medium wp-image-4462 aligncenter\" src=\"http:\/\/ijfc.org.br\/wp-content\/uploads\/2025\/06\/prefeitura-300x164.png\" alt=\"\" width=\"300\" height=\"164\" srcset=\"https:\/\/ijfc.org.br\/wp-content\/uploads\/2025\/06\/prefeitura-300x164.png 300w, https:\/\/ijfc.org.br\/wp-content\/uploads\/2025\/06\/prefeitura.png 544w\" sizes=\"auto, (max-width: 300px) 100vw, 300px\" \/><\/p>\n<h4 style=\"text-align: center;\"><strong>Apoiadores<\/strong><\/h4>\n<p style=\"text-align: center;\"><img loading=\"lazy\" decoding=\"async\" class=\"alignnone wp-image-4466\" src=\"http:\/\/ijfc.org.br\/wp-content\/uploads\/2025\/06\/expo-300x156.png\" alt=\"\" width=\"144\" height=\"75\" srcset=\"https:\/\/ijfc.org.br\/wp-content\/uploads\/2025\/06\/expo-300x156.png 300w, https:\/\/ijfc.org.br\/wp-content\/uploads\/2025\/06\/expo.png 516w\" sizes=\"auto, (max-width: 144px) 100vw, 144px\" \/> <img loading=\"lazy\" decoding=\"async\" class=\"alignnone wp-image-4464\" src=\"http:\/\/ijfc.org.br\/wp-content\/uploads\/2025\/06\/cent-300x264.png\" alt=\"\" width=\"85\" height=\"75\" srcset=\"https:\/\/ijfc.org.br\/wp-content\/uploads\/2025\/06\/cent-300x264.png 300w, https:\/\/ijfc.org.br\/wp-content\/uploads\/2025\/06\/cent.png 304w\" sizes=\"auto, (max-width: 85px) 100vw, 85px\" \/> <img loading=\"lazy\" decoding=\"async\" class=\"alignnone wp-image-4467\" src=\"http:\/\/ijfc.org.br\/wp-content\/uploads\/2025\/06\/ov-300x266.png\" alt=\"\" width=\"85\" height=\"75\" srcset=\"https:\/\/ijfc.org.br\/wp-content\/uploads\/2025\/06\/ov-300x266.png 300w, https:\/\/ijfc.org.br\/wp-content\/uploads\/2025\/06\/ov.png 302w\" sizes=\"auto, (max-width: 85px) 100vw, 85px\" \/><img loading=\"lazy\" decoding=\"async\" class=\"alignnone wp-image-4468\" src=\"http:\/\/ijfc.org.br\/wp-content\/uploads\/2025\/06\/uv-300x156.png\" alt=\"\" width=\"144\" height=\"75\" srcset=\"https:\/\/ijfc.org.br\/wp-content\/uploads\/2025\/06\/uv-300x156.png 300w, https:\/\/ijfc.org.br\/wp-content\/uploads\/2025\/06\/uv.png 516w\" sizes=\"auto, (max-width: 144px) 100vw, 144px\" \/> <img loading=\"lazy\" decoding=\"async\" class=\"alignnone wp-image-4465\" src=\"http:\/\/ijfc.org.br\/wp-content\/uploads\/2025\/06\/ex-300x156.png\" alt=\"\" width=\"144\" height=\"75\" srcset=\"https:\/\/ijfc.org.br\/wp-content\/uploads\/2025\/06\/ex-300x156.png 300w, https:\/\/ijfc.org.br\/wp-content\/uploads\/2025\/06\/ex.png 516w\" sizes=\"auto, (max-width: 144px) 100vw, 144px\" \/><\/p>\n<p>[\/vc_column_text][\/vc_column][vc_column width=&#8221;1\/6&#8243;][\/vc_column][\/vc_row][vc_row simple_background_color=&#8221;#f8f8f8&#8243; css=&#8221;.vc_custom_1523968375909{padding-top: 85px !important;padding-bottom: 85px !important;}&#8221;][vc_column]<div class=\"mkdf-call-to-action-holder  mkdf-normal-layout mkdf-content-in-grid mkdf-three-quarters-columns\">\n\t<div class=\"mkdf-cta-inner mkdf-grid\">\n\t\t<div class=\"mkdf-cta-text-holder\">\n\t\t\t<div class=\"mkdf-cta-text\">\n<h4>Tem alguma d\u00favida, sugest\u00e3o ou quer nos enviar uma mensagem?<\/h4>\n<\/div>\n\t\t<\/div>\n\t\t<div class=\"mkdf-cta-button-holder\" >\n\t\t\t<div class=\"mkdf-cta-button\"><a itemprop=\"url\" href=\"https:\/\/wa.me\/5541991852062\" target=\"_self\"  class=\"mkdf-btn mkdf-btn-medium mkdf-btn-solid\"  >    <span class=\"mkdf-btn-text\">Saiba mais!<\/span>    <\/a><\/div>\n\t\t<\/div>\n\t<\/div>\n<\/div>[\/vc_column][\/vc_row]<\/p>\n","protected":false},"excerpt":{"rendered":"<p>[vc_row][vc_column width=&#8221;1\/6&#8243;][\/vc_column][vc_column width=&#8221;2\/3&#8243;][vc_column_text] DESDE O IN\u00cdCIO, A FENASEG Em 2003, institui\u00e7\u00f5es empresariais privadas, reunidas na Federa\u00e7\u00e3o Nacional das Empresas de Seguros Privados (FENASEG), sob a presid\u00eancia de Jo\u00e3o Elisio Ferraz de Campos, decidiram se unir em um F\u00f3rum para a [&hellip;]<\/p>\n","protected":false},"author":1,"featured_media":0,"parent":0,"menu_order":0,"comment_status":"closed","ping_status":"closed","template":"full-width.php","meta":{"footnotes":""},"class_list":["post-3549","page","type-page","status-publish","hentry"],"_links":{"self":[{"href":"https:\/\/ijfc.org.br\/index.php\/wp-json\/wp\/v2\/pages\/3549","targetHints":{"allow":["GET"]}}],"collection":[{"href":"https:\/\/ijfc.org.br\/index.php\/wp-json\/wp\/v2\/pages"}],"about":[{"href":"https:\/\/ijfc.org.br\/index.php\/wp-json\/wp\/v2\/types\/page"}],"author":[{"embeddable":true,"href":"https:\/\/ijfc.org.br\/index.php\/wp-json\/wp\/v2\/users\/1"}],"replies":[{"embeddable":true,"href":"https:\/\/ijfc.org.br\/index.php\/wp-json\/wp\/v2\/comments?post=3549"}],"version-history":[{"count":5,"href":"https:\/\/ijfc.org.br\/index.php\/wp-json\/wp\/v2\/pages\/3549\/revisions"}],"predecessor-version":[{"id":4529,"href":"https:\/\/ijfc.org.br\/index.php\/wp-json\/wp\/v2\/pages\/3549\/revisions\/4529"}],"wp:attachment":[{"href":"https:\/\/ijfc.org.br\/index.php\/wp-json\/wp\/v2\/media?parent=3549"}],"curies":[{"name":"wp","href":"https:\/\/api.w.org\/{rel}","templated":true}]}}