{"id":3535,"date":"2025-03-27T12:31:31","date_gmt":"2025-03-27T15:31:31","guid":{"rendered":"http:\/\/ijfc.org.br\/?page_id=3535"},"modified":"2025-07-16T13:57:44","modified_gmt":"2025-07-16T16:57:44","slug":"instituto","status":"publish","type":"page","link":"https:\/\/ijfc.org.br\/index.php\/instituto\/","title":{"rendered":"Instituto"},"content":{"rendered":"<p>[vc_row][vc_column width=&#8221;1\/6&#8243;][\/vc_column][vc_column width=&#8221;2\/3&#8243;][vc_empty_space][vc_empty_space][vc_single_image image=&#8221;4416&#8243; img_size=&#8221;full&#8221;][vc_empty_space][vc_column_text]<\/p>\n<p style=\"text-align: justify;\">O IJFC tem como objetivo o desenvolvimento de projetos sociais em comunidades menos favorecidas, atuando prioritariamente nas \u00e1reas de educa\u00e7\u00e3o, sa\u00fade e profissionaliza\u00e7\u00e3o.<\/p>\n<p style=\"text-align: justify;\">Suas a\u00e7\u00f5es s\u00e3o realizadas por meio de recursos financeiros pr\u00f3prios ou doa\u00e7\u00e3o de terceiros, podendo firmar parcerias e conv\u00eanios com entidades p\u00fablicas ou privadas e com institui\u00e7\u00f5es nacionais e estrangeiras. As parcerias com entidades p\u00fablicas s\u00e3o realizadas sempre de forma complementar, ou seja, sem substituir a fun\u00e7\u00e3o do Estado.<\/p>\n<p>Suas a\u00e7\u00f5es s\u00e3o realizadas por meio de recursos financeiros pr\u00f3prios ou doa\u00e7\u00e3o de terceiros, podendo firmar parcerias e conv\u00eanios com entidades p\u00fablicas ou privadas e com institui\u00e7\u00f5es nacionais e estrangeiras. As parcerias com entidades p\u00fablicas s\u00e3o realizadas sempre de forma complementar, ou seja, sem substituir a fun\u00e7\u00e3o do Estado.<\/p>\n<p>O IJFC tem como objetivo o desenvolvimento de projetos sociais em comunidades menos favorecidas, atuando prioritariamente nas \u00e1reas de educa\u00e7\u00e3o, sa\u00fade e profissionaliza\u00e7\u00e3o.[\/vc_column_text][vc_empty_space][\/vc_column][vc_column width=&#8221;1\/6&#8243;][\/vc_column][\/vc_row][vc_row][vc_column width=&#8221;1\/6&#8243;][\/vc_column][vc_column width=&#8221;2\/3&#8243;][vc_column_text]<\/p>\n<p style=\"text-align: justify;\">Suas a\u00e7\u00f5es s\u00e3o realizadas por meio de recursos financeiros pr\u00f3prios ou doa\u00e7\u00e3o de terceiros, podendo firmar parcerias e conv\u00eanios com entidades p\u00fablicas ou privadas e com institui\u00e7\u00f5es nacionais e estrangeiras. As parcerias com entidades p\u00fablicas s\u00e3o realizadas sempre de forma complementar, ou seja, sem substituir a fun\u00e7\u00e3o do Estado.<\/p>\n<p style=\"text-align: justify;\">Durante sete anos, o IJFC concentrou suas atividades na cidade do Rio de Janeiro, na comunidade Cidade de Deus, atuando na Creche Maria Beralda e no Centro de Atividades Integradas Odylo Costa Neto, duas unidades da Funda\u00e7\u00e3o para Inf\u00e2ncia e Adolesc\u00eancia, \u00f3rg\u00e3o da Secretaria Estadual de Assist\u00eancia Social. Posteriormente passou a atender tamb\u00e9m a creche Luzes do Amanh\u00e3, a Escola Pe. Francisco da Motta e projetos demandados pela comunidade do Morro Santa Marta.<\/p>\n<p style=\"text-align: justify;\">Por causa dos altos \u00edndices de viol\u00eancia que assolam atualmente a cidade do Rio de Janeiro, o Instituto Jo\u00e3o Ferraz de Campos privando pela seguran\u00e7a de seus colaboradores, em 2017, encerrou as atividades desenvolvidas na comunidade Cidade de Deus. Os sucessivos confrontos armados criaram um clima de guerrilha urbana, aumentando os riscos e gerando medo de transitar e trabalhar, obrigando o IJFC a suspender os servi\u00e7os prestados para mais de 300 crian\u00e7as das creches Maria Beralda e Luzes do Amanh\u00e3.<\/p>\n<p style=\"text-align: justify;\">Em 2011, frentes de trabalho foram abertas no Paran\u00e1, onde fica a matriz do Instituto e onde a diretoria tem fortes v\u00ednculos sociais e familiares. Foram firmadas parcerias com a Secretaria de Assist\u00eancia Social do Munic\u00edpio de Pinhais; com o Projeto Passos da Crian\u00e7a, localizado na Vila Torres, munic\u00edpio de Curitiba e com o Centro Educacional Jo\u00e3o Paulo II, localizado no Munic\u00edpio de Piraquara.<\/p>\n<p style=\"text-align: justify;\">* O Instituto obteve junto ao Minist\u00e9rio da Justi\u00e7a sua qualifica\u00e7\u00e3o como OSCIP \u2013 Organiza\u00e7\u00e3o da Sociedade Civil de Interesse P\u00fablico (Lei n\u00ba 9.790 \/99).<\/p>\n<p>[\/vc_column_text][vc_empty_space][vc_column_text]<\/p>\n<h4><strong>Espa\u00e7o<\/strong><\/h4>\n<p>[\/vc_column_text]<div class=\"mkdf-image-gallery  mkdf-ig-grid-type mkdf-large-space  \">\n\t<div class=\"mkdf-ig-inner mkdf-outer-space mkdf-ig-grid mkdf-ig-four-columns\">\n\t\t\t\t\t<div class=\"mkdf-ig-image mkdf-item-space\">\n\t\t\t\t<div class=\"mkdf-ig-image-inner\">\n\t\t\t\t\t\t\t\t\t\t\t<img loading=\"lazy\" decoding=\"async\"  src=\"https:\/\/ijfc.org.br\/wp-content\/uploads\/2025\/05\/e1-200x200.png\" alt=\"\" width=\"200\" height=\"200\" \/>\t\t\t\t\t\t\t\t\t<\/div>\n\t\t\t<\/div>\n\t\t\t\t\t<div class=\"mkdf-ig-image mkdf-item-space\">\n\t\t\t\t<div class=\"mkdf-ig-image-inner\">\n\t\t\t\t\t\t\t\t\t\t\t<img loading=\"lazy\" decoding=\"async\"  src=\"https:\/\/ijfc.org.br\/wp-content\/uploads\/2025\/05\/e2-200x200.png\" alt=\"\" width=\"200\" height=\"200\" \/>\t\t\t\t\t\t\t\t\t<\/div>\n\t\t\t<\/div>\n\t\t\t\t\t<div class=\"mkdf-ig-image mkdf-item-space\">\n\t\t\t\t<div class=\"mkdf-ig-image-inner\">\n\t\t\t\t\t\t\t\t\t\t\t<img loading=\"lazy\" decoding=\"async\"  src=\"https:\/\/ijfc.org.br\/wp-content\/uploads\/2025\/05\/e3-200x200.png\" alt=\"\" width=\"200\" height=\"200\" \/>\t\t\t\t\t\t\t\t\t<\/div>\n\t\t\t<\/div>\n\t\t\t\t\t<div class=\"mkdf-ig-image mkdf-item-space\">\n\t\t\t\t<div class=\"mkdf-ig-image-inner\">\n\t\t\t\t\t\t\t\t\t\t\t<img loading=\"lazy\" decoding=\"async\"  src=\"https:\/\/ijfc.org.br\/wp-content\/uploads\/2025\/05\/e4-200x200.png\" alt=\"\" width=\"200\" height=\"200\" \/>\t\t\t\t\t\t\t\t\t<\/div>\n\t\t\t<\/div>\n\t\t\t\t\t<div class=\"mkdf-ig-image mkdf-item-space\">\n\t\t\t\t<div class=\"mkdf-ig-image-inner\">\n\t\t\t\t\t\t\t\t\t\t\t<img loading=\"lazy\" decoding=\"async\"  src=\"https:\/\/ijfc.org.br\/wp-content\/uploads\/2025\/05\/e5-200x200.png\" alt=\"\" width=\"200\" height=\"200\" \/>\t\t\t\t\t\t\t\t\t<\/div>\n\t\t\t<\/div>\n\t\t\t\t\t<div class=\"mkdf-ig-image mkdf-item-space\">\n\t\t\t\t<div class=\"mkdf-ig-image-inner\">\n\t\t\t\t\t\t\t\t\t\t\t<img loading=\"lazy\" decoding=\"async\"  src=\"https:\/\/ijfc.org.br\/wp-content\/uploads\/2025\/05\/e6-200x200.png\" alt=\"\" width=\"200\" height=\"200\" \/>\t\t\t\t\t\t\t\t\t<\/div>\n\t\t\t<\/div>\n\t\t\t\t\t<div class=\"mkdf-ig-image mkdf-item-space\">\n\t\t\t\t<div class=\"mkdf-ig-image-inner\">\n\t\t\t\t\t\t\t\t\t\t\t<img loading=\"lazy\" decoding=\"async\"  src=\"https:\/\/ijfc.org.br\/wp-content\/uploads\/2025\/05\/e7-200x200.png\" alt=\"\" width=\"200\" height=\"200\" \/>\t\t\t\t\t\t\t\t\t<\/div>\n\t\t\t<\/div>\n\t\t\t\t\t<div class=\"mkdf-ig-image mkdf-item-space\">\n\t\t\t\t<div class=\"mkdf-ig-image-inner\">\n\t\t\t\t\t\t\t\t\t\t\t<img loading=\"lazy\" decoding=\"async\"  src=\"https:\/\/ijfc.org.br\/wp-content\/uploads\/2025\/05\/e8-200x200.png\" alt=\"\" width=\"200\" height=\"200\" \/>\t\t\t\t\t\t\t\t\t<\/div>\n\t\t\t<\/div>\n\t\t\t\t\t<div class=\"mkdf-ig-image mkdf-item-space\">\n\t\t\t\t<div class=\"mkdf-ig-image-inner\">\n\t\t\t\t\t\t\t\t\t\t\t<img loading=\"lazy\" decoding=\"async\"  src=\"https:\/\/ijfc.org.br\/wp-content\/uploads\/2025\/05\/e9-200x200.png\" alt=\"\" width=\"200\" height=\"200\" \/>\t\t\t\t\t\t\t\t\t<\/div>\n\t\t\t<\/div>\n\t\t\t\t\t<div class=\"mkdf-ig-image mkdf-item-space\">\n\t\t\t\t<div class=\"mkdf-ig-image-inner\">\n\t\t\t\t\t\t\t\t\t\t\t<img loading=\"lazy\" decoding=\"async\"  src=\"https:\/\/ijfc.org.br\/wp-content\/uploads\/2025\/05\/e10-200x200.png\" alt=\"\" width=\"200\" height=\"200\" \/>\t\t\t\t\t\t\t\t\t<\/div>\n\t\t\t<\/div>\n\t\t\t\t\t<div class=\"mkdf-ig-image mkdf-item-space\">\n\t\t\t\t<div class=\"mkdf-ig-image-inner\">\n\t\t\t\t\t\t\t\t\t\t\t<img loading=\"lazy\" decoding=\"async\"  src=\"https:\/\/ijfc.org.br\/wp-content\/uploads\/2025\/05\/e11-200x200.png\" alt=\"\" width=\"200\" height=\"200\" \/>\t\t\t\t\t\t\t\t\t<\/div>\n\t\t\t<\/div>\n\t\t\t<\/div>\n<\/div>[vc_empty_space][vc_empty_space][vc_column_text]<\/p>\n<h4 style=\"text-align: center;\"><strong>Conv\u00eanio<\/strong><\/h4>\n<p><img loading=\"lazy\" decoding=\"async\" class=\"alignnone size-medium wp-image-4462 aligncenter\" src=\"http:\/\/ijfc.org.br\/wp-content\/uploads\/2025\/06\/prefeitura-300x164.png\" alt=\"\" width=\"300\" height=\"164\" srcset=\"https:\/\/ijfc.org.br\/wp-content\/uploads\/2025\/06\/prefeitura-300x164.png 300w, https:\/\/ijfc.org.br\/wp-content\/uploads\/2025\/06\/prefeitura.png 544w\" sizes=\"auto, (max-width: 300px) 100vw, 300px\" \/><\/p>\n<h4 style=\"text-align: center;\"><strong>Apoiadores<\/strong><\/h4>\n<p style=\"text-align: center;\"><img loading=\"lazy\" decoding=\"async\" class=\"alignnone wp-image-4466\" src=\"http:\/\/ijfc.org.br\/wp-content\/uploads\/2025\/06\/expo-300x156.png\" alt=\"\" width=\"144\" height=\"75\" srcset=\"https:\/\/ijfc.org.br\/wp-content\/uploads\/2025\/06\/expo-300x156.png 300w, https:\/\/ijfc.org.br\/wp-content\/uploads\/2025\/06\/expo.png 516w\" sizes=\"auto, (max-width: 144px) 100vw, 144px\" \/> <img loading=\"lazy\" decoding=\"async\" class=\"alignnone wp-image-4464\" src=\"http:\/\/ijfc.org.br\/wp-content\/uploads\/2025\/06\/cent-300x264.png\" alt=\"\" width=\"85\" height=\"75\" srcset=\"https:\/\/ijfc.org.br\/wp-content\/uploads\/2025\/06\/cent-300x264.png 300w, https:\/\/ijfc.org.br\/wp-content\/uploads\/2025\/06\/cent.png 304w\" sizes=\"auto, (max-width: 85px) 100vw, 85px\" \/> <img loading=\"lazy\" decoding=\"async\" class=\"alignnone wp-image-4467\" src=\"http:\/\/ijfc.org.br\/wp-content\/uploads\/2025\/06\/ov-300x266.png\" alt=\"\" width=\"85\" height=\"75\" srcset=\"https:\/\/ijfc.org.br\/wp-content\/uploads\/2025\/06\/ov-300x266.png 300w, https:\/\/ijfc.org.br\/wp-content\/uploads\/2025\/06\/ov.png 302w\" sizes=\"auto, (max-width: 85px) 100vw, 85px\" \/><img loading=\"lazy\" decoding=\"async\" class=\"alignnone wp-image-4468\" src=\"http:\/\/ijfc.org.br\/wp-content\/uploads\/2025\/06\/uv-300x156.png\" alt=\"\" width=\"144\" height=\"75\" srcset=\"https:\/\/ijfc.org.br\/wp-content\/uploads\/2025\/06\/uv-300x156.png 300w, https:\/\/ijfc.org.br\/wp-content\/uploads\/2025\/06\/uv.png 516w\" sizes=\"auto, (max-width: 144px) 100vw, 144px\" \/> <img loading=\"lazy\" decoding=\"async\" class=\"alignnone wp-image-4465\" src=\"http:\/\/ijfc.org.br\/wp-content\/uploads\/2025\/06\/ex-300x156.png\" alt=\"\" width=\"144\" height=\"75\" srcset=\"https:\/\/ijfc.org.br\/wp-content\/uploads\/2025\/06\/ex-300x156.png 300w, https:\/\/ijfc.org.br\/wp-content\/uploads\/2025\/06\/ex.png 516w\" sizes=\"auto, (max-width: 144px) 100vw, 144px\" \/><\/p>\n<p>[\/vc_column_text][\/vc_column][vc_column width=&#8221;1\/6&#8243;][\/vc_column][\/vc_row][vc_row simple_background_color=&#8221;#f8f8f8&#8243; css=&#8221;.vc_custom_1523968375909{padding-top: 85px !important;padding-bottom: 85px !important;}&#8221;][vc_column]<div class=\"mkdf-call-to-action-holder  mkdf-normal-layout mkdf-content-in-grid mkdf-three-quarters-columns\">\n\t<div class=\"mkdf-cta-inner mkdf-grid\">\n\t\t<div class=\"mkdf-cta-text-holder\">\n\t\t\t<div class=\"mkdf-cta-text\">\n<h4>Tem alguma d\u00favida, sugest\u00e3o ou quer nos enviar uma mensagem?<\/h4>\n<\/div>\n\t\t<\/div>\n\t\t<div class=\"mkdf-cta-button-holder\" >\n\t\t\t<div class=\"mkdf-cta-button\"><a itemprop=\"url\" href=\"https:\/\/wa.me\/5541991852062\" target=\"_self\"  class=\"mkdf-btn mkdf-btn-medium mkdf-btn-solid\"  >    <span class=\"mkdf-btn-text\">Saiba mais!<\/span>    <\/a><\/div>\n\t\t<\/div>\n\t<\/div>\n<\/div>[\/vc_column][\/vc_row]<\/p>\n","protected":false},"excerpt":{"rendered":"<p>[vc_row][vc_column width=&#8221;1\/6&#8243;][\/vc_column][vc_column width=&#8221;2\/3&#8243;][vc_empty_space][vc_empty_space][vc_single_image image=&#8221;4416&#8243; img_size=&#8221;full&#8221;][vc_empty_space][vc_column_text] O IJFC tem como objetivo o desenvolvimento de projetos sociais em comunidades menos favorecidas, atuando prioritariamente nas \u00e1reas de educa\u00e7\u00e3o, sa\u00fade e profissionaliza\u00e7\u00e3o. Suas a\u00e7\u00f5es s\u00e3o realizadas por meio de recursos financeiros pr\u00f3prios ou doa\u00e7\u00e3o [&hellip;]<\/p>\n","protected":false},"author":1,"featured_media":0,"parent":0,"menu_order":0,"comment_status":"closed","ping_status":"closed","template":"full-width.php","meta":{"footnotes":""},"class_list":["post-3535","page","type-page","status-publish","hentry"],"_links":{"self":[{"href":"https:\/\/ijfc.org.br\/index.php\/wp-json\/wp\/v2\/pages\/3535","targetHints":{"allow":["GET"]}}],"collection":[{"href":"https:\/\/ijfc.org.br\/index.php\/wp-json\/wp\/v2\/pages"}],"about":[{"href":"https:\/\/ijfc.org.br\/index.php\/wp-json\/wp\/v2\/types\/page"}],"author":[{"embeddable":true,"href":"https:\/\/ijfc.org.br\/index.php\/wp-json\/wp\/v2\/users\/1"}],"replies":[{"embeddable":true,"href":"https:\/\/ijfc.org.br\/index.php\/wp-json\/wp\/v2\/comments?post=3535"}],"version-history":[{"count":17,"href":"https:\/\/ijfc.org.br\/index.php\/wp-json\/wp\/v2\/pages\/3535\/revisions"}],"predecessor-version":[{"id":4527,"href":"https:\/\/ijfc.org.br\/index.php\/wp-json\/wp\/v2\/pages\/3535\/revisions\/4527"}],"wp:attachment":[{"href":"https:\/\/ijfc.org.br\/index.php\/wp-json\/wp\/v2\/media?parent=3535"}],"curies":[{"name":"wp","href":"https:\/\/api.w.org\/{rel}","templated":true}]}}