{"id":3512,"date":"2025-03-27T12:06:06","date_gmt":"2025-03-27T15:06:06","guid":{"rendered":"http:\/\/ijfc.org.br\/?page_id=3512"},"modified":"2025-07-16T13:56:43","modified_gmt":"2025-07-16T16:56:43","slug":"sobre","status":"publish","type":"page","link":"https:\/\/ijfc.org.br\/index.php\/sobre\/","title":{"rendered":"Jo\u00e3o Ferraz de Campos"},"content":{"rendered":"<p>[vc_row content_placement=&#8221;middle&#8221; row_content_width=&#8221;grid&#8221; css=&#8221;.vc_custom_1524046730825{padding-top: 121px !important;padding-bottom: 200px !important;}&#8221;][vc_column offset=&#8221;vc_col-lg-6 vc_col-md-12&#8243;]<div class=\"mkdf-elements-holder   mkdf-one-column  mkdf-responsive-mode-768 \" ><div class=\"mkdf-eh-item    \"  data-item-class=\"mkdf-eh-custom-4804\" data-768-1024=\"0px 0% 0px 14%\">\n\t<div class=\"mkdf-eh-item-inner\">\n\t\t<div class=\"mkdf-eh-item-content mkdf-eh-custom-4804\" style=\"padding: 0px 0% 0px 0%\">\n\t\t\t<div class=\"mkdf-single-image-holder  mkdf-has-shadow mkdf-shadow-left  mkdf-image-parallax\">\n    <div class=\"mkdf-si-inner\"  \n     data-parallax='{\"y\":75, \"smoothness\":10}' >\n                                    <img loading=\"lazy\" decoding=\"async\" width=\"1234\" height=\"1182\" src=\"https:\/\/ijfc.org.br\/wp-content\/uploads\/2025\/03\/sobre.png\" class=\"attachment-full size-full\" alt=\"\" srcset=\"https:\/\/ijfc.org.br\/wp-content\/uploads\/2025\/03\/sobre.png 1234w, https:\/\/ijfc.org.br\/wp-content\/uploads\/2025\/03\/sobre-300x287.png 300w, https:\/\/ijfc.org.br\/wp-content\/uploads\/2025\/03\/sobre-1024x981.png 1024w, https:\/\/ijfc.org.br\/wp-content\/uploads\/2025\/03\/sobre-768x736.png 768w\" sizes=\"auto, (max-width: 1234px) 100vw, 1234px\" \/>\t\t\t    <img loading=\"lazy\" decoding=\"async\" width=\"1234\" height=\"1182\" src=\"https:\/\/ijfc.org.br\/wp-content\/uploads\/2025\/03\/sobre.png\" class=\"mkdf-single-image-shadow\" alt=\"\" srcset=\"https:\/\/ijfc.org.br\/wp-content\/uploads\/2025\/03\/sobre.png 1234w, https:\/\/ijfc.org.br\/wp-content\/uploads\/2025\/03\/sobre-300x287.png 300w, https:\/\/ijfc.org.br\/wp-content\/uploads\/2025\/03\/sobre-1024x981.png 1024w, https:\/\/ijfc.org.br\/wp-content\/uploads\/2025\/03\/sobre-768x736.png 768w\" sizes=\"auto, (max-width: 1234px) 100vw, 1234px\" \/>                        <\/div>\n<\/div>\t\t<\/div>\n\t<\/div>\n<\/div><\/div>[\/vc_column][vc_column offset=&#8221;vc_col-lg-6 vc_col-md-12&#8243;]<div class=\"mkdf-elements-holder   mkdf-one-column  mkdf-responsive-mode-768 \" ><div class=\"mkdf-eh-item    \"  data-item-class=\"mkdf-eh-custom-7420\" data-768-1024=\"100px 9% 0px 13%\" data-680-768=\"100px 3% 0px 0%\" data-680=\"100px 0% 0px 0%\">\n\t<div class=\"mkdf-eh-item-inner\">\n\t\t<div class=\"mkdf-eh-item-content mkdf-eh-custom-7420\" style=\"padding: 0px 3% 30px 0%\">\n\t\t\t[vc_column_text]<\/p>\n<p style=\"text-align: justify;\">Jo\u00e3o Ferraz de Campos, que d\u00e1 nome a este Instituto, nasceu na cidade de Tiet\u00ea, Estado de S\u00e3o Paulo, no dia 15 de setembro de 1911. Filho de Isaltino Ferraz de Campos e Maria Canet Ferraz de Campos, ficou \u00f3rf\u00e3o dos pais ainda na inf\u00e2ncia, passando, ent\u00e3o, a morar com seus av\u00f3s, Jo\u00e3o Canet Capdeville e Dolores Cock Canet. Quando eles morreram, Jo\u00e3o Ferraz de Campos, ainda jovem, mudou-se para a casa de seus tios Jayme Canet e Anna Lopes Canet, em Curitiba, Paran\u00e1.<\/p>\n<p>Formou-se em Direito pela Universidade Federal do Paran\u00e1 e dedicou boa parte de sua atividade profissional ao com\u00e9rcio de caf\u00e9 que, em boa parte do s\u00e9culo passado, foi o principal produto da economia paranaense e o principal esteio do desenvolvimento do Estado. Transferiu-se de Curitiba para Paranagu\u00e1, cujo porto era um dos principais exportadores de caf\u00e9 do pa\u00eds, para cuidar dos interesses da empresa Blay Canet (depois Companhia de Armaz\u00e9ns Gerais do Paran\u00e1), da qual seu tio Jayme Canet era s\u00f3cio, sendo mais tarde seu diretor. Em Paranagu\u00e1, fundou em sociedade com a fam\u00edlia Almeida Prado a empresa Horizonte de Armaz\u00e9ns Gerais. Em Curitiba, em sociedade com Jos\u00e9 Barboza e Ayrton Nascimento fundou a empresa Vila Rica. As duas empresas se dedicavam ao armazenamento e com\u00e9rcio de caf\u00e9.<\/p>\n<p>Formou-se em Direito pela Universidade Federal do Paran\u00e1 e dedicou boa parte de sua atividade profissional ao com\u00e9rcio de caf\u00e9 que, em boa parte do s\u00e9culo passado, foi o principal produto da economia paranaense e o principal esteio do desenvolvimento do Estado. Transferiu-se de Curitiba para Paranagu\u00e1, cujo porto era um dos principais exportadores de caf\u00e9 do pa\u00eds, para cuidar dos interesses da empresa Blay Canet (depois Companhia de Armaz\u00e9ns Gerais do Paran\u00e1), da qual seu tio Jayme Canet era s\u00f3cio, sendo mais tarde seu diretor. Em Paranagu\u00e1, fundou em sociedade com a fam\u00edlia Almeida Prado a empresa Horizonte de Armaz\u00e9ns Gerais. Em Curitiba, em sociedade com Jos\u00e9 Barboza e Ayrton Nascimento fundou a empresa Vila Rica. As duas empresas se dedicavam ao armazenamento e com\u00e9rcio de caf\u00e9.[\/vc_column_text]\t\t<\/div>\n\t<\/div>\n<\/div><\/div>[\/vc_column][\/vc_row][vc_row][vc_column width=&#8221;1\/6&#8243;][\/vc_column][vc_column width=&#8221;2\/3&#8243;][vc_column_text]<\/p>\n<h4 style=\"text-align: center;\"><strong>Conv\u00eanio<\/strong><\/h4>\n<p>[\/vc_column_text][vc_column_text]<img loading=\"lazy\" decoding=\"async\" class=\"alignnone size-medium wp-image-4462 aligncenter\" src=\"http:\/\/ijfc.org.br\/wp-content\/uploads\/2025\/06\/prefeitura-300x164.png\" alt=\"\" width=\"300\" height=\"164\" srcset=\"https:\/\/ijfc.org.br\/wp-content\/uploads\/2025\/06\/prefeitura-300x164.png 300w, https:\/\/ijfc.org.br\/wp-content\/uploads\/2025\/06\/prefeitura.png 544w\" sizes=\"auto, (max-width: 300px) 100vw, 300px\" \/>[\/vc_column_text][vc_column_text]<\/p>\n<h4 style=\"text-align: center;\"><strong>Apoiadores<\/strong><\/h4>\n<p>[\/vc_column_text][vc_empty_space][vc_column_text]<\/p>\n<p style=\"text-align: center;\"><img loading=\"lazy\" decoding=\"async\" class=\"alignnone wp-image-4466\" src=\"http:\/\/ijfc.org.br\/wp-content\/uploads\/2025\/06\/expo-300x156.png\" alt=\"\" width=\"144\" height=\"75\" srcset=\"https:\/\/ijfc.org.br\/wp-content\/uploads\/2025\/06\/expo-300x156.png 300w, https:\/\/ijfc.org.br\/wp-content\/uploads\/2025\/06\/expo.png 516w\" sizes=\"auto, (max-width: 144px) 100vw, 144px\" \/> <img loading=\"lazy\" decoding=\"async\" class=\"alignnone wp-image-4464\" src=\"http:\/\/ijfc.org.br\/wp-content\/uploads\/2025\/06\/cent-300x264.png\" alt=\"\" width=\"85\" height=\"75\" srcset=\"https:\/\/ijfc.org.br\/wp-content\/uploads\/2025\/06\/cent-300x264.png 300w, https:\/\/ijfc.org.br\/wp-content\/uploads\/2025\/06\/cent.png 304w\" sizes=\"auto, (max-width: 85px) 100vw, 85px\" \/> <img loading=\"lazy\" decoding=\"async\" class=\"alignnone wp-image-4467\" src=\"http:\/\/ijfc.org.br\/wp-content\/uploads\/2025\/06\/ov-300x266.png\" alt=\"\" width=\"85\" height=\"75\" srcset=\"https:\/\/ijfc.org.br\/wp-content\/uploads\/2025\/06\/ov-300x266.png 300w, https:\/\/ijfc.org.br\/wp-content\/uploads\/2025\/06\/ov.png 302w\" sizes=\"auto, (max-width: 85px) 100vw, 85px\" \/><img loading=\"lazy\" decoding=\"async\" class=\"alignnone wp-image-4468\" src=\"http:\/\/ijfc.org.br\/wp-content\/uploads\/2025\/06\/uv-300x156.png\" alt=\"\" width=\"144\" height=\"75\" srcset=\"https:\/\/ijfc.org.br\/wp-content\/uploads\/2025\/06\/uv-300x156.png 300w, https:\/\/ijfc.org.br\/wp-content\/uploads\/2025\/06\/uv.png 516w\" sizes=\"auto, (max-width: 144px) 100vw, 144px\" \/> <img loading=\"lazy\" decoding=\"async\" class=\"alignnone wp-image-4465\" src=\"http:\/\/ijfc.org.br\/wp-content\/uploads\/2025\/06\/ex-300x156.png\" alt=\"\" width=\"144\" height=\"75\" srcset=\"https:\/\/ijfc.org.br\/wp-content\/uploads\/2025\/06\/ex-300x156.png 300w, https:\/\/ijfc.org.br\/wp-content\/uploads\/2025\/06\/ex.png 516w\" sizes=\"auto, (max-width: 144px) 100vw, 144px\" \/><\/p>\n<p>[\/vc_column_text][\/vc_column][vc_column width=&#8221;1\/6&#8243;][\/vc_column][\/vc_row][vc_row simple_background_color=&#8221;#f8f8f8&#8243; css=&#8221;.vc_custom_1523968375909{padding-top: 85px !important;padding-bottom: 85px !important;}&#8221;][vc_column]<div class=\"mkdf-call-to-action-holder  mkdf-normal-layout mkdf-content-in-grid mkdf-three-quarters-columns\">\n\t<div class=\"mkdf-cta-inner mkdf-grid\">\n\t\t<div class=\"mkdf-cta-text-holder\">\n\t\t\t<div class=\"mkdf-cta-text\">\n<h4>Tem alguma d\u00favida, sugest\u00e3o ou quer nos enviar uma mensagem?<\/h4>\n<\/div>\n\t\t<\/div>\n\t\t<div class=\"mkdf-cta-button-holder\" >\n\t\t\t<div class=\"mkdf-cta-button\"><a itemprop=\"url\" href=\"https:\/\/wa.me\/5541991852062\" target=\"_self\"  class=\"mkdf-btn mkdf-btn-medium mkdf-btn-solid\"  >    <span class=\"mkdf-btn-text\">Saiba mais!<\/span>    <\/a><\/div>\n\t\t<\/div>\n\t<\/div>\n<\/div>[\/vc_column][\/vc_row]<\/p>\n","protected":false},"excerpt":{"rendered":"<p>[vc_row content_placement=&#8221;middle&#8221; row_content_width=&#8221;grid&#8221; css=&#8221;.vc_custom_1524046730825{padding-top: 121px !important;padding-bottom: 200px !important;}&#8221;][vc_column offset=&#8221;vc_col-lg-6 vc_col-md-12&#8243;][\/vc_column][vc_column offset=&#8221;vc_col-lg-6 vc_col-md-12&#8243;][\/vc_column][\/vc_row][vc_row][vc_column width=&#8221;1\/6&#8243;][\/vc_column][vc_column width=&#8221;2\/3&#8243;][vc_column_text] Conv\u00eanio [\/vc_column_text][vc_column_text][\/vc_column_text][vc_column_text] Apoiadores [\/vc_column_text][vc_empty_space][vc_column_text] [\/vc_column_text][\/vc_column][vc_column width=&#8221;1\/6&#8243;][\/vc_column][\/vc_row][vc_row simple_background_color=&#8221;#f8f8f8&#8243; css=&#8221;.vc_custom_1523968375909{padding-top: 85px !important;padding-bottom: 85px !important;}&#8221;][vc_column][\/vc_column][\/vc_row]<\/p>\n","protected":false},"author":1,"featured_media":0,"parent":0,"menu_order":0,"comment_status":"closed","ping_status":"closed","template":"full-width.php","meta":{"footnotes":""},"class_list":["post-3512","page","type-page","status-publish","hentry"],"_links":{"self":[{"href":"https:\/\/ijfc.org.br\/index.php\/wp-json\/wp\/v2\/pages\/3512","targetHints":{"allow":["GET"]}}],"collection":[{"href":"https:\/\/ijfc.org.br\/index.php\/wp-json\/wp\/v2\/pages"}],"about":[{"href":"https:\/\/ijfc.org.br\/index.php\/wp-json\/wp\/v2\/types\/page"}],"author":[{"embeddable":true,"href":"https:\/\/ijfc.org.br\/index.php\/wp-json\/wp\/v2\/users\/1"}],"replies":[{"embeddable":true,"href":"https:\/\/ijfc.org.br\/index.php\/wp-json\/wp\/v2\/comments?post=3512"}],"version-history":[{"count":15,"href":"https:\/\/ijfc.org.br\/index.php\/wp-json\/wp\/v2\/pages\/3512\/revisions"}],"predecessor-version":[{"id":4526,"href":"https:\/\/ijfc.org.br\/index.php\/wp-json\/wp\/v2\/pages\/3512\/revisions\/4526"}],"wp:attachment":[{"href":"https:\/\/ijfc.org.br\/index.php\/wp-json\/wp\/v2\/media?parent=3512"}],"curies":[{"name":"wp","href":"https:\/\/api.w.org\/{rel}","templated":true}]}}